{"id":76575,"date":"2021-02-21T19:46:58","date_gmt":"2021-02-21T19:46:58","guid":{"rendered":"https:\/\/www.autonvaraosahaku.fi\/?product=febi-bilstein-06676-taka-akselin-puslat"},"modified":"2021-02-21T19:46:59","modified_gmt":"2021-02-21T19:46:59","slug":"febi-bilstein-06676-taka-akselin-puslat","status":"publish","type":"product","link":"https:\/\/www.autonvaraosahaku.fi\/?product=febi-bilstein-06676-taka-akselin-puslat","title":{"rendered":"FEBI BILSTEIN 06676 Taka-akselin puslat"},"content":{"rendered":"<p>Leveys (mm): 58,0; Sis\u00e4l\u00e4pimitta [mm]: 16,0; Ulkol\u00e4pimitta [mm]: 61,0; Materiaali: Kumi-metalli; Asennuspuoli: Taka-akseli, molemminpuolinen, Edess\u00e4; Kiinnitysmalli: Hydrolaakeri, Hydrolaakeri; Paino [kg]: 0,74, 0,74; Moottorinumero: M102; MERCEDES-BENZ: C-CLASS W202,190 W201,Stufenheck W124,CLK C208,C-CLASS Kombi S202,KOMBI Kombi S124,E-CLASS W124,CLK Cabriolet A208,COUPE C124,E-CLASS Kombi S124,E-CLASS Cabriolet A124,E-CLASS Coupe C124; CHRYSLER: CROSSFIRE,CROSSFIRE Roadster; 05139237AA, 5139237AA, 1243500341, 1243506408, A1243500341, A1243506408<\/p>\n","protected":false},"excerpt":{"rendered":"<p>FEBI BILSTEIN Korjaussarja, Akselirunko 06676  MERCEDES-BENZ,CHRYSLER,C-CLASS W202,190 W201,Stufenheck W124,CLK C208,C-CLASS Kombi S202<\/p>\n","protected":false},"featured_media":0,"template":"","meta":{"site-sidebar-layout":"default","site-content-layout":"default","ast-global-header-display":"","ast-main-header-display":"","ast-hfb-above-header-display":"","ast-hfb-below-header-display":"","ast-hfb-mobile-header-display":"","site-post-title":"","ast-breadcrumbs-content":"","ast-featured-img":"","footer-sml-layout":"","theme-transparent-header-meta":"","adv-header-id-meta":"","stick-header-meta":"","header-above-stick-meta":"","header-main-stick-meta":"","header-below-stick-meta":""},"pwb-brand":[50],"product_cat":[156],"product_tag":[],"class_list":{"0":"post-76575","1":"product","2":"type-product","3":"status-publish","5":"pwb-brand-febi-bilstein","6":"product_cat-taka-akselin-puslat","7":"desktop-align-left","8":"tablet-align-left","9":"mobile-align-left","11":"first","12":"instock","13":"product-type-external"},"brands":[{"id":50,"name":"FEBI BILSTEIN","slug":"febi-bilstein"}],"_links":{"self":[{"href":"https:\/\/www.autonvaraosahaku.fi\/index.php?rest_route=\/wp\/v2\/product\/76575","targetHints":{"allow":["GET"]}}],"collection":[{"href":"https:\/\/www.autonvaraosahaku.fi\/index.php?rest_route=\/wp\/v2\/product"}],"about":[{"href":"https:\/\/www.autonvaraosahaku.fi\/index.php?rest_route=\/wp\/v2\/types\/product"}],"wp:attachment":[{"href":"https:\/\/www.autonvaraosahaku.fi\/index.php?rest_route=%2Fwp%2Fv2%2Fmedia&parent=76575"}],"wp:term":[{"taxonomy":"pwb-brand","embeddable":true,"href":"https:\/\/www.autonvaraosahaku.fi\/index.php?rest_route=%2Fwp%2Fv2%2Fpwb-brand&post=76575"},{"taxonomy":"product_cat","embeddable":true,"href":"https:\/\/www.autonvaraosahaku.fi\/index.php?rest_route=%2Fwp%2Fv2%2Fproduct_cat&post=76575"},{"taxonomy":"product_tag","embeddable":true,"href":"https:\/\/www.autonvaraosahaku.fi\/index.php?rest_route=%2Fwp%2Fv2%2Fproduct_tag&post=76575"}],"curies":[{"name":"wp","href":"https:\/\/api.w.org\/{rel}","templated":true}]}}