{"id":76595,"date":"2021-02-21T19:47:05","date_gmt":"2021-02-21T19:47:05","guid":{"rendered":"https:\/\/www.autonvaraosahaku.fi\/?product=magneti-marelli-357022080000-iskunvaimennin"},"modified":"2021-02-21T19:47:07","modified_gmt":"2021-02-21T19:47:07","slug":"magneti-marelli-357022080000-iskunvaimennin","status":"publish","type":"product","link":"https:\/\/www.autonvaraosahaku.fi\/?product=magneti-marelli-357022080000-iskunvaimennin","title":{"rendered":"MAGNETI MARELLI 357022080000 Iskunvaimennin"},"content":{"rendered":"<p>Asennuspuoli: Taka-akseli; Iskunvaimennin malli: Vaimennin, jousituella; Iskunvaimennin asennustapa: Tappi ylh\u00e4\u00e4ll\u00e4; Iskunvaimennusj\u00e4rjestelm\u00e4: Kaksiputki; Iskunvaimennin tyyppi: \u00d6ljypaine; Valmistusvuoteen: 02\/1997; CITRO\u00cbN: XSARA N1,XSARA Break N2,XSARA Coupe N0,ZX N2; PEUGEOT: 306 Schr\u00e4gheck 7A, 7C, N3, N5,205 II 20A\/C,306 7B, N3, N5,205 I Cabriolet 741B, 20D,309 II 3C, 3A,205 I 741A\/C,309 I 10C, 10A,205 Kasten; 00005206L7, 00005206L8, 00005206L9, 00005206N0, 00005206N2, 00005206N3, 00005206N5, 00005206Q3, 00005206V4, 00005206V7, 5206, 52060, 520600, 520645, 520647, 520654, 520655, 520656, 520657, 520660, 520661, 520680, 520691, 520692, 520695, 520696, 520699, 5206A0, 5206A2, 5206C7, 5206K1, 5206K2, 5206K3, 5206K4, 5206K5, 5206K6, 5206K7, 5206K8, 5206K9, 5206L1, 5206L2, 5206L3, 5206L4, 5206L5, 5206N0, 5206N6, 5206R7, 96000265, 960083765, 96083765, 96157280, 9615728080, 9751257080, 9751383980, 9753238280, 00005202W4, 520637, 520643, 520655, 520697, 5206C7, 5206E1, 5206E2, 5206S6, 9751725980, 9753124480; Iskarit,Iskunvaimennin<\/p>\n","protected":false},"excerpt":{"rendered":"<p>MAGNETI MARELLI Iskunvaimentimet 357022080000 Iskarit,Iskunvaimennin CITRO\u00cbN,PEUGEOT,XSARA N1,XSARA Break N2,XSARA Coupe N0,ZX N2<\/p>\n","protected":false},"featured_media":0,"template":"","meta":{"site-sidebar-layout":"default","site-content-layout":"default","ast-global-header-display":"","ast-main-header-display":"","ast-hfb-above-header-display":"","ast-hfb-below-header-display":"","ast-hfb-mobile-header-display":"","site-post-title":"","ast-breadcrumbs-content":"","ast-featured-img":"","footer-sml-layout":"","theme-transparent-header-meta":"","adv-header-id-meta":"","stick-header-meta":"","header-above-stick-meta":"","header-main-stick-meta":"","header-below-stick-meta":""},"pwb-brand":[34],"product_cat":[80],"product_tag":[],"class_list":{"0":"post-76595","1":"product","2":"type-product","3":"status-publish","5":"pwb-brand-magneti-marelli","6":"product_cat-iskunvaimennin","7":"desktop-align-left","8":"tablet-align-left","9":"mobile-align-left","11":"first","12":"instock","13":"product-type-external"},"brands":[{"id":34,"name":"MAGNETI MARELLI","slug":"magneti-marelli"}],"_links":{"self":[{"href":"https:\/\/www.autonvaraosahaku.fi\/index.php?rest_route=\/wp\/v2\/product\/76595","targetHints":{"allow":["GET"]}}],"collection":[{"href":"https:\/\/www.autonvaraosahaku.fi\/index.php?rest_route=\/wp\/v2\/product"}],"about":[{"href":"https:\/\/www.autonvaraosahaku.fi\/index.php?rest_route=\/wp\/v2\/types\/product"}],"wp:attachment":[{"href":"https:\/\/www.autonvaraosahaku.fi\/index.php?rest_route=%2Fwp%2Fv2%2Fmedia&parent=76595"}],"wp:term":[{"taxonomy":"pwb-brand","embeddable":true,"href":"https:\/\/www.autonvaraosahaku.fi\/index.php?rest_route=%2Fwp%2Fv2%2Fpwb-brand&post=76595"},{"taxonomy":"product_cat","embeddable":true,"href":"https:\/\/www.autonvaraosahaku.fi\/index.php?rest_route=%2Fwp%2Fv2%2Fproduct_cat&post=76595"},{"taxonomy":"product_tag","embeddable":true,"href":"https:\/\/www.autonvaraosahaku.fi\/index.php?rest_route=%2Fwp%2Fv2%2Fproduct_tag&post=76595"}],"curies":[{"name":"wp","href":"https:\/\/api.w.org\/{rel}","templated":true}]}}