{"id":76614,"date":"2021-02-21T19:47:12","date_gmt":"2021-02-21T19:47:12","guid":{"rendered":"https:\/\/www.autonvaraosahaku.fi\/?product=ajusa-13007600-pakosarjan-tiivisteet"},"modified":"2021-02-21T19:47:13","modified_gmt":"2021-02-21T19:47:13","slug":"ajusa-13007600-pakosarjan-tiivisteet","status":"publish","type":"product","link":"https:\/\/www.autonvaraosahaku.fi\/?product=ajusa-13007600-pakosarjan-tiivisteet","title":{"rendered":"AJUSA 13007600 Pakosarjan tiivisteet"},"content":{"rendered":"<p>Asennuspuoli: Pakosarja; Paksuus [mm]: 0,5; Leveys (mm): 48; Pituus (mm): 77; Paino [g]: 5,641; Tarvittava kappalem\u00e4\u00e4r\u00e4: 4; VW: TRANSPORTER III Bus,KAEFER,KAEFER Cabriolet 15,TRANSPORTER III Kasten,TRANSPORTER II Bus,SAFARI,1500,1600 Variant 36,1500,1600 31,TRANSPORTER I Bus 22, 24, 25, 28,KARMANN GHIA Coupe 14, 34,1500,1600 Schr\u00e4gheck 31,TRANSPORTER II Kasten,KARMANN GHIA Cabriolet 14, 34,TRANSPORTER I Pritsche\/Fahrgestell 26,TRANSPORTER II Pritsche\/Fahrgestell,TRANSPORTER I Kasten 21, 23; 111251261B, 111251261C; Tiiviste, Pakosarja<\/p>\n","protected":false},"excerpt":{"rendered":"<p>AJUSA Pakosarjan Tiivisteet 13007600 Tiiviste, Pakosarja VW,TRANSPORTER III Bus,KAEFER,KAEFER Cabriolet 15,TRANSPORTER III Kasten,TRANSPORTER II Bus<\/p>\n","protected":false},"featured_media":0,"template":"","meta":{"site-sidebar-layout":"default","site-content-layout":"default","ast-global-header-display":"","ast-main-header-display":"","ast-hfb-above-header-display":"","ast-hfb-below-header-display":"","ast-hfb-mobile-header-display":"","site-post-title":"","ast-breadcrumbs-content":"","ast-featured-img":"","footer-sml-layout":"","theme-transparent-header-meta":"","adv-header-id-meta":"","stick-header-meta":"","header-above-stick-meta":"","header-main-stick-meta":"","header-below-stick-meta":""},"pwb-brand":[211],"product_cat":[123],"product_tag":[],"class_list":{"0":"post-76614","1":"product","2":"type-product","3":"status-publish","5":"pwb-brand-ajusa","6":"product_cat-pakosarjan-tiivisteet","7":"desktop-align-left","8":"tablet-align-left","9":"mobile-align-left","11":"first","12":"instock","13":"product-type-external"},"brands":[{"id":211,"name":"AJUSA","slug":"ajusa"}],"_links":{"self":[{"href":"https:\/\/www.autonvaraosahaku.fi\/index.php?rest_route=\/wp\/v2\/product\/76614","targetHints":{"allow":["GET"]}}],"collection":[{"href":"https:\/\/www.autonvaraosahaku.fi\/index.php?rest_route=\/wp\/v2\/product"}],"about":[{"href":"https:\/\/www.autonvaraosahaku.fi\/index.php?rest_route=\/wp\/v2\/types\/product"}],"wp:attachment":[{"href":"https:\/\/www.autonvaraosahaku.fi\/index.php?rest_route=%2Fwp%2Fv2%2Fmedia&parent=76614"}],"wp:term":[{"taxonomy":"pwb-brand","embeddable":true,"href":"https:\/\/www.autonvaraosahaku.fi\/index.php?rest_route=%2Fwp%2Fv2%2Fpwb-brand&post=76614"},{"taxonomy":"product_cat","embeddable":true,"href":"https:\/\/www.autonvaraosahaku.fi\/index.php?rest_route=%2Fwp%2Fv2%2Fproduct_cat&post=76614"},{"taxonomy":"product_tag","embeddable":true,"href":"https:\/\/www.autonvaraosahaku.fi\/index.php?rest_route=%2Fwp%2Fv2%2Fproduct_tag&post=76614"}],"curies":[{"name":"wp","href":"https:\/\/api.w.org\/{rel}","templated":true}]}}