{"id":76621,"date":"2021-02-21T19:47:12","date_gmt":"2021-02-21T19:47:12","guid":{"rendered":"https:\/\/www.autonvaraosahaku.fi\/?product=calorstat-by-vernet-rc0058-jaahdyttimen-korkki"},"modified":"2021-02-21T19:47:15","modified_gmt":"2021-02-21T19:47:15","slug":"calorstat-by-vernet-rc0058-jaahdyttimen-korkki","status":"publish","type":"product","link":"https:\/\/www.autonvaraosahaku.fi\/?product=calorstat-by-vernet-rc0058-jaahdyttimen-korkki","title":{"rendered":"CALORSTAT by Vernet RC0058 J\u00e4\u00e4hdyttimen korkki"},"content":{"rendered":"<p>Paine (bar): 1,1; Valmistusvuosi alkaen: 05\/1990; VW: PASSAT Variant 3A5, 35I,POLO 86C, 80,PASSAT 3A2, 35I,PASSAT Variant 32B,PASSAT 32B,POLO 86,SCIROCCO 53,PASSAT 32,PASSAT Stufenheck 32B,PASSAT Variant 33; MERCEDES-BENZ: 190 W201,Stufenheck W124,SL R107,Stufenheck W123,KOMBI Kombi S124,COUPE C124,COUPE C123,S-CLASS W116,KOMBI Kombi S123,T1 Bus 601,100 Bus 631,SL Coupe C107,100 Kasten 631,T1 Pritsche\/Fahrgestell 601,T1 Kasten 601,100 Pritsche\/Fahrgestell 631,CABRIOLET A124; OPEL: KADETT C Coupe,REKORD E 17_-19_, 11_, 14_, 16_,SENATOR A 29_,KADETT D 31_-34_, 41_-44_,REKORD D,REKORD E Caravan 61_, 66_, 67_,REKORD D Coupe,KADETT D Caravan 35_, 36_, 45_, 46_,REKORD D Caravan,OLYMPIA A Coupe,OLYMPIA A; FORD: FIESTA I GFBT,FIESTA II FBD,FIESTA Kasten FVD,FIESTA Kasten WFVT; CITRO\u00cbN: AX ZA-_,BX XB-_,CX II,CX I MA,BX Break XB-_,CX II Break,CX I Break MA; JAGUAR: XJ XJ 40, 81,XJSC Convertible,XJ Coupe; TALBOT: SAMBA Cabriolet 51E,SAMBA 51A; 6045648, 6103128, 6110459, 6127831, 77FB8100B1C, 6315000020; Korkki, J\u00e4\u00e4hdytin<\/p>\n","protected":false},"excerpt":{"rendered":"<p>CALORSTAT by Vernet J\u00e4\u00e4hdyttimen Korkki RC0058 Korkki, J\u00e4\u00e4hdytin VW,MERCEDES-BENZ,OPEL,PASSAT Variant 3A5, 35I,POLO 86C, 80,PASSAT 3A2, 35I<\/p>\n","protected":false},"featured_media":0,"template":"","meta":{"site-sidebar-layout":"default","site-content-layout":"default","ast-global-header-display":"","ast-main-header-display":"","ast-hfb-above-header-display":"","ast-hfb-below-header-display":"","ast-hfb-mobile-header-display":"","site-post-title":"","ast-breadcrumbs-content":"","ast-featured-img":"","footer-sml-layout":"","theme-transparent-header-meta":"","adv-header-id-meta":"","stick-header-meta":"","header-above-stick-meta":"","header-main-stick-meta":"","header-below-stick-meta":""},"pwb-brand":[343],"product_cat":[173],"product_tag":[],"class_list":{"0":"post-76621","1":"product","2":"type-product","3":"status-publish","5":"pwb-brand-calorstat-by-vernet","6":"product_cat-jaahdyttimen-korkki","7":"desktop-align-left","8":"tablet-align-left","9":"mobile-align-left","11":"first","12":"instock","13":"product-type-external"},"brands":[{"id":343,"name":"CALORSTAT by Vernet","slug":"calorstat-by-vernet"}],"_links":{"self":[{"href":"https:\/\/www.autonvaraosahaku.fi\/index.php?rest_route=\/wp\/v2\/product\/76621","targetHints":{"allow":["GET"]}}],"collection":[{"href":"https:\/\/www.autonvaraosahaku.fi\/index.php?rest_route=\/wp\/v2\/product"}],"about":[{"href":"https:\/\/www.autonvaraosahaku.fi\/index.php?rest_route=\/wp\/v2\/types\/product"}],"wp:attachment":[{"href":"https:\/\/www.autonvaraosahaku.fi\/index.php?rest_route=%2Fwp%2Fv2%2Fmedia&parent=76621"}],"wp:term":[{"taxonomy":"pwb-brand","embeddable":true,"href":"https:\/\/www.autonvaraosahaku.fi\/index.php?rest_route=%2Fwp%2Fv2%2Fpwb-brand&post=76621"},{"taxonomy":"product_cat","embeddable":true,"href":"https:\/\/www.autonvaraosahaku.fi\/index.php?rest_route=%2Fwp%2Fv2%2Fproduct_cat&post=76621"},{"taxonomy":"product_tag","embeddable":true,"href":"https:\/\/www.autonvaraosahaku.fi\/index.php?rest_route=%2Fwp%2Fv2%2Fproduct_tag&post=76621"}],"curies":[{"name":"wp","href":"https:\/\/api.w.org\/{rel}","templated":true}]}}