{"id":76633,"date":"2021-02-21T19:47:20","date_gmt":"2021-02-21T19:47:20","guid":{"rendered":"https:\/\/www.autonvaraosahaku.fi\/?product=ufi-24-one-00-polttoainesuodatin"},"modified":"2021-02-21T19:47:22","modified_gmt":"2021-02-21T19:47:22","slug":"ufi-24-one-00-polttoainesuodatin","status":"publish","type":"product","link":"https:\/\/www.autonvaraosahaku.fi\/?product=ufi-24-one-00-polttoainesuodatin","title":{"rendered":"UFI 24.ONE.00 Polttoainesuodatin"},"content":{"rendered":"<p>Ulkol\u00e4pimitta [mm]: 84,5; Sis\u00e4\u00e4ntulol\u00e4pimitta [mm]: 9,5; Ulostulon l\u00e4pimitta [mm]: 8,0; Korkeus (mm): 205,0; Pakokaasunormi: Euro 4 (D4); FORD: KA RU8; FIAT: GRANDE PUNTO 199,PUNTO EVO 199,PUNTO 199,QUBO 225,FIORINO Kasten\/Kombi 225,PUNTO Van 199; TATA (TELCO): INDICA VISTA; 71773194, 77363804, 1578143, 9S519155BB<\/p>\n","protected":false},"excerpt":{"rendered":"<p>UFI Polttoainesuodatin 24.ONE.00  FORD,FIAT,TATA (TELCO),KA RU8,GRANDE PUNTO 199,PUNTO EVO 199,PUNTO 199,QUBO 225,FIORINO Kasten\/Kombi 225<\/p>\n","protected":false},"featured_media":0,"template":"","meta":{"site-sidebar-layout":"default","site-content-layout":"default","ast-global-header-display":"","ast-main-header-display":"","ast-hfb-above-header-display":"","ast-hfb-below-header-display":"","ast-hfb-mobile-header-display":"","site-post-title":"","ast-breadcrumbs-content":"","ast-featured-img":"","footer-sml-layout":"","theme-transparent-header-meta":"","adv-header-id-meta":"","stick-header-meta":"","header-above-stick-meta":"","header-main-stick-meta":"","header-below-stick-meta":""},"pwb-brand":[109],"product_cat":[29],"product_tag":[],"class_list":{"0":"post-76633","1":"product","2":"type-product","3":"status-publish","5":"pwb-brand-ufi","6":"product_cat-polttoainesuodatin","7":"desktop-align-left","8":"tablet-align-left","9":"mobile-align-left","11":"first","12":"instock","13":"product-type-external"},"brands":[{"id":109,"name":"UFI","slug":"ufi"}],"_links":{"self":[{"href":"https:\/\/www.autonvaraosahaku.fi\/index.php?rest_route=\/wp\/v2\/product\/76633","targetHints":{"allow":["GET"]}}],"collection":[{"href":"https:\/\/www.autonvaraosahaku.fi\/index.php?rest_route=\/wp\/v2\/product"}],"about":[{"href":"https:\/\/www.autonvaraosahaku.fi\/index.php?rest_route=\/wp\/v2\/types\/product"}],"wp:attachment":[{"href":"https:\/\/www.autonvaraosahaku.fi\/index.php?rest_route=%2Fwp%2Fv2%2Fmedia&parent=76633"}],"wp:term":[{"taxonomy":"pwb-brand","embeddable":true,"href":"https:\/\/www.autonvaraosahaku.fi\/index.php?rest_route=%2Fwp%2Fv2%2Fpwb-brand&post=76633"},{"taxonomy":"product_cat","embeddable":true,"href":"https:\/\/www.autonvaraosahaku.fi\/index.php?rest_route=%2Fwp%2Fv2%2Fproduct_cat&post=76633"},{"taxonomy":"product_tag","embeddable":true,"href":"https:\/\/www.autonvaraosahaku.fi\/index.php?rest_route=%2Fwp%2Fv2%2Fproduct_tag&post=76633"}],"curies":[{"name":"wp","href":"https:\/\/api.w.org\/{rel}","templated":true}]}}