{"id":76647,"date":"2021-02-21T19:47:20","date_gmt":"2021-02-21T19:47:20","guid":{"rendered":"https:\/\/www.autonvaraosahaku.fi\/?product=triscan-8610-1-jaahdyttimen-korkki"},"modified":"2021-02-21T19:47:26","modified_gmt":"2021-02-21T19:47:26","slug":"triscan-8610-1-jaahdyttimen-korkki","status":"publish","type":"product","link":"https:\/\/www.autonvaraosahaku.fi\/?product=triscan-8610-1-jaahdyttimen-korkki","title":{"rendered":"TRISCAN 8610 1 J\u00e4\u00e4hdyttimen korkki"},"content":{"rendered":"<p>Paine (bar): 0,5; Paine: 7; L\u00e4pimitta [mm]: 58,9; Korkeus (mm): 29; Valmistusvuoteen: 12\/1982; SKODA: 105,120 742,105,120 744,130,RAPID 120G, 130G, 135G; SEAT: IBIZA I 021A,MALAGA 023A,RONDA 022A; LADA: NIVA 2121,1200-1600,1200-1500 Kombi,NOVA 2105,NOVA Kombi 2104; VOLVO: P 544,P 1800,P 121,164,140 142, 144,66,P 122 S AMAZON,140 Kombi 145,P 122 S AMAZON Kombi,66 Kombi; JAGUAR: E-TYPE,E-TYPE 2+2; LANCIA: A 112; FIAT: X 1\/9 128 AS,RITMO I 138A,132; ALFA ROMEO: ALFETTA GT 116,33 905,ALFETTA 116,ALFASUD 901,GIULIETTA 116,33 Sportwagon 905A; PEUGEOT: J5 Pritsche\/Fahrgestell 280L,J5 Pritsche\/Fahrgestell 290L,J5 Bus 290P,J5 Kasten 290L,J5 Bus 280P,504 A_, M_,404,504 Break D_, F_,404 Cabriolet; AUTOBIANCHI: A 112; 1304010, 4256223, 4256227, 1304010, 4256223, 4256227, 1304010, 4256223, 4256227, B2AZ8100F, D3HZ8100A, E0HZ8100A, E2NN8100AA, E6HT8100AA, E6HZ8100D, E8TH8100BA, C18460, 21011304010, 1304010, 4256223, 4256227, 6410878, HB11701200, HB11701200; Korkki, J\u00e4\u00e4hdytin<\/p>\n","protected":false},"excerpt":{"rendered":"<p>TRISCAN J\u00e4\u00e4hdyttimen Korkki 8610 1 Korkki, J\u00e4\u00e4hdytin SKODA,SEAT,LADA,105,120 742,105,120 744,130,RAPID 120G, 130G, 135G,IBIZA I 021A,MALAGA 023A<\/p>\n","protected":false},"featured_media":0,"template":"","meta":{"site-sidebar-layout":"default","site-content-layout":"default","ast-global-header-display":"","ast-main-header-display":"","ast-hfb-above-header-display":"","ast-hfb-below-header-display":"","ast-hfb-mobile-header-display":"","site-post-title":"","ast-breadcrumbs-content":"","ast-featured-img":"","footer-sml-layout":"","theme-transparent-header-meta":"","adv-header-id-meta":"","stick-header-meta":"","header-above-stick-meta":"","header-main-stick-meta":"","header-below-stick-meta":""},"pwb-brand":[337],"product_cat":[173],"product_tag":[],"class_list":{"0":"post-76647","1":"product","2":"type-product","3":"status-publish","5":"pwb-brand-triscan","6":"product_cat-jaahdyttimen-korkki","7":"desktop-align-left","8":"tablet-align-left","9":"mobile-align-left","11":"first","12":"instock","13":"product-type-external"},"brands":[{"id":337,"name":"TRISCAN","slug":"triscan"}],"_links":{"self":[{"href":"https:\/\/www.autonvaraosahaku.fi\/index.php?rest_route=\/wp\/v2\/product\/76647","targetHints":{"allow":["GET"]}}],"collection":[{"href":"https:\/\/www.autonvaraosahaku.fi\/index.php?rest_route=\/wp\/v2\/product"}],"about":[{"href":"https:\/\/www.autonvaraosahaku.fi\/index.php?rest_route=\/wp\/v2\/types\/product"}],"wp:attachment":[{"href":"https:\/\/www.autonvaraosahaku.fi\/index.php?rest_route=%2Fwp%2Fv2%2Fmedia&parent=76647"}],"wp:term":[{"taxonomy":"pwb-brand","embeddable":true,"href":"https:\/\/www.autonvaraosahaku.fi\/index.php?rest_route=%2Fwp%2Fv2%2Fpwb-brand&post=76647"},{"taxonomy":"product_cat","embeddable":true,"href":"https:\/\/www.autonvaraosahaku.fi\/index.php?rest_route=%2Fwp%2Fv2%2Fproduct_cat&post=76647"},{"taxonomy":"product_tag","embeddable":true,"href":"https:\/\/www.autonvaraosahaku.fi\/index.php?rest_route=%2Fwp%2Fv2%2Fproduct_tag&post=76647"}],"curies":[{"name":"wp","href":"https:\/\/api.w.org\/{rel}","templated":true}]}}