{"id":76650,"date":"2021-02-21T19:47:28","date_gmt":"2021-02-21T19:47:28","guid":{"rendered":"https:\/\/www.autonvaraosahaku.fi\/?product=a-b-s-3925-jarrupaineensaadin"},"modified":"2021-02-21T19:47:28","modified_gmt":"2021-02-21T19:47:28","slug":"a-b-s-3925-jarrupaineensaadin","status":"publish","type":"product","link":"https:\/\/www.autonvaraosahaku.fi\/?product=a-b-s-3925-jarrupaineensaadin","title":{"rendered":"A.B.S. 3925 Jarrupaineens\u00e4\u00e4din"},"content":{"rendered":"<p>Asennuspuoli: Takana; Jarruj\u00e4rjestelm\u00e4: BOSCH\/BENDIX; Kierremitta: M10x1.25; Paino [kg]: 0,37; Alustanumeroon: 73500; IVECO: DAILY I Pritsche\/Fahrgestell,DAILY I Kasten\/Kombi; LANCIA: BETA Spider 828BS,BETA Coupe 828BC,BETA MONTE CARLO 137AS, 137BS,Y10 156,BETA  H.P.E. 828BF,GAMMA Coupe,BETA 828_B_,TREVI 828DB; FIAT: DUCATO Kasten 280,DUCATO Panorama 280; CITRO\u00cbN: C25 Bus 280_, 290_,C25 Pritsche\/Fahrgestell 280_, 290_,C25 Kasten 280_, 290_; PEUGEOT: J5 Pritsche\/Fahrgestell 280L,J5 Kasten 280L,J5 Bus 290P,J5 Kasten 290L,J5 Bus 280P; AUTOBIANCHI: Y10; 486132, ZF00790649, ZF00791462, 4379878, 4398075, 790469, 790520, 790649, 791401, 791461, 791462, 4178751, 4277473, 4717085, 4717095, 4791418, 4792417, 791662, 4379878, 4398075, 791461, 791462, 486132, 486132<\/p>\n","protected":false},"excerpt":{"rendered":"<p>A.B.S. Jarrupaineens\u00e4\u00e4din 3925  IVECO,LANCIA,FIAT,DAILY I Pritsche\/Fahrgestell,DAILY I Kasten\/Kombi,BETA Spider 828BS,BETA Coupe 828BC<\/p>\n","protected":false},"featured_media":0,"template":"","meta":{"site-sidebar-layout":"default","site-content-layout":"default","ast-global-header-display":"","ast-main-header-display":"","ast-hfb-above-header-display":"","ast-hfb-below-header-display":"","ast-hfb-mobile-header-display":"","site-post-title":"","ast-breadcrumbs-content":"","ast-featured-img":"","footer-sml-layout":"","theme-transparent-header-meta":"","adv-header-id-meta":"","stick-header-meta":"","header-above-stick-meta":"","header-main-stick-meta":"","header-below-stick-meta":""},"pwb-brand":[326],"product_cat":[488],"product_tag":[],"class_list":{"0":"post-76650","1":"product","2":"type-product","3":"status-publish","5":"pwb-brand-a-b-s","6":"product_cat-jarrupaineensaadin","7":"desktop-align-left","8":"tablet-align-left","9":"mobile-align-left","11":"first","12":"instock","13":"product-type-external"},"brands":[{"id":326,"name":"A.B.S.","slug":"a-b-s"}],"_links":{"self":[{"href":"https:\/\/www.autonvaraosahaku.fi\/index.php?rest_route=\/wp\/v2\/product\/76650","targetHints":{"allow":["GET"]}}],"collection":[{"href":"https:\/\/www.autonvaraosahaku.fi\/index.php?rest_route=\/wp\/v2\/product"}],"about":[{"href":"https:\/\/www.autonvaraosahaku.fi\/index.php?rest_route=\/wp\/v2\/types\/product"}],"wp:attachment":[{"href":"https:\/\/www.autonvaraosahaku.fi\/index.php?rest_route=%2Fwp%2Fv2%2Fmedia&parent=76650"}],"wp:term":[{"taxonomy":"pwb-brand","embeddable":true,"href":"https:\/\/www.autonvaraosahaku.fi\/index.php?rest_route=%2Fwp%2Fv2%2Fpwb-brand&post=76650"},{"taxonomy":"product_cat","embeddable":true,"href":"https:\/\/www.autonvaraosahaku.fi\/index.php?rest_route=%2Fwp%2Fv2%2Fproduct_cat&post=76650"},{"taxonomy":"product_tag","embeddable":true,"href":"https:\/\/www.autonvaraosahaku.fi\/index.php?rest_route=%2Fwp%2Fv2%2Fproduct_tag&post=76650"}],"curies":[{"name":"wp","href":"https:\/\/api.w.org\/{rel}","templated":true}]}}