{"id":76685,"date":"2021-02-21T19:47:35","date_gmt":"2021-02-21T19:47:35","guid":{"rendered":"https:\/\/www.autonvaraosahaku.fi\/?product=a-b-s-18237-jarrulevyt"},"modified":"2021-02-21T19:47:40","modified_gmt":"2021-02-21T19:47:40","slug":"a-b-s-18237-jarrulevyt","status":"publish","type":"product","link":"https:\/\/www.autonvaraosahaku.fi\/?product=a-b-s-18237-jarrulevyt","title":{"rendered":"A.B.S. 18237 Jarrulevyt"},"content":{"rendered":"<p>Ulkol\u00e4pimitta [mm]: 284; Jarrulevyn paksuus (mm): 10; V\u00e4himm\u00e4ispaksuus (mm): 8,5; Korkeus (mm): 25,8; Vanne, aukkoja: 5; Jarrulevytyyppi: Vakiomalli; keskitt\u00e4misl\u00e4pimitta [mm]: 76; Pinta: pinnoitettu; Paino [kg]: 4,07; Tuotelinja: COATED; Asennuspuoli: Hinterachse; KIA: CEE&#8217;D JD,CEE`D Sportswagon JD,PRO CEE\u00b4D JD,CEE&#8217;D Combi Van JD; HYUNDAI: i30 GD,i30 CW GD,i30 Coupe; 58411A6200, 58411A6200; Jarrulevy<\/p>\n","protected":false},"excerpt":{"rendered":"<p>A.B.S. Jarrulevyt 18237 Jarrulevy KIA,HYUNDAI,CEE&#8217;D JD,CEE`D Sportswagon JD,PRO CEE\u00b4D JD,CEE&#8217;D Combi Van JD,i30 GD,i30 CW GD,i30 Coupe<\/p>\n","protected":false},"featured_media":0,"template":"","meta":{"site-sidebar-layout":"default","site-content-layout":"default","ast-global-header-display":"","ast-main-header-display":"","ast-hfb-above-header-display":"","ast-hfb-below-header-display":"","ast-hfb-mobile-header-display":"","site-post-title":"","ast-breadcrumbs-content":"","ast-featured-img":"","footer-sml-layout":"","theme-transparent-header-meta":"","adv-header-id-meta":"","stick-header-meta":"","header-above-stick-meta":"","header-main-stick-meta":"","header-below-stick-meta":""},"pwb-brand":[326],"product_cat":[66],"product_tag":[],"class_list":{"0":"post-76685","1":"product","2":"type-product","3":"status-publish","5":"pwb-brand-a-b-s","6":"product_cat-jarrulevyt","7":"desktop-align-left","8":"tablet-align-left","9":"mobile-align-left","11":"first","12":"instock","13":"product-type-external"},"brands":[{"id":326,"name":"A.B.S.","slug":"a-b-s"}],"_links":{"self":[{"href":"https:\/\/www.autonvaraosahaku.fi\/index.php?rest_route=\/wp\/v2\/product\/76685","targetHints":{"allow":["GET"]}}],"collection":[{"href":"https:\/\/www.autonvaraosahaku.fi\/index.php?rest_route=\/wp\/v2\/product"}],"about":[{"href":"https:\/\/www.autonvaraosahaku.fi\/index.php?rest_route=\/wp\/v2\/types\/product"}],"wp:attachment":[{"href":"https:\/\/www.autonvaraosahaku.fi\/index.php?rest_route=%2Fwp%2Fv2%2Fmedia&parent=76685"}],"wp:term":[{"taxonomy":"pwb-brand","embeddable":true,"href":"https:\/\/www.autonvaraosahaku.fi\/index.php?rest_route=%2Fwp%2Fv2%2Fpwb-brand&post=76685"},{"taxonomy":"product_cat","embeddable":true,"href":"https:\/\/www.autonvaraosahaku.fi\/index.php?rest_route=%2Fwp%2Fv2%2Fproduct_cat&post=76685"},{"taxonomy":"product_tag","embeddable":true,"href":"https:\/\/www.autonvaraosahaku.fi\/index.php?rest_route=%2Fwp%2Fv2%2Fproduct_tag&post=76685"}],"curies":[{"name":"wp","href":"https:\/\/api.w.org\/{rel}","templated":true}]}}