{"id":76694,"date":"2021-02-21T19:47:42","date_gmt":"2021-02-21T19:47:42","guid":{"rendered":"https:\/\/www.autonvaraosahaku.fi\/?product=topran-303-969-jarrulevyt"},"modified":"2021-02-21T19:47:44","modified_gmt":"2021-02-21T19:47:44","slug":"topran-303-969-jarrulevyt","status":"publish","type":"product","link":"https:\/\/www.autonvaraosahaku.fi\/?product=topran-303-969-jarrulevyt","title":{"rendered":"TOPRAN 303 969 Jarrulevyt"},"content":{"rendered":"<p>Asennuspuoli: Taka-akseli; Jarrulevytyyppi: Vakiomalli; Ulkol\u00e4pimitta [mm]: 302; Napa-\u00d8 (mm): 165; keskitt\u00e4misl\u00e4pimitta [mm]: 63,5; Jarrulevyn paksuus (mm): 11; Korkeus (mm): 51; Vanne, aukkoja: 5; Reik\u00e4ympyr\u00e4-\u00d8 [mm]: 108; Vaihdettava pareittain: ; Pinta: pinnoitettu; Valmistaja rajaus: Halewood; FORD: MONDEO IV Turnier BA7,S-MAX WA6,GALAXY WA6,KUGA I,MONDEO IV BA7,MONDEO IV Stufenheck BA7,S-MAX,GALAXY; LAND ROVER: RANGE ROVER EVOQUE LV; 1379931, 1385590, 1405500, 1864280, 1877765, 6G912A315AA, 6G912A315BA, 6G912A315BB, E1GC2A315BB, LR027123; Jarrulevy<\/p>\n","protected":false},"excerpt":{"rendered":"<p>TOPRAN Jarrulevyt 303 969 Jarrulevy FORD,LAND ROVER,MONDEO IV Turnier BA7,S-MAX WA6,GALAXY WA6,KUGA I,MONDEO IV BA7,MONDEO IV Stufenheck BA7,S-MAX<\/p>\n","protected":false},"featured_media":0,"template":"","meta":{"site-sidebar-layout":"default","site-content-layout":"default","ast-global-header-display":"","ast-main-header-display":"","ast-hfb-above-header-display":"","ast-hfb-below-header-display":"","ast-hfb-mobile-header-display":"","site-post-title":"","ast-breadcrumbs-content":"","ast-featured-img":"","footer-sml-layout":"","theme-transparent-header-meta":"","adv-header-id-meta":"","stick-header-meta":"","header-above-stick-meta":"","header-main-stick-meta":"","header-below-stick-meta":""},"pwb-brand":[18],"product_cat":[66],"product_tag":[],"class_list":{"0":"post-76694","1":"product","2":"type-product","3":"status-publish","5":"pwb-brand-topran","6":"product_cat-jarrulevyt","7":"desktop-align-left","8":"tablet-align-left","9":"mobile-align-left","11":"first","12":"instock","13":"product-type-external"},"brands":[{"id":18,"name":"TOPRAN","slug":"topran"}],"_links":{"self":[{"href":"https:\/\/www.autonvaraosahaku.fi\/index.php?rest_route=\/wp\/v2\/product\/76694","targetHints":{"allow":["GET"]}}],"collection":[{"href":"https:\/\/www.autonvaraosahaku.fi\/index.php?rest_route=\/wp\/v2\/product"}],"about":[{"href":"https:\/\/www.autonvaraosahaku.fi\/index.php?rest_route=\/wp\/v2\/types\/product"}],"wp:attachment":[{"href":"https:\/\/www.autonvaraosahaku.fi\/index.php?rest_route=%2Fwp%2Fv2%2Fmedia&parent=76694"}],"wp:term":[{"taxonomy":"pwb-brand","embeddable":true,"href":"https:\/\/www.autonvaraosahaku.fi\/index.php?rest_route=%2Fwp%2Fv2%2Fpwb-brand&post=76694"},{"taxonomy":"product_cat","embeddable":true,"href":"https:\/\/www.autonvaraosahaku.fi\/index.php?rest_route=%2Fwp%2Fv2%2Fproduct_cat&post=76694"},{"taxonomy":"product_tag","embeddable":true,"href":"https:\/\/www.autonvaraosahaku.fi\/index.php?rest_route=%2Fwp%2Fv2%2Fproduct_tag&post=76694"}],"curies":[{"name":"wp","href":"https:\/\/api.w.org\/{rel}","templated":true}]}}