{"id":76695,"date":"2021-02-21T19:47:42","date_gmt":"2021-02-21T19:47:42","guid":{"rendered":"https:\/\/www.autonvaraosahaku.fi\/?product=trw-jgm1197t-iskunvaimennin"},"modified":"2021-02-21T19:47:44","modified_gmt":"2021-02-21T19:47:44","slug":"trw-jgm1197t-iskunvaimennin","status":"publish","type":"product","link":"https:\/\/www.autonvaraosahaku.fi\/?product=trw-jgm1197t-iskunvaimennin","title":{"rendered":"TRW JGM1197T Iskunvaimennin"},"content":{"rendered":"<p>Lukum\u00e4\u00e4r\u00e4 akselille: 1; Asennuspuoli: Etuakseli; Iskunvaimennin tyyppi: Kaasupaine; Iskunvaimennin malli: Joustintuki; Iskunvaimennusj\u00e4rjestelm\u00e4: Kaksiputki; Iskunvaimennin asennustapa: Tappi ylh\u00e4\u00e4ll\u00e4, Purisitin alhaalla; L\u00e4pimitta [mm]: 52; Pituus 1 (mm): 463; Pituus 2 (mm): 306; Jousijalan l\u00e4pimitta [mm]: 22; Huomioi tekniset tiedot: ; Tuotelinja: TWIN; Alustarakenne: f\u00fcr Fahrzeuge mit Standard Fahrwerk; FORD: MONDEO IV Turnier BA7,MONDEO IV BA7,MONDEO IV Stufenheck BA7; 1459710, 1459724, 1459726, 146609, 1470940, 1470941, 1470942, 1474278, 1474284, 1474286, 1476607, 1476608, 1476609, 1476610, 1476611, 1476612, 1577960, 1577961, 1577971, 1577978, 1577981, 1577982, 1672763, 1672766, 1681897, 1681898, 1718454, 1718456, 1720984, 1721075, 6G9118045BCC, 6G9118045BCD, 6G9118045BCE, 6G9118045BCF, 6G9118045BCG, 6G9118045GAC, 6G9118045GAD, 6G9118045GAE, 6G9118045GAF, 6G9118045GAG, 6G9118045GBC, 6G9118045GBD, 6G9118045GBE, 6G9118045GBF, 6G9118045GBG, 6G9118045GBH, 6G9118K001BCD, 6G9118K001BCE, 6G9118K001BCF, 6G9118K001BCG, 6G9118K001GAD, 6G9118K001GAE, 6G9118K001GAF, 6G9118K001GAG, 6G9118K001GBG, 6G9118K001GBH, AG9118K001GBD, AG9118K001GBE, AG9118K001GBF; Iskarit,Iskunvaimennin<\/p>\n","protected":false},"excerpt":{"rendered":"<p>TRW Iskunvaimentimet JGM1197T Iskarit,Iskunvaimennin FORD,MONDEO IV Turnier BA7,MONDEO IV BA7,MONDEO IV Stufenheck BA7<\/p>\n","protected":false},"featured_media":0,"template":"","meta":{"site-sidebar-layout":"default","site-content-layout":"default","ast-global-header-display":"","ast-main-header-display":"","ast-hfb-above-header-display":"","ast-hfb-below-header-display":"","ast-hfb-mobile-header-display":"","site-post-title":"","ast-breadcrumbs-content":"","ast-featured-img":"","footer-sml-layout":"","theme-transparent-header-meta":"","adv-header-id-meta":"","stick-header-meta":"","header-above-stick-meta":"","header-main-stick-meta":"","header-below-stick-meta":""},"pwb-brand":[332],"product_cat":[80],"product_tag":[],"class_list":{"0":"post-76695","1":"product","2":"type-product","3":"status-publish","5":"pwb-brand-trw","6":"product_cat-iskunvaimennin","7":"desktop-align-left","8":"tablet-align-left","9":"mobile-align-left","11":"first","12":"instock","13":"product-type-external"},"brands":[{"id":332,"name":"TRW","slug":"trw"}],"_links":{"self":[{"href":"https:\/\/www.autonvaraosahaku.fi\/index.php?rest_route=\/wp\/v2\/product\/76695","targetHints":{"allow":["GET"]}}],"collection":[{"href":"https:\/\/www.autonvaraosahaku.fi\/index.php?rest_route=\/wp\/v2\/product"}],"about":[{"href":"https:\/\/www.autonvaraosahaku.fi\/index.php?rest_route=\/wp\/v2\/types\/product"}],"wp:attachment":[{"href":"https:\/\/www.autonvaraosahaku.fi\/index.php?rest_route=%2Fwp%2Fv2%2Fmedia&parent=76695"}],"wp:term":[{"taxonomy":"pwb-brand","embeddable":true,"href":"https:\/\/www.autonvaraosahaku.fi\/index.php?rest_route=%2Fwp%2Fv2%2Fpwb-brand&post=76695"},{"taxonomy":"product_cat","embeddable":true,"href":"https:\/\/www.autonvaraosahaku.fi\/index.php?rest_route=%2Fwp%2Fv2%2Fproduct_cat&post=76695"},{"taxonomy":"product_tag","embeddable":true,"href":"https:\/\/www.autonvaraosahaku.fi\/index.php?rest_route=%2Fwp%2Fv2%2Fproduct_tag&post=76695"}],"curies":[{"name":"wp","href":"https:\/\/api.w.org\/{rel}","templated":true}]}}