{"id":7670,"date":"2021-02-21T14:00:50","date_gmt":"2021-02-21T14:00:50","guid":{"rendered":"https:\/\/www.autonvaraosahaku.fi\/?product=maxgear-39-0305-pyyhkijansulat"},"modified":"2021-02-21T14:00:51","modified_gmt":"2021-02-21T14:00:51","slug":"maxgear-39-0305-pyyhkijansulat","status":"publish","type":"product","link":"https:\/\/www.autonvaraosahaku.fi\/?product=maxgear-39-0305-pyyhkijansulat","title":{"rendered":"MAXGEAR 39-0305 Pyyhkij\u00e4nsulat"},"content":{"rendered":"<p>Asennuspuoli: Edess\u00e4, beidseitig; Pituus (mm): 380; M\u00e4\u00e4r\u00e4: 2; Pituus (tuumaa): 15; Sopiva adapteri: R; Lis\u00e4adapteri: R; Paino [kg]: 0,19; VW: PASSAT Variant 3B6,GOLF IV Variant 1J5,PASSAT Variant 3B5,FOX 5Z1, 5Z3,BORA Kombi 1J6,KAEFER; AUDI: A3 8L1,A6 Avant 4B5, C5,A4 Avant 8D5, B5,ALLROAD 4BH, C5; BMW: 3 Touring E36; OPEL: MONTEREY B; FORD: ESCORT VII Kombi GAL, ANL,ESCORT VI Kombi GAL,ESCORT CLASSIC Turnier ANL,ESCORT V Kombi GAL, AVL; RENAULT: KANGOO KC0\/1_,KANGOO Express FC0\/1_; FIAT: IDEA; TOYOTA: PICNIC _XM10; NISSAN: VANETTE Bus C22,KUBISTAR Kasten X80,VANETTE Kasten C22; MAZDA: E-SERIE Kasten SR2; Tuulilasinpyyhkimet,Pyyhkij\u00e4t,Pyyhkij\u00e4nsulka<\/p>\n","protected":false},"excerpt":{"rendered":"<p>MAXGEAR Pyyhkij\u00e4nsulat 39-0305 Tuulilasinpyyhkimet,Pyyhkij\u00e4t VW,AUDI,BMW,PASSAT Variant 3B6,GOLF IV Variant 1J5,PASSAT Variant 3B5,FOX 5Z1, 5Z3<\/p>\n","protected":false},"featured_media":0,"template":"","meta":{"site-sidebar-layout":"default","site-content-layout":"default","ast-global-header-display":"","ast-main-header-display":"","ast-hfb-above-header-display":"","ast-hfb-below-header-display":"","ast-hfb-mobile-header-display":"","site-post-title":"","ast-breadcrumbs-content":"","ast-featured-img":"","footer-sml-layout":"","theme-transparent-header-meta":"","adv-header-id-meta":"","stick-header-meta":"","header-above-stick-meta":"","header-main-stick-meta":"","header-below-stick-meta":""},"pwb-brand":[48],"product_cat":[33],"product_tag":[],"class_list":{"0":"post-7670","1":"product","2":"type-product","3":"status-publish","5":"pwb-brand-maxgear","6":"product_cat-pyyhkijansulat","7":"desktop-align-left","8":"tablet-align-left","9":"mobile-align-left","11":"first","12":"instock","13":"product-type-external"},"brands":[{"id":48,"name":"MAXGEAR","slug":"maxgear"}],"_links":{"self":[{"href":"https:\/\/www.autonvaraosahaku.fi\/index.php?rest_route=\/wp\/v2\/product\/7670","targetHints":{"allow":["GET"]}}],"collection":[{"href":"https:\/\/www.autonvaraosahaku.fi\/index.php?rest_route=\/wp\/v2\/product"}],"about":[{"href":"https:\/\/www.autonvaraosahaku.fi\/index.php?rest_route=\/wp\/v2\/types\/product"}],"wp:attachment":[{"href":"https:\/\/www.autonvaraosahaku.fi\/index.php?rest_route=%2Fwp%2Fv2%2Fmedia&parent=7670"}],"wp:term":[{"taxonomy":"pwb-brand","embeddable":true,"href":"https:\/\/www.autonvaraosahaku.fi\/index.php?rest_route=%2Fwp%2Fv2%2Fpwb-brand&post=7670"},{"taxonomy":"product_cat","embeddable":true,"href":"https:\/\/www.autonvaraosahaku.fi\/index.php?rest_route=%2Fwp%2Fv2%2Fproduct_cat&post=7670"},{"taxonomy":"product_tag","embeddable":true,"href":"https:\/\/www.autonvaraosahaku.fi\/index.php?rest_route=%2Fwp%2Fv2%2Fproduct_tag&post=7670"}],"curies":[{"name":"wp","href":"https:\/\/api.w.org\/{rel}","templated":true}]}}