{"id":76715,"date":"2021-02-21T19:47:49","date_gmt":"2021-02-21T19:47:49","guid":{"rendered":"https:\/\/www.autonvaraosahaku.fi\/?product=kolbenschmidt-77268600-muut-luokat"},"modified":"2021-02-21T19:47:51","modified_gmt":"2021-02-21T19:47:51","slug":"kolbenschmidt-77268600-muut-luokat","status":"publish","type":"product","link":"https:\/\/www.autonvaraosahaku.fi\/?product=kolbenschmidt-77268600-muut-luokat","title":{"rendered":"KOLBENSCHMIDT 77268600 Muut luokat"},"content":{"rendered":"<p>Vakiomitta (STD): ; Komponenttinumero: 71749600, 71750600; M\u00e4\u00e4r\u00e4: 8; M\u00e4\u00e4r\u00e4yksikk\u00f6: Sarja; TECDOC-moottorinumero: 4763; DAEWOO: REZZO KLAU,EVANDA KLAL,NUBIRA Wagon KLAJ,LEGANZA KLAV,NUBIRA Stufenheck KLAJ,NUBIRA KLAJ,LACETTI J150  Stufenheck,NUBIRA J150,NUBIRA Stufenheck J150,NUBIRA Kombi J150; OPEL: ZAFIRA A F75_,ASTRA G CC F48_, F08_,OMEGA A 16_, 17_, 19_,ASTRA G Caravan F35_,VECTRA B 36_,ASTRA F CC 53_, 54_, 58_, 59_,OMEGA B Caravan 21_, 22_, 23_,OMEGA B 25_, 26_, 27_,VECTRA B Caravan 31_,ASTRA G Cabriolet F67,ASTRA F Caravan 51_, 52_,FRONTERA B 6B_,ASTRA G Coupe F07_,ASTRA G Stufenheck F69_,CALIBRA A 85_,VECTRA B CC 38_,VECTRA A 86_, 87_,ASTRA F Cabriolet 53_B,ASTRA F 56_, 57_,KADETT E CC 33_, 34_, 43_, 44_,FRONTERA A Sport 5_SUD2,FRONTERA A 5_MWL4,VECTRA A CC 88_, 89_,KADETT E Cabriolet 43B_,ASCONA C 81_, 86_, 87_, 88_,OMEGA A Caravan 66_, 67_,SPEEDSTER,KADETT E 39_, 49_,ASCONA C CC 84_, 89_,KADETT E Caravan 35_, 36_, 45_, 46_,REKORD E; VAUXHALL: CALIBRA,ZAFIRA Mk I A F75,ASTRA Mk IV G CC,ASTRA Mk III F CC,FRONTERA Mk II B,ASTRA Mk IV G Sedan,OMEGA B,ASTRA Mk II CC,FRONTERA Mk I A,VECTRA B CC,CAVALIER Mk III 87,VX220,VECTRA B Estate,VECTRA B,FRONTERA Mk I A Sport,ASTRA Mk III F Estate,ASTRA Mk IV G Coupe F67,CAVALIER Mk III CC,OMEGA B Estate,ASTRA Mk IV G Convertible,CAVALIER Mk II CC,CARLTON Mk III<\/p>\n","protected":false},"excerpt":{"rendered":"<p>KOLBENSCHMIDT Kiertokankilaakerisarja 77268600  DAEWOO,OPEL,VAUXHALL,REZZO KLAU,EVANDA KLAL,NUBIRA Wagon KLAJ,LEGANZA KLAV,NUBIRA Stufenheck KLAJ<\/p>\n","protected":false},"featured_media":0,"template":"","meta":{"site-sidebar-layout":"default","site-content-layout":"default","ast-global-header-display":"","ast-main-header-display":"","ast-hfb-above-header-display":"","ast-hfb-below-header-display":"","ast-hfb-mobile-header-display":"","site-post-title":"","ast-breadcrumbs-content":"","ast-featured-img":"","footer-sml-layout":"","theme-transparent-header-meta":"","adv-header-id-meta":"","stick-header-meta":"","header-above-stick-meta":"","header-main-stick-meta":"","header-below-stick-meta":""},"pwb-brand":[293],"product_cat":[37],"product_tag":[],"class_list":{"0":"post-76715","1":"product","2":"type-product","3":"status-publish","5":"pwb-brand-kolbenschmidt","6":"product_cat-muut-luokat","7":"desktop-align-left","8":"tablet-align-left","9":"mobile-align-left","11":"first","12":"instock","13":"product-type-external"},"brands":[{"id":293,"name":"KOLBENSCHMIDT","slug":"kolbenschmidt"}],"_links":{"self":[{"href":"https:\/\/www.autonvaraosahaku.fi\/index.php?rest_route=\/wp\/v2\/product\/76715","targetHints":{"allow":["GET"]}}],"collection":[{"href":"https:\/\/www.autonvaraosahaku.fi\/index.php?rest_route=\/wp\/v2\/product"}],"about":[{"href":"https:\/\/www.autonvaraosahaku.fi\/index.php?rest_route=\/wp\/v2\/types\/product"}],"wp:attachment":[{"href":"https:\/\/www.autonvaraosahaku.fi\/index.php?rest_route=%2Fwp%2Fv2%2Fmedia&parent=76715"}],"wp:term":[{"taxonomy":"pwb-brand","embeddable":true,"href":"https:\/\/www.autonvaraosahaku.fi\/index.php?rest_route=%2Fwp%2Fv2%2Fpwb-brand&post=76715"},{"taxonomy":"product_cat","embeddable":true,"href":"https:\/\/www.autonvaraosahaku.fi\/index.php?rest_route=%2Fwp%2Fv2%2Fproduct_cat&post=76715"},{"taxonomy":"product_tag","embeddable":true,"href":"https:\/\/www.autonvaraosahaku.fi\/index.php?rest_route=%2Fwp%2Fv2%2Fproduct_tag&post=76715"}],"curies":[{"name":"wp","href":"https:\/\/api.w.org\/{rel}","templated":true}]}}