{"id":76737,"date":"2021-02-21T19:47:56","date_gmt":"2021-02-21T19:47:56","guid":{"rendered":"https:\/\/www.autonvaraosahaku.fi\/?product=fa1-102-958-pakosarjan-tiivisteet"},"modified":"2021-02-21T19:47:59","modified_gmt":"2021-02-21T19:47:59","slug":"fa1-102-958-pakosarjan-tiivisteet","status":"publish","type":"product","link":"https:\/\/www.autonvaraosahaku.fi\/?product=fa1-102-958-pakosarjan-tiivisteet","title":{"rendered":"FA1 102-958 Pakosarjan tiivisteet"},"content":{"rendered":"<p>Sis\u00e4l\u00e4pimitta [mm]: 58; Ulkol\u00e4pimitta [mm]: 68; Korkeus (mm): 12; Pakoputkisto: f\u00fcr Endschalld\u00e4mpfer; BMW: 3 Coupe E46,3 E36,3 E30,3 Cabriolet E46,Z3 E36,Z4 E85,5 E34,3 Touring E36,5 Touring E34,5 E28,3 Touring E30,Z3 Coupe E36,Z4 Coupe E86; VOLVO: 940 II Kombi 945,940 Kombi 945,240 Kombi P245,740 Kombi 745,740 744,240 P242, P244,940 944,760 704, 764,960 Kombi 965,760 Kombi 704, 765,940 II 944,960 964; SAAB: 900 I Cabriolet,900 I Combi Coupe,900 I AC4, AM4,99 Combi Coupe; LANCIA: THEMA 834,THEMA SW 834; FIAT: DUCATO Pritsche\/Fahrgestell 230,DUCATO Bus 230,DUCATO Kasten 230L,CROMA 154; CITRO\u00cbN: JUMPER Kasten 230L,JUMPER Bus 244, Z_,JUMPER Bus 230P,JUMPER Pritsche\/Fahrgestell 230; ALFA ROMEO: SPIDER 916S_,166 936,GTV 916C_,SPIDER 939,164 164; PEUGEOT: BOXER Kasten 230L,BOXER Bus 230P,BOXER Pritsche\/Fahrgestell ZCT_; 60801538, 82407147, 18111723379, 18121109190, 172922, 60801538, 82407147, 60801538, 82407147, 172922<\/p>\n","protected":false},"excerpt":{"rendered":"<p>FA1 Tiivisterengas, Pakoputki 102-958  BMW,VOLVO,SAAB,3 Coupe E46,3 E36,3 E30,3 Cabriolet E46,Z3 E36,Z4 E85,5 E34,3 Touring E36,5 Touring E34,5 E28<\/p>\n","protected":false},"featured_media":0,"template":"","meta":{"site-sidebar-layout":"default","site-content-layout":"default","ast-global-header-display":"","ast-main-header-display":"","ast-hfb-above-header-display":"","ast-hfb-below-header-display":"","ast-hfb-mobile-header-display":"","site-post-title":"","ast-breadcrumbs-content":"","ast-featured-img":"","footer-sml-layout":"","theme-transparent-header-meta":"","adv-header-id-meta":"","stick-header-meta":"","header-above-stick-meta":"","header-main-stick-meta":"","header-below-stick-meta":""},"pwb-brand":[39],"product_cat":[123],"product_tag":[],"class_list":{"0":"post-76737","1":"product","2":"type-product","3":"status-publish","5":"pwb-brand-fa1","6":"product_cat-pakosarjan-tiivisteet","7":"desktop-align-left","8":"tablet-align-left","9":"mobile-align-left","11":"first","12":"instock","13":"product-type-external"},"brands":[{"id":39,"name":"FA1","slug":"fa1"}],"_links":{"self":[{"href":"https:\/\/www.autonvaraosahaku.fi\/index.php?rest_route=\/wp\/v2\/product\/76737","targetHints":{"allow":["GET"]}}],"collection":[{"href":"https:\/\/www.autonvaraosahaku.fi\/index.php?rest_route=\/wp\/v2\/product"}],"about":[{"href":"https:\/\/www.autonvaraosahaku.fi\/index.php?rest_route=\/wp\/v2\/types\/product"}],"wp:attachment":[{"href":"https:\/\/www.autonvaraosahaku.fi\/index.php?rest_route=%2Fwp%2Fv2%2Fmedia&parent=76737"}],"wp:term":[{"taxonomy":"pwb-brand","embeddable":true,"href":"https:\/\/www.autonvaraosahaku.fi\/index.php?rest_route=%2Fwp%2Fv2%2Fpwb-brand&post=76737"},{"taxonomy":"product_cat","embeddable":true,"href":"https:\/\/www.autonvaraosahaku.fi\/index.php?rest_route=%2Fwp%2Fv2%2Fproduct_cat&post=76737"},{"taxonomy":"product_tag","embeddable":true,"href":"https:\/\/www.autonvaraosahaku.fi\/index.php?rest_route=%2Fwp%2Fv2%2Fproduct_tag&post=76737"}],"curies":[{"name":"wp","href":"https:\/\/api.w.org\/{rel}","templated":true}]}}