{"id":76762,"date":"2021-02-21T19:48:04","date_gmt":"2021-02-21T19:48:04","guid":{"rendered":"https:\/\/www.autonvaraosahaku.fi\/?product=reinz-71-25226-20-pakosarjan-tiivisteet"},"modified":"2021-02-21T19:48:08","modified_gmt":"2021-02-21T19:48:08","slug":"reinz-71-25226-20-pakosarjan-tiivisteet","status":"publish","type":"product","link":"https:\/\/www.autonvaraosahaku.fi\/?product=reinz-71-25226-20-pakosarjan-tiivisteet","title":{"rendered":"REINZ 71-25226-20 Pakosarjan tiivisteet"},"content":{"rendered":"<p>Tiivistetyyppi: Metalli-kerros tiiviste; Paksuus [mm]: 0,4; Tarvittava kappalem\u00e4\u00e4r\u00e4: 3; MERCEDES-BENZ: 190 W201,Stufenheck W124,Stufenheck W123,KOMBI Kombi S124,G-CLASS W463,COUPE C124,G-CLASS W460,COUPE C123,G-CLASS W461,KOMBI Kombi S123,T1 Bus 601,T1 Pritsche\/Fahrgestell 602,T2\/L Kasten\/Kombi,T1 Kasten 602,T1 Pritsche\/Fahrgestell 601,T2\/LN1 Kasten\/Kombi,T1 Kasten 601,T2\/L Pritsche\/Fahrgestell,T1\/TN Pritsche\/Fahrgestell,G-CLASS Cabrio W463,T2\/LN1 Pritsche\/Fahrgestell,T1\/TN Kasten\/Kombi,T2\/L Kipper,O 309; PUCH: G-MODELL W 460,G-MODELL W 461,G-MODELL W 463; 1021411580, 1021420180, 1021421480; Tiiviste, Pakosarja<\/p>\n","protected":false},"excerpt":{"rendered":"<p>REINZ Pakosarjan Tiivisteet 71-25226-20 Tiiviste, Pakosarja MERCEDES-BENZ,PUCH,190 W201,Stufenheck W124,Stufenheck W123,KOMBI Kombi S124,G-CLASS W463<\/p>\n","protected":false},"featured_media":0,"template":"","meta":{"site-sidebar-layout":"default","site-content-layout":"default","ast-global-header-display":"","ast-main-header-display":"","ast-hfb-above-header-display":"","ast-hfb-below-header-display":"","ast-hfb-mobile-header-display":"","site-post-title":"","ast-breadcrumbs-content":"","ast-featured-img":"","footer-sml-layout":"","theme-transparent-header-meta":"","adv-header-id-meta":"","stick-header-meta":"","header-above-stick-meta":"","header-main-stick-meta":"","header-below-stick-meta":""},"pwb-brand":[138],"product_cat":[123],"product_tag":[],"class_list":{"0":"post-76762","1":"product","2":"type-product","3":"status-publish","5":"pwb-brand-reinz","6":"product_cat-pakosarjan-tiivisteet","7":"desktop-align-left","8":"tablet-align-left","9":"mobile-align-left","11":"first","12":"instock","13":"product-type-external"},"brands":[{"id":138,"name":"REINZ","slug":"reinz"}],"_links":{"self":[{"href":"https:\/\/www.autonvaraosahaku.fi\/index.php?rest_route=\/wp\/v2\/product\/76762","targetHints":{"allow":["GET"]}}],"collection":[{"href":"https:\/\/www.autonvaraosahaku.fi\/index.php?rest_route=\/wp\/v2\/product"}],"about":[{"href":"https:\/\/www.autonvaraosahaku.fi\/index.php?rest_route=\/wp\/v2\/types\/product"}],"wp:attachment":[{"href":"https:\/\/www.autonvaraosahaku.fi\/index.php?rest_route=%2Fwp%2Fv2%2Fmedia&parent=76762"}],"wp:term":[{"taxonomy":"pwb-brand","embeddable":true,"href":"https:\/\/www.autonvaraosahaku.fi\/index.php?rest_route=%2Fwp%2Fv2%2Fpwb-brand&post=76762"},{"taxonomy":"product_cat","embeddable":true,"href":"https:\/\/www.autonvaraosahaku.fi\/index.php?rest_route=%2Fwp%2Fv2%2Fproduct_cat&post=76762"},{"taxonomy":"product_tag","embeddable":true,"href":"https:\/\/www.autonvaraosahaku.fi\/index.php?rest_route=%2Fwp%2Fv2%2Fproduct_tag&post=76762"}],"curies":[{"name":"wp","href":"https:\/\/api.w.org\/{rel}","templated":true}]}}