{"id":76773,"date":"2021-02-21T19:48:11","date_gmt":"2021-02-21T19:48:11","guid":{"rendered":"https:\/\/www.autonvaraosahaku.fi\/?product=jurid-562237jc-jarrulevyt"},"modified":"2021-02-21T19:48:12","modified_gmt":"2021-02-21T19:48:12","slug":"jurid-562237jc-jarrulevyt","status":"publish","type":"product","link":"https:\/\/www.autonvaraosahaku.fi\/?product=jurid-562237jc-jarrulevyt","title":{"rendered":"JURID 562237JC Jarrulevyt"},"content":{"rendered":"<p>Korkeus (mm): 50; Paino [kg]: 12,19; Jarrulevytyyppi: Tuuletettu; Jarrulevyn paksuus (mm): 22; V\u00e4himm\u00e4ispaksuus (mm): 19; Ulkol\u00e4pimitta [mm]: 280; Reikien m\u00e4\u00e4r\u00e4: 5; keskitt\u00e4misl\u00e4pimitta [mm]: 65; Kiristysmomentti: 120; Reik\u00e4ympyr\u00e4-\u00d8 [mm]: 112; Pinta: pinnoitettu; Jarruj\u00e4rjestelm\u00e4: ATE; Pakkaustyyppi: Laatikko; M\u00e4\u00e4r\u00e4yksikk\u00f6: Sarja; Korvaava tuote\/korvaava tiedote 2: Ruuveilla; Reik\u00e4ympyr\u00e4-\u00d8 2 [mm]: 112; Versio: JC; Pakkauspituus [cm]: 30; Pakkausleveys [cm]: 30; Pakkauskorkeus [mm]: 11,5; Asennuspuoli: Vorderachse; VW: GOLF V 1K1,GOLF VI 5K1,GOLF PLUS 5M1, 521,CADDY III Kombi 2KB, 2KJ, 2CB, 2CJ,GOLF VI Variant AJ5,GOLF V Variant 1K5,CADDY III Kasten 2KA, 2KH, 2CA, 2CH,JETTA III 1K2,BEETLE 5C1,JETTA IV 162, 163,BEETLE Cabriolet 5C7; AUDI: A3 8P1,A3 Sportback 8PA,A3 Cabriolet 8P7; SKODA: OCTAVIA Combi 1Z5,YETI 5L,OCTAVIA 1Z3; SEAT: LEON 1P1,ALTEA 5P1,ALTEA XL 5P5, 5P8,TOLEDO III 5P2; 1K0615301AC, 1K0615301AK, 1K0615301AS, 1K0615301S, 5C0615301, 8P0098301A, 1K0615301AC, 1K0615301AK, 1K0615301S, 5C0615301, JZW615301A, 1K0615301AC, 1K0615301AK, 1K0615301S, 5C0615301, JZW615301A, 1K0615301AC, 1K0615301AK, 1K0615301AQ, 1K0615301AS, 1K0615301S, 5C0615301, 5C0615301C, 8P0698302, JZW615301A; Jarrulevy<\/p>\n","protected":false},"excerpt":{"rendered":"<p>JURID Jarrulevyt 562237JC Jarrulevy VW,AUDI,SKODA,GOLF V 1K1,GOLF VI 5K1,GOLF PLUS 5M1, 521,CADDY III Kombi 2KB, 2KJ, 2CB, 2CJ,GOLF VI Variant AJ5<\/p>\n","protected":false},"featured_media":0,"template":"","meta":{"site-sidebar-layout":"default","site-content-layout":"default","ast-global-header-display":"","ast-main-header-display":"","ast-hfb-above-header-display":"","ast-hfb-below-header-display":"","ast-hfb-mobile-header-display":"","site-post-title":"","ast-breadcrumbs-content":"","ast-featured-img":"","footer-sml-layout":"","theme-transparent-header-meta":"","adv-header-id-meta":"","stick-header-meta":"","header-above-stick-meta":"","header-main-stick-meta":"","header-below-stick-meta":""},"pwb-brand":[247],"product_cat":[66],"product_tag":[],"class_list":{"0":"post-76773","1":"product","2":"type-product","3":"status-publish","5":"pwb-brand-jurid","6":"product_cat-jarrulevyt","7":"desktop-align-left","8":"tablet-align-left","9":"mobile-align-left","11":"first","12":"instock","13":"product-type-external"},"brands":[{"id":247,"name":"JURID","slug":"jurid"}],"_links":{"self":[{"href":"https:\/\/www.autonvaraosahaku.fi\/index.php?rest_route=\/wp\/v2\/product\/76773","targetHints":{"allow":["GET"]}}],"collection":[{"href":"https:\/\/www.autonvaraosahaku.fi\/index.php?rest_route=\/wp\/v2\/product"}],"about":[{"href":"https:\/\/www.autonvaraosahaku.fi\/index.php?rest_route=\/wp\/v2\/types\/product"}],"wp:attachment":[{"href":"https:\/\/www.autonvaraosahaku.fi\/index.php?rest_route=%2Fwp%2Fv2%2Fmedia&parent=76773"}],"wp:term":[{"taxonomy":"pwb-brand","embeddable":true,"href":"https:\/\/www.autonvaraosahaku.fi\/index.php?rest_route=%2Fwp%2Fv2%2Fpwb-brand&post=76773"},{"taxonomy":"product_cat","embeddable":true,"href":"https:\/\/www.autonvaraosahaku.fi\/index.php?rest_route=%2Fwp%2Fv2%2Fproduct_cat&post=76773"},{"taxonomy":"product_tag","embeddable":true,"href":"https:\/\/www.autonvaraosahaku.fi\/index.php?rest_route=%2Fwp%2Fv2%2Fproduct_tag&post=76773"}],"curies":[{"name":"wp","href":"https:\/\/api.w.org\/{rel}","templated":true}]}}