{"id":76775,"date":"2021-02-21T19:48:11","date_gmt":"2021-02-21T19:48:11","guid":{"rendered":"https:\/\/www.autonvaraosahaku.fi\/?product=jurid-561667jc-jarrulevyt"},"modified":"2021-02-21T19:48:13","modified_gmt":"2021-02-21T19:48:13","slug":"jurid-561667jc-jarrulevyt","status":"publish","type":"product","link":"https:\/\/www.autonvaraosahaku.fi\/?product=jurid-561667jc-jarrulevyt","title":{"rendered":"JURID 561667JC Jarrulevyt"},"content":{"rendered":"<p>Korkeus (mm): 57; Paino [kg]: 12,22; Jarrulevytyyppi: Tuuletettu; Jarrulevyn paksuus (mm): 24; V\u00e4himm\u00e4ispaksuus (mm): 22; Ulkol\u00e4pimitta [mm]: 277; Reikien m\u00e4\u00e4r\u00e4: 5; keskitt\u00e4misl\u00e4pimitta [mm]: 58; Kiristysmomentti: 100; Reik\u00e4ympyr\u00e4-\u00d8 [mm]: 100; Pinta: pinnoitettu; Pakkaustyyppi: Laatikko; M\u00e4\u00e4r\u00e4yksikk\u00f6: Sarja; Korvaava tuote\/korvaava tiedote 2: ilman ruuveja; Reik\u00e4ympyr\u00e4-\u00d8 2 [mm]: 100; Versio: JC; Pakkauspituus [cm]: 28,5; Pakkausleveys [cm]: 28,5; Pakkauskorkeus [mm]: 13,5; Asennuspuoli: Vorderachse; TOYOTA: GT 86 Coupe ZN6_; SUBARU: FORESTER SG,FORESTER SH,FORESTER SF,IMPREZA Stufenheck GD,LEGACY IV Station Wagon BL, BP, B13_,IMPREZA Schr\u00e4gheck GR, GH, G3,IMPREZA Station Wagon GG,LEGACY III Station Wagon BE, BH,IMPREZA Stufenheck GC,LEGACY II Station Wagon BD, BG,LEGACY IV BL, BP,OUTBACK BE, BH,LEGACY V Station Wagon BM, BR,OUTBACK BM, BR,BRZ,LEGACY III BE, BH,LEGACY I Station Wagon BC, BJF,LEGACY II BD, BG,IMPREZA Stufenheck GR,LEGACY I BC,LEGACY V BM, BR,LEGACY OUTBACK BG,IMPREZA Schr\u00e4gheck GP,IMPREZA Stufenheck GJ; 26300AE050, 26300AE070, 26300AE071, 26310AA081, 26310AA091, 26310AA092, 26310AA101, 26310AA120, 26310AA121, 26310AA140, 26310AA151, SU00300585; Jarrulevy<\/p>\n","protected":false},"excerpt":{"rendered":"<p>JURID Jarrulevyt 561667JC Jarrulevy TOYOTA,SUBARU,GT 86 Coupe ZN6_,FORESTER SG,FORESTER SH,FORESTER SF,IMPREZA Stufenheck GD<\/p>\n","protected":false},"featured_media":0,"template":"","meta":{"site-sidebar-layout":"default","site-content-layout":"default","ast-global-header-display":"","ast-main-header-display":"","ast-hfb-above-header-display":"","ast-hfb-below-header-display":"","ast-hfb-mobile-header-display":"","site-post-title":"","ast-breadcrumbs-content":"","ast-featured-img":"","footer-sml-layout":"","theme-transparent-header-meta":"","adv-header-id-meta":"","stick-header-meta":"","header-above-stick-meta":"","header-main-stick-meta":"","header-below-stick-meta":""},"pwb-brand":[247],"product_cat":[66],"product_tag":[],"class_list":{"0":"post-76775","1":"product","2":"type-product","3":"status-publish","5":"pwb-brand-jurid","6":"product_cat-jarrulevyt","7":"desktop-align-left","8":"tablet-align-left","9":"mobile-align-left","11":"first","12":"instock","13":"product-type-external"},"brands":[{"id":247,"name":"JURID","slug":"jurid"}],"_links":{"self":[{"href":"https:\/\/www.autonvaraosahaku.fi\/index.php?rest_route=\/wp\/v2\/product\/76775","targetHints":{"allow":["GET"]}}],"collection":[{"href":"https:\/\/www.autonvaraosahaku.fi\/index.php?rest_route=\/wp\/v2\/product"}],"about":[{"href":"https:\/\/www.autonvaraosahaku.fi\/index.php?rest_route=\/wp\/v2\/types\/product"}],"wp:attachment":[{"href":"https:\/\/www.autonvaraosahaku.fi\/index.php?rest_route=%2Fwp%2Fv2%2Fmedia&parent=76775"}],"wp:term":[{"taxonomy":"pwb-brand","embeddable":true,"href":"https:\/\/www.autonvaraosahaku.fi\/index.php?rest_route=%2Fwp%2Fv2%2Fpwb-brand&post=76775"},{"taxonomy":"product_cat","embeddable":true,"href":"https:\/\/www.autonvaraosahaku.fi\/index.php?rest_route=%2Fwp%2Fv2%2Fproduct_cat&post=76775"},{"taxonomy":"product_tag","embeddable":true,"href":"https:\/\/www.autonvaraosahaku.fi\/index.php?rest_route=%2Fwp%2Fv2%2Fproduct_tag&post=76775"}],"curies":[{"name":"wp","href":"https:\/\/api.w.org\/{rel}","templated":true}]}}