{"id":7690,"date":"2021-02-21T14:00:53","date_gmt":"2021-02-21T14:00:53","guid":{"rendered":"https:\/\/www.autonvaraosahaku.fi\/?product=brembo-09-a405-11-jarrulevyt"},"modified":"2021-02-21T14:00:54","modified_gmt":"2021-02-21T14:00:54","slug":"brembo-09-a405-11-jarrulevyt","status":"publish","type":"product","link":"https:\/\/www.autonvaraosahaku.fi\/?product=brembo-09-a405-11-jarrulevyt","title":{"rendered":"BREMBO 09.A405.11 Jarrulevyt"},"content":{"rendered":"<p>Pinta: pinnoitettu; keskitt\u00e4misl\u00e4pimitta [mm]: 72,7; Reikien m\u00e4\u00e4r\u00e4: 5; V\u00e4himm\u00e4ispaksuus (mm): 20,5; Jarrulevyn paksuus (mm): 22; Jarrulevytyyppi: Tuuletettu, sis\u00e4; Korkeus (mm): 67; L\u00e4pimitta [mm]: 320; Tuotelinja: COATED DISC LINE; Asennuspuoli: Hinterachse; CHRYSLER: 300 C Touring LX,300 C LX,300 C; LANCIA: THEMA LX; 04779209AA, 04779209AB, 04779209AC, 04779209AD, 04779209AF, K04779209AA, K04779209AB, K04779209AC, K04779209AD, K04779209AF, K04779209AD, K04779209AE; Jarrulevy<\/p>\n","protected":false},"excerpt":{"rendered":"<p>BREMBO Jarrulevyt 09.A405.11 Jarrulevy CHRYSLER,LANCIA,300 C Touring LX,300 C LX,300 C,THEMA LX<\/p>\n","protected":false},"featured_media":0,"template":"","meta":{"site-sidebar-layout":"default","site-content-layout":"default","ast-global-header-display":"","ast-main-header-display":"","ast-hfb-above-header-display":"","ast-hfb-below-header-display":"","ast-hfb-mobile-header-display":"","site-post-title":"","ast-breadcrumbs-content":"","ast-featured-img":"","footer-sml-layout":"","theme-transparent-header-meta":"","adv-header-id-meta":"","stick-header-meta":"","header-above-stick-meta":"","header-main-stick-meta":"","header-below-stick-meta":""},"pwb-brand":[146],"product_cat":[66],"product_tag":[],"class_list":{"0":"post-7690","1":"product","2":"type-product","3":"status-publish","5":"pwb-brand-brembo","6":"product_cat-jarrulevyt","7":"desktop-align-left","8":"tablet-align-left","9":"mobile-align-left","11":"first","12":"instock","13":"product-type-external"},"brands":[{"id":146,"name":"BREMBO","slug":"brembo"}],"_links":{"self":[{"href":"https:\/\/www.autonvaraosahaku.fi\/index.php?rest_route=\/wp\/v2\/product\/7690","targetHints":{"allow":["GET"]}}],"collection":[{"href":"https:\/\/www.autonvaraosahaku.fi\/index.php?rest_route=\/wp\/v2\/product"}],"about":[{"href":"https:\/\/www.autonvaraosahaku.fi\/index.php?rest_route=\/wp\/v2\/types\/product"}],"wp:attachment":[{"href":"https:\/\/www.autonvaraosahaku.fi\/index.php?rest_route=%2Fwp%2Fv2%2Fmedia&parent=7690"}],"wp:term":[{"taxonomy":"pwb-brand","embeddable":true,"href":"https:\/\/www.autonvaraosahaku.fi\/index.php?rest_route=%2Fwp%2Fv2%2Fpwb-brand&post=7690"},{"taxonomy":"product_cat","embeddable":true,"href":"https:\/\/www.autonvaraosahaku.fi\/index.php?rest_route=%2Fwp%2Fv2%2Fproduct_cat&post=7690"},{"taxonomy":"product_tag","embeddable":true,"href":"https:\/\/www.autonvaraosahaku.fi\/index.php?rest_route=%2Fwp%2Fv2%2Fproduct_tag&post=7690"}],"curies":[{"name":"wp","href":"https:\/\/api.w.org\/{rel}","templated":true}]}}