{"id":76905,"date":"2021-02-21T19:48:54","date_gmt":"2021-02-21T19:48:54","guid":{"rendered":"https:\/\/www.autonvaraosahaku.fi\/?product=topran-722-974-oljypumppu"},"modified":"2021-02-21T19:48:59","modified_gmt":"2021-02-21T19:48:59","slug":"topran-722-974-oljypumppu","status":"publish","type":"product","link":"https:\/\/www.autonvaraosahaku.fi\/?product=topran-722-974-oljypumppu","title":{"rendered":"TOPRAN 722 974 \u00d6ljypumppu"},"content":{"rendered":"<p>Korvaava tuote\/korvaava tiedote 2: Akselitiivisteell\u00e4; Kotelomalli: Alumiinikoppa; Huomioi j\u00e4rjestelm\u00e4-t\u00e4ytt\u00f6m\u00e4\u00e4r\u00e4: ; Valmistusvuoteen: 12\/2011; MAZDA: 3 BK,3 BL,5 CW,3 Stufenheck BK,3 Stufenheck BL; MINI: MINI R56,MINI CLUBMAN R55; TOYOTA: AYGO WNB1_, KGB1_; VOLVO: V50 MW,V70 III BW,C30,V60,S40 II MS,S80 II AS,S60 II; FORD: FIESTA VI,FOCUS III Turnier,FOCUS C-MAX,FOCUS III,C-MAX II,FOCUS III Stufenheck; FIAT: SCUDO 270_,SCUDO Kasten 270_,SCUDO Pritsche\/Fahrgestell 270_; CITRO\u00cbN: C1 PM_, PN_,BERLINGO MF,XSARA PICASSO N68,C2 JM_,C3 I FC_,BERLINGO B9,C5 III Break TD_,C4 Grand Picasso I UA_,C4 I LC_,DS3,BERLINGO Kasten M_,C3 Picasso,C5 III RD_,C3 II,C3 Pluriel HB_,C4 II B7,JUMPY,BERLINGO Kasten B9,JUMPY Kasten,DS4,NEMO Kasten AA_,NEMO Kombi; PEUGEOT: 206 CC 2D,207 WA_, WC_,307 SW 3H,207 CC WD_,407 SW 6E_,307 3A\/C,207 SW WK_,107,308 SW,206 SW 2E\/K,206+ T3E,308 4A_, 4C_,5008,307 Break 3E,508 SW,407 6D_,3008,PARTNER Tepee,1007 KM_,PARTNER Combispace 5F,PARTNER Kasten 5,508,EXPERT Tepee VF3V_,EXPERT Kasten VF3A_, VF3U_, VF3X_,PARTNER Kasten,BIPPER AA_,BIPPER Tepee,EXPERT Pritsche\/Fahrgestell; 1001F2, 9656484580, 1001F2, 9656484580, 9467560580, 1146062, 1229667, 1319251, 1334773, 1348619, 1441252, 1479062, 1720867, 2S6Q6600AA, 2S6Q6600AC, 2S6Q6600AD, 3M5Q6600AA, 3M5Q6600AC, 3M5Q6600AD, 3M5Q6600AE, 9M5Q6B217AA, Y60114100A, Y60114100B, Y60114100C, 11417805988, 1001F2, 9656484580, SU00100572, SU00100813, 30711517, 30774601, 31259220, 31336586<\/p>\n","protected":false},"excerpt":{"rendered":"<p>TOPRAN \u00d6ljypumppu 722 974  MAZDA,MINI,TOYOTA,3 BK,3 BL,5 CW,3 Stufenheck BK,3 Stufenheck BL,MINI R56,MINI CLUBMAN R55,AYGO WNB1_, KGB1_,V50 MW<\/p>\n","protected":false},"featured_media":0,"template":"","meta":{"site-sidebar-layout":"default","site-content-layout":"default","ast-global-header-display":"","ast-main-header-display":"","ast-hfb-above-header-display":"","ast-hfb-below-header-display":"","ast-hfb-mobile-header-display":"","site-post-title":"","ast-breadcrumbs-content":"","ast-featured-img":"","footer-sml-layout":"","theme-transparent-header-meta":"","adv-header-id-meta":"","stick-header-meta":"","header-above-stick-meta":"","header-main-stick-meta":"","header-below-stick-meta":""},"pwb-brand":[18],"product_cat":[447],"product_tag":[],"class_list":{"0":"post-76905","1":"product","2":"type-product","3":"status-publish","5":"pwb-brand-topran","6":"product_cat-oljypumppu","7":"desktop-align-left","8":"tablet-align-left","9":"mobile-align-left","11":"first","12":"instock","13":"product-type-external"},"brands":[{"id":18,"name":"TOPRAN","slug":"topran"}],"_links":{"self":[{"href":"https:\/\/www.autonvaraosahaku.fi\/index.php?rest_route=\/wp\/v2\/product\/76905","targetHints":{"allow":["GET"]}}],"collection":[{"href":"https:\/\/www.autonvaraosahaku.fi\/index.php?rest_route=\/wp\/v2\/product"}],"about":[{"href":"https:\/\/www.autonvaraosahaku.fi\/index.php?rest_route=\/wp\/v2\/types\/product"}],"wp:attachment":[{"href":"https:\/\/www.autonvaraosahaku.fi\/index.php?rest_route=%2Fwp%2Fv2%2Fmedia&parent=76905"}],"wp:term":[{"taxonomy":"pwb-brand","embeddable":true,"href":"https:\/\/www.autonvaraosahaku.fi\/index.php?rest_route=%2Fwp%2Fv2%2Fpwb-brand&post=76905"},{"taxonomy":"product_cat","embeddable":true,"href":"https:\/\/www.autonvaraosahaku.fi\/index.php?rest_route=%2Fwp%2Fv2%2Fproduct_cat&post=76905"},{"taxonomy":"product_tag","embeddable":true,"href":"https:\/\/www.autonvaraosahaku.fi\/index.php?rest_route=%2Fwp%2Fv2%2Fproduct_tag&post=76905"}],"curies":[{"name":"wp","href":"https:\/\/api.w.org\/{rel}","templated":true}]}}