{"id":76914,"date":"2021-02-21T19:49:02","date_gmt":"2021-02-21T19:49:02","guid":{"rendered":"https:\/\/www.autonvaraosahaku.fi\/?product=mahle-original-tx-18-83d-termostaatti"},"modified":"2021-02-21T19:49:03","modified_gmt":"2021-02-21T19:49:03","slug":"mahle-original-tx-18-83d-termostaatti","status":"publish","type":"product","link":"https:\/\/www.autonvaraosahaku.fi\/?product=mahle-original-tx-18-83d-termostaatti","title":{"rendered":"MAHLE ORIGINAL TX 18 83D Termostaatti"},"content":{"rendered":"<p>Avausl\u00e4mp\u00f6tila [\u00b0C]: 83; Lis\u00e4tarvike\/lis\u00e4tieto: Tiivisteill\u00e4, Tiivisteill\u00e4; Tarvittava kappalem\u00e4\u00e4r\u00e4: 2; AUDI: A6 4G2, C7, 4GC; MERCEDES-BENZ: T2\/L Kasten\/Kombi,T2\/LN1 Kasten\/Kombi,VARIO Kasten\/Kombi,VARIO Pritsche\/Fahrgestell,T2\/L Pritsche\/Fahrgestell,VARIO Kipper,T2\/LN1 Pritsche\/Fahrgestell,T2\/L Kommunalfahrzeug,VARIO Bus,T2\/LN1 Kipper,T2\/L Kipper,T2\/LN1 Bus,VARIO Triebkopf,T2\/L Sattelschlepper,T2\/LN1 Triebkopf,ACCELO,ACTROS,ACTROS MP2 \/ MP3,ATEGO,ATEGO 2,AXOR,AXOR 2,CAPACITY,CITARO (O 530),CITO (O 520),CONECTO (O 345),ECONIC,INTEGRO (O 550),INTOURO,LK\/LN2,LP,MB-TRAC,MK,NG,O 301,O 302,O 303,O 305,O 307,O 309,O 340,O 402,O 403,O 404,O 405,O 407,O 408,OF,OH,SK,T2\/L,TOURINO (O 510),TOURISMO (O 350),TOURO (O 500),TRAVEGO (O 580),UNIMOG,ZETROS; SETRA: Series 200,Series 400; RENAULT TRUCKS: PREMIUM; NEOPLAN: Megaliner; 0609731, 0002037075, 0012036975, 0012037975, 0022030475, 0022030575, 0022033175, 0022033275, 0022034075, 0022034575, 0022034775, 0022034975, 0022035375, 0022035675, 0022035975, 0022037475, 0022037975, 0022039075, 0022039675, 0022039975, 0032031475, 0032032875, 0032033175, 0032034775, 0032037075, 0032037375, 0032037875, 0042038375, 0052032675, 0052035975, 1102000915, 1152000615, 1152000715, 3732037075, 83129996050, A0002037075, A0012036975, A0012037975, A0022030475, A0022030575, A0022033175, A0022033275, A0022034075, A0022034575, A0022034775, A0022034975, A0022035375, A0022035675, A0022035975, A0022037475, A0022037975, A0022039075, A0022039675, A0022039975, A0032031475, A0032032875, A0032033175, A0032034775, A0032037075, A0032037375, A0032037875, A0042038375, A0052032675, A0052035975, A1102000915, A1152000615, A1152000715, A3732037075, A83129996050, Q83129996050; Termostaatti, J\u00e4\u00e4hdytysneste<\/p>\n","protected":false},"excerpt":{"rendered":"<p>MAHLE ORIGINAL Termostaatti TX 18 83D Termostaatti, J\u00e4\u00e4hdytysneste AUDI,MERCEDES-BENZ,SETRA,A6 4G2, C7, 4GC,T2\/L Kasten\/Kombi,T2\/LN1 Kasten\/Kombi<\/p>\n","protected":false},"featured_media":0,"template":"","meta":{"site-sidebar-layout":"default","site-content-layout":"default","ast-global-header-display":"","ast-main-header-display":"","ast-hfb-above-header-display":"","ast-hfb-below-header-display":"","ast-hfb-mobile-header-display":"","site-post-title":"","ast-breadcrumbs-content":"","ast-featured-img":"","footer-sml-layout":"","theme-transparent-header-meta":"","adv-header-id-meta":"","stick-header-meta":"","header-above-stick-meta":"","header-main-stick-meta":"","header-below-stick-meta":""},"pwb-brand":[153],"product_cat":[174],"product_tag":[],"class_list":{"0":"post-76914","1":"product","2":"type-product","3":"status-publish","5":"pwb-brand-mahle-original","6":"product_cat-termostaatti","7":"desktop-align-left","8":"tablet-align-left","9":"mobile-align-left","11":"first","12":"instock","13":"product-type-external"},"brands":[{"id":153,"name":"MAHLE ORIGINAL","slug":"mahle-original"}],"_links":{"self":[{"href":"https:\/\/www.autonvaraosahaku.fi\/index.php?rest_route=\/wp\/v2\/product\/76914","targetHints":{"allow":["GET"]}}],"collection":[{"href":"https:\/\/www.autonvaraosahaku.fi\/index.php?rest_route=\/wp\/v2\/product"}],"about":[{"href":"https:\/\/www.autonvaraosahaku.fi\/index.php?rest_route=\/wp\/v2\/types\/product"}],"wp:attachment":[{"href":"https:\/\/www.autonvaraosahaku.fi\/index.php?rest_route=%2Fwp%2Fv2%2Fmedia&parent=76914"}],"wp:term":[{"taxonomy":"pwb-brand","embeddable":true,"href":"https:\/\/www.autonvaraosahaku.fi\/index.php?rest_route=%2Fwp%2Fv2%2Fpwb-brand&post=76914"},{"taxonomy":"product_cat","embeddable":true,"href":"https:\/\/www.autonvaraosahaku.fi\/index.php?rest_route=%2Fwp%2Fv2%2Fproduct_cat&post=76914"},{"taxonomy":"product_tag","embeddable":true,"href":"https:\/\/www.autonvaraosahaku.fi\/index.php?rest_route=%2Fwp%2Fv2%2Fproduct_tag&post=76914"}],"curies":[{"name":"wp","href":"https:\/\/api.w.org\/{rel}","templated":true}]}}