{"id":7693,"date":"2021-02-21T14:00:53","date_gmt":"2021-02-21T14:00:53","guid":{"rendered":"https:\/\/www.autonvaraosahaku.fi\/?product=master-sport-1955-2-lf-pcs-ms-ilmansuodatin"},"modified":"2021-02-21T14:00:54","modified_gmt":"2021-02-21T14:00:54","slug":"master-sport-1955-2-lf-pcs-ms-ilmansuodatin","status":"publish","type":"product","link":"https:\/\/www.autonvaraosahaku.fi\/?product=master-sport-1955-2-lf-pcs-ms-ilmansuodatin","title":{"rendered":"MASTER-SPORT 1955-2-LF-PCS-MS Ilmansuodatin"},"content":{"rendered":"<p>Pituus (mm): 186; M\u00e4\u00e4r\u00e4yksikk\u00f6: Kappale; Leveys (mm): 140; Korkeus (mm): 50; Nettopaino [kg]: 0,1; Bruttopaino [kg]: 0,16; Moottorinumero: AKK. ANW, AUD; VW: LUPO 6X1, 6E1,POLO 6N2,CADDY II Kasten 9K9A,POLO Variant 6KV5,POLO CLASSIC 6KV2,CADDY II Kombi 9K9B; SEAT: AROSA 6H,IBIZA II 6K1; 60306015000<\/p>\n","protected":false},"excerpt":{"rendered":"<p>MASTER-SPORT Ilmansuodatin 1955-2-LF-PCS-MS  VW,SEAT,LUPO 6X1, 6E1,POLO 6N2,CADDY II Kasten 9K9A,POLO Variant 6KV5,POLO CLASSIC 6KV2<\/p>\n","protected":false},"featured_media":0,"template":"","meta":{"site-sidebar-layout":"default","site-content-layout":"default","ast-global-header-display":"","ast-main-header-display":"","ast-hfb-above-header-display":"","ast-hfb-below-header-display":"","ast-hfb-mobile-header-display":"","site-post-title":"","ast-breadcrumbs-content":"","ast-featured-img":"","footer-sml-layout":"","theme-transparent-header-meta":"","adv-header-id-meta":"","stick-header-meta":"","header-above-stick-meta":"","header-main-stick-meta":"","header-below-stick-meta":""},"pwb-brand":[61],"product_cat":[31],"product_tag":[],"class_list":{"0":"post-7693","1":"product","2":"type-product","3":"status-publish","5":"pwb-brand-master-sport","6":"product_cat-ilmansuodatin","7":"desktop-align-left","8":"tablet-align-left","9":"mobile-align-left","11":"first","12":"instock","13":"product-type-external"},"brands":[{"id":61,"name":"MASTER-SPORT","slug":"master-sport"}],"_links":{"self":[{"href":"https:\/\/www.autonvaraosahaku.fi\/index.php?rest_route=\/wp\/v2\/product\/7693","targetHints":{"allow":["GET"]}}],"collection":[{"href":"https:\/\/www.autonvaraosahaku.fi\/index.php?rest_route=\/wp\/v2\/product"}],"about":[{"href":"https:\/\/www.autonvaraosahaku.fi\/index.php?rest_route=\/wp\/v2\/types\/product"}],"wp:attachment":[{"href":"https:\/\/www.autonvaraosahaku.fi\/index.php?rest_route=%2Fwp%2Fv2%2Fmedia&parent=7693"}],"wp:term":[{"taxonomy":"pwb-brand","embeddable":true,"href":"https:\/\/www.autonvaraosahaku.fi\/index.php?rest_route=%2Fwp%2Fv2%2Fpwb-brand&post=7693"},{"taxonomy":"product_cat","embeddable":true,"href":"https:\/\/www.autonvaraosahaku.fi\/index.php?rest_route=%2Fwp%2Fv2%2Fproduct_cat&post=7693"},{"taxonomy":"product_tag","embeddable":true,"href":"https:\/\/www.autonvaraosahaku.fi\/index.php?rest_route=%2Fwp%2Fv2%2Fproduct_tag&post=7693"}],"curies":[{"name":"wp","href":"https:\/\/api.w.org\/{rel}","templated":true}]}}