{"id":7694,"date":"2021-02-21T14:00:53","date_gmt":"2021-02-21T14:00:53","guid":{"rendered":"https:\/\/www.autonvaraosahaku.fi\/?product=ate-24-0125-0209-1-jarrulevyt"},"modified":"2021-02-21T14:00:54","modified_gmt":"2021-02-21T14:00:54","slug":"ate-24-0125-0209-1-jarrulevyt","status":"publish","type":"product","link":"https:\/\/www.autonvaraosahaku.fi\/?product=ate-24-0125-0209-1-jarrulevyt","title":{"rendered":"ATE 24.0125-0209.1 Jarrulevyt"},"content":{"rendered":"<p>Ulkol\u00e4pimitta [mm]: 320,0; Jarrulevyn paksuus (mm): 25,0; V\u00e4himm\u00e4ispaksuus (mm): 23,0; Jarrulevytyyppi: Tuuletettu; K\u00e4sittely: hiiliter\u00e4s; Pinta: pinnoitettu; Reikien m\u00e4\u00e4r\u00e4: 5; MAPP-koodi saatavilla: ; Reik\u00e4ympyr\u00e4-\u00d8 [mm]: 108,0; Korkeus (mm): 48,7; keskitt\u00e4misl\u00e4pimitta [mm]: 63,5; Sis\u00e4l\u00e4pimitta [mm]: 148,0; Reik\u00e4-\u00d8 [mm]: 13,7; Valmistusvuosi alkaen: 01\/2011; FORD: FOCUS II DA_,FOCUS III Turnier,FOCUS III,KUGA II DM2,TOURNEO CONNECT \/ GRAND TOURNEO CONNECT Kombi,TRANSIT CONNECT Kasten,TRANSIT CONNECT Kombi,KUGA II Van; 1770767, 1829608, CV611125GA, DV611125FA; Jarrulevy<\/p>\n","protected":false},"excerpt":{"rendered":"<p>ATE Jarrulevyt 24.0125-0209.1 Jarrulevy FORD,FOCUS II DA_,FOCUS III Turnier,FOCUS III,KUGA II DM2,TOURNEO CONNECT \/ GRAND TOURNEO CONNECT Kombi<\/p>\n","protected":false},"featured_media":0,"template":"","meta":{"site-sidebar-layout":"default","site-content-layout":"default","ast-global-header-display":"","ast-main-header-display":"","ast-hfb-above-header-display":"","ast-hfb-below-header-display":"","ast-hfb-mobile-header-display":"","site-post-title":"","ast-breadcrumbs-content":"","ast-featured-img":"","footer-sml-layout":"","theme-transparent-header-meta":"","adv-header-id-meta":"","stick-header-meta":"","header-above-stick-meta":"","header-main-stick-meta":"","header-below-stick-meta":""},"pwb-brand":[108],"product_cat":[66],"product_tag":[],"class_list":{"0":"post-7694","1":"product","2":"type-product","3":"status-publish","5":"pwb-brand-ate","6":"product_cat-jarrulevyt","7":"desktop-align-left","8":"tablet-align-left","9":"mobile-align-left","11":"first","12":"instock","13":"product-type-external"},"brands":[{"id":108,"name":"ATE","slug":"ate"}],"_links":{"self":[{"href":"https:\/\/www.autonvaraosahaku.fi\/index.php?rest_route=\/wp\/v2\/product\/7694","targetHints":{"allow":["GET"]}}],"collection":[{"href":"https:\/\/www.autonvaraosahaku.fi\/index.php?rest_route=\/wp\/v2\/product"}],"about":[{"href":"https:\/\/www.autonvaraosahaku.fi\/index.php?rest_route=\/wp\/v2\/types\/product"}],"wp:attachment":[{"href":"https:\/\/www.autonvaraosahaku.fi\/index.php?rest_route=%2Fwp%2Fv2%2Fmedia&parent=7694"}],"wp:term":[{"taxonomy":"pwb-brand","embeddable":true,"href":"https:\/\/www.autonvaraosahaku.fi\/index.php?rest_route=%2Fwp%2Fv2%2Fpwb-brand&post=7694"},{"taxonomy":"product_cat","embeddable":true,"href":"https:\/\/www.autonvaraosahaku.fi\/index.php?rest_route=%2Fwp%2Fv2%2Fproduct_cat&post=7694"},{"taxonomy":"product_tag","embeddable":true,"href":"https:\/\/www.autonvaraosahaku.fi\/index.php?rest_route=%2Fwp%2Fv2%2Fproduct_tag&post=7694"}],"curies":[{"name":"wp","href":"https:\/\/api.w.org\/{rel}","templated":true}]}}