{"id":76968,"date":"2021-02-21T19:49:16","date_gmt":"2021-02-21T19:49:16","guid":{"rendered":"https:\/\/www.autonvaraosahaku.fi\/?product=monroe-16431-iskunvaimennin"},"modified":"2021-02-21T19:49:22","modified_gmt":"2021-02-21T19:49:22","slug":"monroe-16431-iskunvaimennin","status":"publish","type":"product","link":"https:\/\/www.autonvaraosahaku.fi\/?product=monroe-16431-iskunvaimennin","title":{"rendered":"MONROE 16431 Iskunvaimennin"},"content":{"rendered":"<p>Iskunvaimennin tyyppi: Kaasupaine; Iskunvaimennin malli: Joustintuki; Iskunvaimennusj\u00e4rjestelm\u00e4: Kaksiputki; Paino [kg]: 4,500; Reik\u00e4-\u00d8 [mm]: 32; suurin pituus [mm]: 598; v\u00e4h. pituus [mm]: 370; Pakkauspituus [cm]: 57,1; Pakkausleveys [cm]: 17; Pakkauskorkeus [mm]: 17; Tullitariffinumero: 87088035; Tappil\u00e4pimitta [mm]: 22; Asennuspuoli: Hinterachse; FORD: MONDEO III B5Y,MONDEO III Stufenheck B4Y; 1121964, 1121965, 1130112, 1130113, 1219068, 1220627, 1231606, 1306194, 1306196, 1306202, 1S7118A076AA, 1S7118A076AB, 1S7118A076AC, 1S7118A076AD, 1S7118A076AF, 1S7118A076BA, 1S7118A076BB, 1S7118A076BC, 1S7118A076BD, 1S7118A076BF, 1S7118K076AD, 1S7118K076AF, 1S7118K076BF, 1S711BA076BB, 2S7118A076BA, 2S7118A076BB, 2S7118A076BC, 2S7118A76BC; Iskarit,Iskunvaimennin<\/p>\n","protected":false},"excerpt":{"rendered":"<p>MONROE Iskunvaimentimet MONROE ORIGINAL (Gas Technology) 16431 Iskarit,Iskunvaimennin FORD,MONDEO III B5Y,MONDEO III Stufenheck B4Y<\/p>\n","protected":false},"featured_media":0,"template":"","meta":{"site-sidebar-layout":"default","site-content-layout":"default","ast-global-header-display":"","ast-main-header-display":"","ast-hfb-above-header-display":"","ast-hfb-below-header-display":"","ast-hfb-mobile-header-display":"","site-post-title":"","ast-breadcrumbs-content":"","ast-featured-img":"","footer-sml-layout":"","theme-transparent-header-meta":"","adv-header-id-meta":"","stick-header-meta":"","header-above-stick-meta":"","header-main-stick-meta":"","header-below-stick-meta":""},"pwb-brand":[79],"product_cat":[80],"product_tag":[],"class_list":{"0":"post-76968","1":"product","2":"type-product","3":"status-publish","5":"pwb-brand-monroe","6":"product_cat-iskunvaimennin","7":"desktop-align-left","8":"tablet-align-left","9":"mobile-align-left","11":"first","12":"instock","13":"product-type-external"},"brands":[{"id":79,"name":"MONROE","slug":"monroe"}],"_links":{"self":[{"href":"https:\/\/www.autonvaraosahaku.fi\/index.php?rest_route=\/wp\/v2\/product\/76968","targetHints":{"allow":["GET"]}}],"collection":[{"href":"https:\/\/www.autonvaraosahaku.fi\/index.php?rest_route=\/wp\/v2\/product"}],"about":[{"href":"https:\/\/www.autonvaraosahaku.fi\/index.php?rest_route=\/wp\/v2\/types\/product"}],"wp:attachment":[{"href":"https:\/\/www.autonvaraosahaku.fi\/index.php?rest_route=%2Fwp%2Fv2%2Fmedia&parent=76968"}],"wp:term":[{"taxonomy":"pwb-brand","embeddable":true,"href":"https:\/\/www.autonvaraosahaku.fi\/index.php?rest_route=%2Fwp%2Fv2%2Fpwb-brand&post=76968"},{"taxonomy":"product_cat","embeddable":true,"href":"https:\/\/www.autonvaraosahaku.fi\/index.php?rest_route=%2Fwp%2Fv2%2Fproduct_cat&post=76968"},{"taxonomy":"product_tag","embeddable":true,"href":"https:\/\/www.autonvaraosahaku.fi\/index.php?rest_route=%2Fwp%2Fv2%2Fproduct_tag&post=76968"}],"curies":[{"name":"wp","href":"https:\/\/api.w.org\/{rel}","templated":true}]}}