{"id":76978,"date":"2021-02-21T19:49:24","date_gmt":"2021-02-21T19:49:24","guid":{"rendered":"https:\/\/www.autonvaraosahaku.fi\/?product=topran-114-573-lasinnostimen-kytkin"},"modified":"2021-02-21T19:49:26","modified_gmt":"2021-02-21T19:49:26","slug":"topran-114-573-lasinnostimen-kytkin","status":"publish","type":"product","link":"https:\/\/www.autonvaraosahaku.fi\/?product=topran-114-573-lasinnostimen-kytkin","title":{"rendered":"TOPRAN 114 573 Lasinnostimen kytkin"},"content":{"rendered":"<p>V\u00e4ri: Musta; K\u00e4ytt\u00f6: S\u00e4hk\u00f6inen; V\u00e4rikoodi: 5PR; Varusteet: ajoneuvoille s\u00e4hk\u00f6-ikkunahisseill\u00e4; K\u00e4ytt\u00f6tapa: Vipukytkin; Kotelomateriaali: Muovi; Asennusmalli: Liitin; Asennuspuoli: beifahrerseitig; AUDI: A4 Avant 8ED, B7,A4 8EC, B7,TT 8J3,TT Roadster 8J9; 8E0959855, 8E09598555PR, 8E0959855A, 8E0959855A5PR; Kytkin, Lasinnostin<\/p>\n","protected":false},"excerpt":{"rendered":"<p>TOPRAN Lasinnostimen Kytkin 114 573 Kytkin, Lasinnostin AUDI,A4 Avant 8ED, B7,A4 8EC, B7,TT 8J3,TT Roadster 8J9<\/p>\n","protected":false},"featured_media":0,"template":"","meta":{"site-sidebar-layout":"default","site-content-layout":"default","ast-global-header-display":"","ast-main-header-display":"","ast-hfb-above-header-display":"","ast-hfb-below-header-display":"","ast-hfb-mobile-header-display":"","site-post-title":"","ast-breadcrumbs-content":"","ast-featured-img":"","footer-sml-layout":"","theme-transparent-header-meta":"","adv-header-id-meta":"","stick-header-meta":"","header-above-stick-meta":"","header-main-stick-meta":"","header-below-stick-meta":""},"pwb-brand":[18],"product_cat":[135],"product_tag":[],"class_list":{"0":"post-76978","1":"product","2":"type-product","3":"status-publish","5":"pwb-brand-topran","6":"product_cat-lasinnostimen-kytkin","7":"desktop-align-left","8":"tablet-align-left","9":"mobile-align-left","11":"first","12":"instock","13":"product-type-external"},"brands":[{"id":18,"name":"TOPRAN","slug":"topran"}],"_links":{"self":[{"href":"https:\/\/www.autonvaraosahaku.fi\/index.php?rest_route=\/wp\/v2\/product\/76978","targetHints":{"allow":["GET"]}}],"collection":[{"href":"https:\/\/www.autonvaraosahaku.fi\/index.php?rest_route=\/wp\/v2\/product"}],"about":[{"href":"https:\/\/www.autonvaraosahaku.fi\/index.php?rest_route=\/wp\/v2\/types\/product"}],"wp:attachment":[{"href":"https:\/\/www.autonvaraosahaku.fi\/index.php?rest_route=%2Fwp%2Fv2%2Fmedia&parent=76978"}],"wp:term":[{"taxonomy":"pwb-brand","embeddable":true,"href":"https:\/\/www.autonvaraosahaku.fi\/index.php?rest_route=%2Fwp%2Fv2%2Fpwb-brand&post=76978"},{"taxonomy":"product_cat","embeddable":true,"href":"https:\/\/www.autonvaraosahaku.fi\/index.php?rest_route=%2Fwp%2Fv2%2Fproduct_cat&post=76978"},{"taxonomy":"product_tag","embeddable":true,"href":"https:\/\/www.autonvaraosahaku.fi\/index.php?rest_route=%2Fwp%2Fv2%2Fproduct_tag&post=76978"}],"curies":[{"name":"wp","href":"https:\/\/api.w.org\/{rel}","templated":true}]}}