{"id":76982,"date":"2021-02-21T19:49:24","date_gmt":"2021-02-21T19:49:24","guid":{"rendered":"https:\/\/www.autonvaraosahaku.fi\/?product=ferodo-ddf1174c-1-jarrulevyt"},"modified":"2021-02-21T19:49:28","modified_gmt":"2021-02-21T19:49:28","slug":"ferodo-ddf1174c-1-jarrulevyt","status":"publish","type":"product","link":"https:\/\/www.autonvaraosahaku.fi\/?product=ferodo-ddf1174c-1-jarrulevyt","title":{"rendered":"FERODO DDF1174C-1 Jarrulevyt"},"content":{"rendered":"<p>Korkeus (mm): 52; Paino [kg]: 9,06; Jarrulevytyyppi: Tuuletettu; Jarrulevyn paksuus (mm): 25; V\u00e4himm\u00e4ispaksuus (mm): 23,4; Ulkol\u00e4pimitta [mm]: 325; Reikien m\u00e4\u00e4r\u00e4: 5; keskitt\u00e4misl\u00e4pimitta [mm]: 79; Kiristysmomentti: 120; Pinta: pinnoitettu; M\u00e4\u00e4r\u00e4yksikk\u00f6: Kappale; Korvaava tuote\/korvaava tiedote 2: ilman ruuveja; Pakkauspituus [cm]: 33; Pakkausleveys [cm]: 33; Pakkauskorkeus [mm]: 9,4; Tuotelinja: PREMIER Coat+ disc; Asennuspuoli: Vorderachse; BMW: 3 E46,3 Touring E46,3 Coupe E46,3 Cabriolet E46,Z4 E85,Z4 Coupe E86; 34101166071, 34116769305, 34116855156, 34116864047, 402062000R; Jarrulevy<\/p>\n","protected":false},"excerpt":{"rendered":"<p>FERODO Jarrulevyt DDF1174C-1 Jarrulevy BMW,3 E46,3 Touring E46,3 Coupe E46,3 Cabriolet E46,Z4 E85,Z4 Coupe E86<\/p>\n","protected":false},"featured_media":0,"template":"","meta":{"site-sidebar-layout":"default","site-content-layout":"default","ast-global-header-display":"","ast-main-header-display":"","ast-hfb-above-header-display":"","ast-hfb-below-header-display":"","ast-hfb-mobile-header-display":"","site-post-title":"","ast-breadcrumbs-content":"","ast-featured-img":"","footer-sml-layout":"","theme-transparent-header-meta":"","adv-header-id-meta":"","stick-header-meta":"","header-above-stick-meta":"","header-main-stick-meta":"","header-below-stick-meta":""},"pwb-brand":[298],"product_cat":[66],"product_tag":[],"class_list":{"0":"post-76982","1":"product","2":"type-product","3":"status-publish","5":"pwb-brand-ferodo","6":"product_cat-jarrulevyt","7":"desktop-align-left","8":"tablet-align-left","9":"mobile-align-left","11":"first","12":"instock","13":"product-type-external"},"brands":[{"id":298,"name":"FERODO","slug":"ferodo"}],"_links":{"self":[{"href":"https:\/\/www.autonvaraosahaku.fi\/index.php?rest_route=\/wp\/v2\/product\/76982","targetHints":{"allow":["GET"]}}],"collection":[{"href":"https:\/\/www.autonvaraosahaku.fi\/index.php?rest_route=\/wp\/v2\/product"}],"about":[{"href":"https:\/\/www.autonvaraosahaku.fi\/index.php?rest_route=\/wp\/v2\/types\/product"}],"wp:attachment":[{"href":"https:\/\/www.autonvaraosahaku.fi\/index.php?rest_route=%2Fwp%2Fv2%2Fmedia&parent=76982"}],"wp:term":[{"taxonomy":"pwb-brand","embeddable":true,"href":"https:\/\/www.autonvaraosahaku.fi\/index.php?rest_route=%2Fwp%2Fv2%2Fpwb-brand&post=76982"},{"taxonomy":"product_cat","embeddable":true,"href":"https:\/\/www.autonvaraosahaku.fi\/index.php?rest_route=%2Fwp%2Fv2%2Fproduct_cat&post=76982"},{"taxonomy":"product_tag","embeddable":true,"href":"https:\/\/www.autonvaraosahaku.fi\/index.php?rest_route=%2Fwp%2Fv2%2Fproduct_tag&post=76982"}],"curies":[{"name":"wp","href":"https:\/\/api.w.org\/{rel}","templated":true}]}}