{"id":76989,"date":"2021-02-21T19:49:24","date_gmt":"2021-02-21T19:49:24","guid":{"rendered":"https:\/\/www.autonvaraosahaku.fi\/?product=ae-vag96095-muut-luokat"},"modified":"2021-02-21T19:49:30","modified_gmt":"2021-02-21T19:49:30","slug":"ae-vag96095-muut-luokat","status":"publish","type":"product","link":"https:\/\/www.autonvaraosahaku.fi\/?product=ae-vag96095-muut-luokat","title":{"rendered":"AE VAG96095 Muut luokat"},"content":{"rendered":"<p>Pituus (mm): 37,600; Sis\u00e4l\u00e4pimitta [mm]: 6,000; Ulkol\u00e4pimitta [mm]: 12,550; Asennuspuoli: Eingang; MERCEDES-BENZ: A-CLASS W169,A-CLASS W168,B-CLASS W245,C-CLASS W202,E-CLASS W210,E-CLASS Kombi S210,C-CLASS Kombi S202,VANEO 414,E-CLASS W124,G-CLASS W463,S-CLASS W140,E-CLASS Kombi S124,G-CLASS Cabrio W463; 6060531229<\/p>\n","protected":false},"excerpt":{"rendered":"<p>AE Venttiilinohjain VAG96095  MERCEDES-BENZ,A-CLASS W169,A-CLASS W168,B-CLASS W245,C-CLASS W202,E-CLASS W210,E-CLASS Kombi S210,C-CLASS Kombi S202<\/p>\n","protected":false},"featured_media":0,"template":"","meta":{"site-sidebar-layout":"default","site-content-layout":"default","ast-global-header-display":"","ast-main-header-display":"","ast-hfb-above-header-display":"","ast-hfb-below-header-display":"","ast-hfb-mobile-header-display":"","site-post-title":"","ast-breadcrumbs-content":"","ast-featured-img":"","footer-sml-layout":"","theme-transparent-header-meta":"","adv-header-id-meta":"","stick-header-meta":"","header-above-stick-meta":"","header-main-stick-meta":"","header-below-stick-meta":""},"pwb-brand":[190],"product_cat":[37],"product_tag":[],"class_list":{"0":"post-76989","1":"product","2":"type-product","3":"status-publish","5":"pwb-brand-ae","6":"product_cat-muut-luokat","7":"desktop-align-left","8":"tablet-align-left","9":"mobile-align-left","11":"first","12":"instock","13":"product-type-external"},"brands":[{"id":190,"name":"AE","slug":"ae"}],"_links":{"self":[{"href":"https:\/\/www.autonvaraosahaku.fi\/index.php?rest_route=\/wp\/v2\/product\/76989","targetHints":{"allow":["GET"]}}],"collection":[{"href":"https:\/\/www.autonvaraosahaku.fi\/index.php?rest_route=\/wp\/v2\/product"}],"about":[{"href":"https:\/\/www.autonvaraosahaku.fi\/index.php?rest_route=\/wp\/v2\/types\/product"}],"wp:attachment":[{"href":"https:\/\/www.autonvaraosahaku.fi\/index.php?rest_route=%2Fwp%2Fv2%2Fmedia&parent=76989"}],"wp:term":[{"taxonomy":"pwb-brand","embeddable":true,"href":"https:\/\/www.autonvaraosahaku.fi\/index.php?rest_route=%2Fwp%2Fv2%2Fpwb-brand&post=76989"},{"taxonomy":"product_cat","embeddable":true,"href":"https:\/\/www.autonvaraosahaku.fi\/index.php?rest_route=%2Fwp%2Fv2%2Fproduct_cat&post=76989"},{"taxonomy":"product_tag","embeddable":true,"href":"https:\/\/www.autonvaraosahaku.fi\/index.php?rest_route=%2Fwp%2Fv2%2Fproduct_tag&post=76989"}],"curies":[{"name":"wp","href":"https:\/\/api.w.org\/{rel}","templated":true}]}}