{"id":77006,"date":"2021-02-21T19:49:31","date_gmt":"2021-02-21T19:49:31","guid":{"rendered":"https:\/\/www.autonvaraosahaku.fi\/?product=jp-group-1161901580-jarrusatula"},"modified":"2021-02-21T19:49:36","modified_gmt":"2021-02-21T19:49:36","slug":"jp-group-1161901580-jarrusatula","status":"publish","type":"product","link":"https:\/\/www.autonvaraosahaku.fi\/?product=jp-group-1161901580-jarrusatula","title":{"rendered":"JP GROUP 1161901580 Jarrusatula"},"content":{"rendered":"<p>Asennuspuoli: Etuakseli, oikea; Jarrusatulatyyppi: Jarrusatula (1-m\u00e4nt\u00e4); Sylinterim\u00e4nn\u00e4n halkaisija [mm]: 57; Valmistaja rajaus: ATE; PR-numerolle: 1ZC\/LB\/LE\/LF\/LT; Valmistusvuoteen: 05\/2000; VW: PASSAT Variant 3B6,PASSAT Variant 3B5,PASSAT 3B2,PASSAT 3B3; AUDI: A6 Avant 4F5, C6,A4 8D2, B5,A4 Avant 8ED, B7,A4 Avant 8E5, B6,A6 Avant 4B5, C5,A4 Avant 8D5, B5,A4 8E2, B6,A6 4F2, C6,A6 4B2, C5,A4 Cabriolet 8H7, B6, 8HE, B7,A4 8EC, B7; SKODA: SUPERB 3U4; SEAT: EXEO ST 3R5,EXEO 3R2; 4B0615124, 8D0615124B, 8E0615124A, 4B0615124, 8D0615124B, 8E0615124A, 4B0615124, 8D0615124B, 8E0615124A, 4B0615124, 8D0615124B, 8E0615124A<\/p>\n","protected":false},"excerpt":{"rendered":"<p>JP GROUP Jarrusatula JP Group 1161901580  VW,AUDI,SKODA,PASSAT Variant 3B6,PASSAT Variant 3B5,PASSAT 3B2,PASSAT 3B3,A6 Avant 4F5, C6,A4 8D2, B5<\/p>\n","protected":false},"featured_media":0,"template":"","meta":{"site-sidebar-layout":"default","site-content-layout":"default","ast-global-header-display":"","ast-main-header-display":"","ast-hfb-above-header-display":"","ast-hfb-below-header-display":"","ast-hfb-mobile-header-display":"","site-post-title":"","ast-breadcrumbs-content":"","ast-featured-img":"","footer-sml-layout":"","theme-transparent-header-meta":"","adv-header-id-meta":"","stick-header-meta":"","header-above-stick-meta":"","header-main-stick-meta":"","header-below-stick-meta":""},"pwb-brand":[131],"product_cat":[177],"product_tag":[],"class_list":{"0":"post-77006","1":"product","2":"type-product","3":"status-publish","5":"pwb-brand-jp-group","6":"product_cat-jarrusatula","7":"desktop-align-left","8":"tablet-align-left","9":"mobile-align-left","11":"first","12":"instock","13":"product-type-external"},"brands":[{"id":131,"name":"JP GROUP","slug":"jp-group"}],"_links":{"self":[{"href":"https:\/\/www.autonvaraosahaku.fi\/index.php?rest_route=\/wp\/v2\/product\/77006","targetHints":{"allow":["GET"]}}],"collection":[{"href":"https:\/\/www.autonvaraosahaku.fi\/index.php?rest_route=\/wp\/v2\/product"}],"about":[{"href":"https:\/\/www.autonvaraosahaku.fi\/index.php?rest_route=\/wp\/v2\/types\/product"}],"wp:attachment":[{"href":"https:\/\/www.autonvaraosahaku.fi\/index.php?rest_route=%2Fwp%2Fv2%2Fmedia&parent=77006"}],"wp:term":[{"taxonomy":"pwb-brand","embeddable":true,"href":"https:\/\/www.autonvaraosahaku.fi\/index.php?rest_route=%2Fwp%2Fv2%2Fpwb-brand&post=77006"},{"taxonomy":"product_cat","embeddable":true,"href":"https:\/\/www.autonvaraosahaku.fi\/index.php?rest_route=%2Fwp%2Fv2%2Fproduct_cat&post=77006"},{"taxonomy":"product_tag","embeddable":true,"href":"https:\/\/www.autonvaraosahaku.fi\/index.php?rest_route=%2Fwp%2Fv2%2Fproduct_tag&post=77006"}],"curies":[{"name":"wp","href":"https:\/\/api.w.org\/{rel}","templated":true}]}}