{"id":77022,"date":"2021-02-21T19:49:38","date_gmt":"2021-02-21T19:49:38","guid":{"rendered":"https:\/\/www.autonvaraosahaku.fi\/?product=ashika-95-04-403-kytkin-paasylinteri"},"modified":"2021-02-21T19:49:42","modified_gmt":"2021-02-21T19:49:42","slug":"ashika-95-04-403-kytkin-paasylinteri","status":"publish","type":"product","link":"https:\/\/www.autonvaraosahaku.fi\/?product=ashika-95-04-403-kytkin-paasylinteri","title":{"rendered":"ASHIKA 95-04-403 Kytkin p\u00e4\u00e4sylinteri"},"content":{"rendered":"<p>Reik\u00e4-\u00d8 1 [mm]: 22; Kiinnityrreikien et\u00e4isyys [mm]: 81; Reikien m\u00e4\u00e4r\u00e4: 1; HONDA: CIVIC VII Hatchback EU, EP, EV,CR-V II RD_,ACCORD VII CL,FR-V BE,ACCORD VII Tourer CM,STREAM RN; 46920S7AA01, 46920S7AA02, 46920S7AA03, 46920S7AA04, 46920S7AA05; P\u00e4\u00e4sylinteri, Kytkin<\/p>\n","protected":false},"excerpt":{"rendered":"<p>ASHIKA Kytkin P\u00e4\u00e4sylinteri 95-04-403 P\u00e4\u00e4sylinteri, Kytkin HONDA,CIVIC VII Hatchback EU, EP, EV,CR-V II RD_,ACCORD VII CL,FR-V BE,ACCORD VII Tourer CM<\/p>\n","protected":false},"featured_media":0,"template":"","meta":{"site-sidebar-layout":"default","site-content-layout":"default","ast-global-header-display":"","ast-main-header-display":"","ast-hfb-above-header-display":"","ast-hfb-below-header-display":"","ast-hfb-mobile-header-display":"","site-post-title":"","ast-breadcrumbs-content":"","ast-featured-img":"","footer-sml-layout":"","theme-transparent-header-meta":"","adv-header-id-meta":"","stick-header-meta":"","header-above-stick-meta":"","header-main-stick-meta":"","header-below-stick-meta":""},"pwb-brand":[102],"product_cat":[239],"product_tag":[],"class_list":{"0":"post-77022","1":"product","2":"type-product","3":"status-publish","5":"pwb-brand-ashika","6":"product_cat-kytkin-paasylinteri","7":"desktop-align-left","8":"tablet-align-left","9":"mobile-align-left","11":"first","12":"instock","13":"product-type-external"},"brands":[{"id":102,"name":"ASHIKA","slug":"ashika"}],"_links":{"self":[{"href":"https:\/\/www.autonvaraosahaku.fi\/index.php?rest_route=\/wp\/v2\/product\/77022","targetHints":{"allow":["GET"]}}],"collection":[{"href":"https:\/\/www.autonvaraosahaku.fi\/index.php?rest_route=\/wp\/v2\/product"}],"about":[{"href":"https:\/\/www.autonvaraosahaku.fi\/index.php?rest_route=\/wp\/v2\/types\/product"}],"wp:attachment":[{"href":"https:\/\/www.autonvaraosahaku.fi\/index.php?rest_route=%2Fwp%2Fv2%2Fmedia&parent=77022"}],"wp:term":[{"taxonomy":"pwb-brand","embeddable":true,"href":"https:\/\/www.autonvaraosahaku.fi\/index.php?rest_route=%2Fwp%2Fv2%2Fpwb-brand&post=77022"},{"taxonomy":"product_cat","embeddable":true,"href":"https:\/\/www.autonvaraosahaku.fi\/index.php?rest_route=%2Fwp%2Fv2%2Fproduct_cat&post=77022"},{"taxonomy":"product_tag","embeddable":true,"href":"https:\/\/www.autonvaraosahaku.fi\/index.php?rest_route=%2Fwp%2Fv2%2Fproduct_tag&post=77022"}],"curies":[{"name":"wp","href":"https:\/\/api.w.org\/{rel}","templated":true}]}}