{"id":77028,"date":"2021-02-21T19:49:38","date_gmt":"2021-02-21T19:49:38","guid":{"rendered":"https:\/\/www.autonvaraosahaku.fi\/?product=topran-409-087-automaattivaihteiston-suodatin"},"modified":"2021-02-21T19:49:44","modified_gmt":"2021-02-21T19:49:44","slug":"topran-409-087-automaattivaihteiston-suodatin","status":"publish","type":"product","link":"https:\/\/www.autonvaraosahaku.fi\/?product=topran-409-087-automaattivaihteiston-suodatin","title":{"rendered":"TOPRAN 409 087 Automaattivaihteiston suodatin"},"content":{"rendered":"<p>Yksitt\u00e4isosat luettelossa: ; Suodatintyyppi: Siivil\u00e4suodatin; Lis\u00e4tarvike\/lis\u00e4tieto: Tiivisteill\u00e4; Huomioi j\u00e4rjestelm\u00e4-t\u00e4ytt\u00f6m\u00e4\u00e4r\u00e4: ; Korvaava tuote\/korvaava tiedote 2: Suodattimella; Vaihteistomalli: Automatikgetriebe; MERCEDES-BENZ: C-CLASS W202,190 W201,E-CLASS W210,Stufenheck W124,SL R129,Stufenheck W123,S-CLASS W126,KOMBI Kombi S124,E-CLASS W124,COUPE C124,S-CLASS W140,E-CLASS Kombi S124,COUPE C123,KOMBI Kombi S123,E-CLASS Cabriolet A124,E-CLASS Coupe C124; 126277KIT01, A126277KIT01; Hydrauliikkasuodatinsarja, Automaattivaihteisto<\/p>\n","protected":false},"excerpt":{"rendered":"<p>TOPRAN Automaattivaihteiston Suodatin 409 087 Hydrauliikkasuodatinsarja, Automaattivaihteisto MERCEDES-BENZ,C-CLASS W202,190 W201,E-CLASS W210<\/p>\n","protected":false},"featured_media":0,"template":"","meta":{"site-sidebar-layout":"default","site-content-layout":"default","ast-global-header-display":"","ast-main-header-display":"","ast-hfb-above-header-display":"","ast-hfb-below-header-display":"","ast-hfb-mobile-header-display":"","site-post-title":"","ast-breadcrumbs-content":"","ast-featured-img":"","footer-sml-layout":"","theme-transparent-header-meta":"","adv-header-id-meta":"","stick-header-meta":"","header-above-stick-meta":"","header-main-stick-meta":"","header-below-stick-meta":""},"pwb-brand":[18],"product_cat":[141],"product_tag":[],"class_list":{"0":"post-77028","1":"product","2":"type-product","3":"status-publish","5":"pwb-brand-topran","6":"product_cat-automaattivaihteiston-suodatin","7":"desktop-align-left","8":"tablet-align-left","9":"mobile-align-left","11":"first","12":"instock","13":"product-type-external"},"brands":[{"id":18,"name":"TOPRAN","slug":"topran"}],"_links":{"self":[{"href":"https:\/\/www.autonvaraosahaku.fi\/index.php?rest_route=\/wp\/v2\/product\/77028","targetHints":{"allow":["GET"]}}],"collection":[{"href":"https:\/\/www.autonvaraosahaku.fi\/index.php?rest_route=\/wp\/v2\/product"}],"about":[{"href":"https:\/\/www.autonvaraosahaku.fi\/index.php?rest_route=\/wp\/v2\/types\/product"}],"wp:attachment":[{"href":"https:\/\/www.autonvaraosahaku.fi\/index.php?rest_route=%2Fwp%2Fv2%2Fmedia&parent=77028"}],"wp:term":[{"taxonomy":"pwb-brand","embeddable":true,"href":"https:\/\/www.autonvaraosahaku.fi\/index.php?rest_route=%2Fwp%2Fv2%2Fpwb-brand&post=77028"},{"taxonomy":"product_cat","embeddable":true,"href":"https:\/\/www.autonvaraosahaku.fi\/index.php?rest_route=%2Fwp%2Fv2%2Fproduct_cat&post=77028"},{"taxonomy":"product_tag","embeddable":true,"href":"https:\/\/www.autonvaraosahaku.fi\/index.php?rest_route=%2Fwp%2Fv2%2Fproduct_tag&post=77028"}],"curies":[{"name":"wp","href":"https:\/\/api.w.org\/{rel}","templated":true}]}}