{"id":77045,"date":"2021-02-21T19:49:45","date_gmt":"2021-02-21T19:49:45","guid":{"rendered":"https:\/\/www.autonvaraosahaku.fi\/?product=ridex-8a0278-ilmansuodatin"},"modified":"2021-02-21T19:49:50","modified_gmt":"2021-02-21T19:49:50","slug":"ridex-8a0278-ilmansuodatin","status":"publish","type":"product","link":"https:\/\/www.autonvaraosahaku.fi\/?product=ridex-8a0278-ilmansuodatin","title":{"rendered":"RIDEX 8A0278 Ilmansuodatin"},"content":{"rendered":"<p>Ulkol\u00e4pimitta [mm]: 127; Sis\u00e4l\u00e4pimitta [mm]: 64; Sis\u00e4l\u00e4pimitta 1 [mm]: 8,5; Korkeus (mm): 295; Moottorinumero: * OM 314 *; VW: TRANSPORTER III Bus,LT 28-35 I Kasten 281-363,LT 28-35 I Bus 281-363,TRANSPORTER III Kasten,LT 28-35 I Pritsche\/Fahrgestell 281-363,TRANSPORTER III Pritsche\/Fahrgestell,LT 40-55 I Pritsche\/Fahrgestell 293-909,ILTIS 183,LT 40-55 I Kasten 291-512; MERCEDES-BENZ: MB-TRAC; INTERNATIONAL HARV.: A-Series,CM-Series,D-Series; KRAMER: 14-Serie; FENDT: Farmer,GT; 0691726, 691726, 9293140, 5010910, 5019415, 870X9601CJA, 0010944504, A0010944504, 16546G9600, 0003563577, 7701025064, 131100190020, 31100190020, 31100190701, 71201190021, 7121190021, 0005048480<\/p>\n","protected":false},"excerpt":{"rendered":"<p>RIDEX Ilmansuodatin 8A0278  VW,MERCEDES-BENZ,INTERNATIONAL HARV.,TRANSPORTER III Bus,LT 28-35 I Kasten 281-363,LT 28-35 I Bus 281-363<\/p>\n","protected":false},"featured_media":0,"template":"","meta":{"site-sidebar-layout":"default","site-content-layout":"default","ast-global-header-display":"","ast-main-header-display":"","ast-hfb-above-header-display":"","ast-hfb-below-header-display":"","ast-hfb-mobile-header-display":"","site-post-title":"","ast-breadcrumbs-content":"","ast-featured-img":"","footer-sml-layout":"","theme-transparent-header-meta":"","adv-header-id-meta":"","stick-header-meta":"","header-above-stick-meta":"","header-main-stick-meta":"","header-below-stick-meta":""},"pwb-brand":[157],"product_cat":[31],"product_tag":[],"class_list":{"0":"post-77045","1":"product","2":"type-product","3":"status-publish","5":"pwb-brand-ridex","6":"product_cat-ilmansuodatin","7":"desktop-align-left","8":"tablet-align-left","9":"mobile-align-left","11":"first","12":"instock","13":"product-type-external"},"brands":[{"id":157,"name":"RIDEX","slug":"ridex"}],"_links":{"self":[{"href":"https:\/\/www.autonvaraosahaku.fi\/index.php?rest_route=\/wp\/v2\/product\/77045","targetHints":{"allow":["GET"]}}],"collection":[{"href":"https:\/\/www.autonvaraosahaku.fi\/index.php?rest_route=\/wp\/v2\/product"}],"about":[{"href":"https:\/\/www.autonvaraosahaku.fi\/index.php?rest_route=\/wp\/v2\/types\/product"}],"wp:attachment":[{"href":"https:\/\/www.autonvaraosahaku.fi\/index.php?rest_route=%2Fwp%2Fv2%2Fmedia&parent=77045"}],"wp:term":[{"taxonomy":"pwb-brand","embeddable":true,"href":"https:\/\/www.autonvaraosahaku.fi\/index.php?rest_route=%2Fwp%2Fv2%2Fpwb-brand&post=77045"},{"taxonomy":"product_cat","embeddable":true,"href":"https:\/\/www.autonvaraosahaku.fi\/index.php?rest_route=%2Fwp%2Fv2%2Fproduct_cat&post=77045"},{"taxonomy":"product_tag","embeddable":true,"href":"https:\/\/www.autonvaraosahaku.fi\/index.php?rest_route=%2Fwp%2Fv2%2Fproduct_tag&post=77045"}],"curies":[{"name":"wp","href":"https:\/\/api.w.org\/{rel}","templated":true}]}}