{"id":77061,"date":"2021-02-21T19:49:53","date_gmt":"2021-02-21T19:49:53","guid":{"rendered":"https:\/\/www.autonvaraosahaku.fi\/?product=magneti-marelli-466016355008-lambda-anturi"},"modified":"2021-02-21T19:49:57","modified_gmt":"2021-02-21T19:49:57","slug":"magneti-marelli-466016355008-lambda-anturi","status":"publish","type":"product","link":"https:\/\/www.autonvaraosahaku.fi\/?product=magneti-marelli-466016355008-lambda-anturi","title":{"rendered":"MAGNETI MARELLI 466016355008 Lambda anturi"},"content":{"rendered":"<p>Johtimien m\u00e4\u00e4r\u00e4: 4; Vastus [Ohm]: 3,5; Pituus (mm): 350; johtojen lukum\u00e4\u00e4r\u00e4: 4; Kaapelinmitta (mm): 350; Lambdatunnistin: L\u00e4mmitetty; OPEL: CORSA C F08, F68,MERIVA,ZAFIRA A F75_,ASTRA G CC F48_, F08_,ASTRA G Caravan F35_,VECTRA C,ASTRA G Cabriolet F67,COMBO Kasten\/Kombi,ASTRA G Stufenheck F69_,COMBO Tour,ASTRA G Kasten F70; 25162753, 25335280, 855390, 855524, 93189975, C25162753; Lambdatunnistin,Happianturi<\/p>\n","protected":false},"excerpt":{"rendered":"<p>MAGNETI MARELLI Lambda Anturi 466016355008 Lambdatunnistin,Happianturi OPEL,CORSA C F08, F68,MERIVA,ZAFIRA A F75_,ASTRA G CC F48_, F08_<\/p>\n","protected":false},"featured_media":0,"template":"","meta":{"site-sidebar-layout":"default","site-content-layout":"default","ast-global-header-display":"","ast-main-header-display":"","ast-hfb-above-header-display":"","ast-hfb-below-header-display":"","ast-hfb-mobile-header-display":"","site-post-title":"","ast-breadcrumbs-content":"","ast-featured-img":"","footer-sml-layout":"","theme-transparent-header-meta":"","adv-header-id-meta":"","stick-header-meta":"","header-above-stick-meta":"","header-main-stick-meta":"","header-below-stick-meta":""},"pwb-brand":[34],"product_cat":[264],"product_tag":[],"class_list":{"0":"post-77061","1":"product","2":"type-product","3":"status-publish","5":"pwb-brand-magneti-marelli","6":"product_cat-lambda-anturi","7":"desktop-align-left","8":"tablet-align-left","9":"mobile-align-left","11":"first","12":"instock","13":"product-type-external"},"brands":[{"id":34,"name":"MAGNETI MARELLI","slug":"magneti-marelli"}],"_links":{"self":[{"href":"https:\/\/www.autonvaraosahaku.fi\/index.php?rest_route=\/wp\/v2\/product\/77061","targetHints":{"allow":["GET"]}}],"collection":[{"href":"https:\/\/www.autonvaraosahaku.fi\/index.php?rest_route=\/wp\/v2\/product"}],"about":[{"href":"https:\/\/www.autonvaraosahaku.fi\/index.php?rest_route=\/wp\/v2\/types\/product"}],"wp:attachment":[{"href":"https:\/\/www.autonvaraosahaku.fi\/index.php?rest_route=%2Fwp%2Fv2%2Fmedia&parent=77061"}],"wp:term":[{"taxonomy":"pwb-brand","embeddable":true,"href":"https:\/\/www.autonvaraosahaku.fi\/index.php?rest_route=%2Fwp%2Fv2%2Fpwb-brand&post=77061"},{"taxonomy":"product_cat","embeddable":true,"href":"https:\/\/www.autonvaraosahaku.fi\/index.php?rest_route=%2Fwp%2Fv2%2Fproduct_cat&post=77061"},{"taxonomy":"product_tag","embeddable":true,"href":"https:\/\/www.autonvaraosahaku.fi\/index.php?rest_route=%2Fwp%2Fv2%2Fproduct_tag&post=77061"}],"curies":[{"name":"wp","href":"https:\/\/api.w.org\/{rel}","templated":true}]}}