{"id":77093,"date":"2021-02-21T19:50:07","date_gmt":"2021-02-21T19:50:07","guid":{"rendered":"https:\/\/www.autonvaraosahaku.fi\/?product=goetze-engine-08-429500-00-mannanrenkaat"},"modified":"2021-02-21T19:50:09","modified_gmt":"2021-02-21T19:50:09","slug":"goetze-engine-08-429500-00-mannanrenkaat","status":"publish","type":"product","link":"https:\/\/www.autonvaraosahaku.fi\/?product=goetze-engine-08-429500-00-mannanrenkaat","title":{"rendered":"GOETZE ENGINE 08-429500-00 M\u00e4nn\u00e4nrenkaat"},"content":{"rendered":"<p>Sylinterin halkaisija [mm]: 73,40; Komponenttinumero: 1.2mm 001 NT ST, 1.2mm 026 P F14, 2.0mm 712 CR ST; Vakiomitta (STD): ; TECDOC-moottorinumero: 17476; SUZUKI: WAGON R; OPEL: CORSA D,CORSA C F08, F68,ASTRA H Caravan L35,MERIVA,ASTRA G CC F48_, F08_,ASTRA H L48,ASTRA J Sports Tourer,ASTRA G Caravan F35_,ASTRA J,ASTRA H GTC L08,MERIVA B,AGILA A H00,ADAM,TIGRA TwinTop,ASTRA H TwinTop L67,COMBO Kasten\/Kombi,ASTRA G Stufenheck F69_,ASTRA GTC J,COMBO Tour,CORSA CLASSIC Stufenheck,ASTRA J Stufenheck,CORSA D Van,CORSA C Kasten F08, W5L,ASTRA H Stufenheck L69,ASTRA H Kasten L70,CORSA E,CORSA E Van,ASTRA CLASSIC Caravan,ASTRA CLASSIC L48; VAUXHALL: CORSA Mk III D L_8,ASTRA Mk V H CC,ADAM,CORSA Mk II C W5L, F08,ASTRA Mk V H Estate,ASTRA Mk VI J CC,ASTRA Mk VI J,CORSAVAN Mk II C,MERIVA Mk I A,CORSAVAN Mk III D,MERIVA Mk II B,AGILA Mk I A,TIGRA Convertible,ASTRA Mk VI J Sedan,ASTRA Mk VI J Estate,ASTRAVAN Mk V H,CORSA Mk IV E,COMBO TOUR Mk II C F25,COMBO Mk II C Kasten\/Kombi F25; 55571028, 630012, 630157, 93179723, 9319723; M\u00e4nn\u00e4nrengassarja<\/p>\n","protected":false},"excerpt":{"rendered":"<p>GOETZE ENGINE M\u00e4nn\u00e4nrenkaat 08-429500-00 M\u00e4nn\u00e4nrengassarja SUZUKI,OPEL,VAUXHALL,WAGON R,CORSA D,CORSA C F08, F68,ASTRA H Caravan L35,MERIVA<\/p>\n","protected":false},"featured_media":0,"template":"","meta":{"site-sidebar-layout":"default","site-content-layout":"default","ast-global-header-display":"","ast-main-header-display":"","ast-hfb-above-header-display":"","ast-hfb-below-header-display":"","ast-hfb-mobile-header-display":"","site-post-title":"","ast-breadcrumbs-content":"","ast-featured-img":"","footer-sml-layout":"","theme-transparent-header-meta":"","adv-header-id-meta":"","stick-header-meta":"","header-above-stick-meta":"","header-main-stick-meta":"","header-below-stick-meta":""},"pwb-brand":[224],"product_cat":[154],"product_tag":[],"class_list":{"0":"post-77093","1":"product","2":"type-product","3":"status-publish","5":"pwb-brand-goetze-engine","6":"product_cat-mannanrenkaat","7":"desktop-align-left","8":"tablet-align-left","9":"mobile-align-left","11":"first","12":"instock","13":"product-type-external"},"brands":[{"id":224,"name":"GOETZE ENGINE","slug":"goetze-engine"}],"_links":{"self":[{"href":"https:\/\/www.autonvaraosahaku.fi\/index.php?rest_route=\/wp\/v2\/product\/77093","targetHints":{"allow":["GET"]}}],"collection":[{"href":"https:\/\/www.autonvaraosahaku.fi\/index.php?rest_route=\/wp\/v2\/product"}],"about":[{"href":"https:\/\/www.autonvaraosahaku.fi\/index.php?rest_route=\/wp\/v2\/types\/product"}],"wp:attachment":[{"href":"https:\/\/www.autonvaraosahaku.fi\/index.php?rest_route=%2Fwp%2Fv2%2Fmedia&parent=77093"}],"wp:term":[{"taxonomy":"pwb-brand","embeddable":true,"href":"https:\/\/www.autonvaraosahaku.fi\/index.php?rest_route=%2Fwp%2Fv2%2Fpwb-brand&post=77093"},{"taxonomy":"product_cat","embeddable":true,"href":"https:\/\/www.autonvaraosahaku.fi\/index.php?rest_route=%2Fwp%2Fv2%2Fproduct_cat&post=77093"},{"taxonomy":"product_tag","embeddable":true,"href":"https:\/\/www.autonvaraosahaku.fi\/index.php?rest_route=%2Fwp%2Fv2%2Fproduct_tag&post=77093"}],"curies":[{"name":"wp","href":"https:\/\/api.w.org\/{rel}","templated":true}]}}