{"id":77103,"date":"2021-02-21T19:50:07","date_gmt":"2021-02-21T19:50:07","guid":{"rendered":"https:\/\/www.autonvaraosahaku.fi\/?product=trucktec-automotive-90-08-226-pyoranpultit"},"modified":"2021-02-21T19:50:12","modified_gmt":"2021-02-21T19:50:12","slug":"trucktec-automotive-90-08-226-pyoranpultit","status":"publish","type":"product","link":"https:\/\/www.autonvaraosahaku.fi\/?product=trucktec-automotive-90-08-226-pyoranpultit","title":{"rendered":"TRUCKTEC AUTOMOTIVE 90.08.226 Py\u00f6r\u00e4npultit"},"content":{"rendered":"<p>OE-numerolle: 000 401 0672; Kierremitta: M22 x 1,5; Avainv\u00e4li: 32; Py\u00f6r\u00e4n kiinnitys: Painelevy H; MERCEDES-BENZ: ACTROS,ACTROS MP2 \/ MP3,ACTROS MP4 \/ MP5,ANTOS,AROCS,ATEGO,ATEGO 2,AXOR,AXOR 2,CITARO (O 530),CONECTO (O 345),ECONIC,ECONIC 2,INTEGRO (O 550),INTOURO,LK\/LN2,MK,NG,O 305,O 307,O 405,O 407,O 408,OH,SK,T2\/L,TOURISMO (O 350),TOURO (O 500),TRAVEGO (O 580),UNIMOG,ZETROS; 0652575, 1826088, 004459603, 041036367, 04459603, 41036367, 4459603, 81455030049, 0004010672, A0004010672; Py\u00f6r\u00e4n Mutteri<\/p>\n","protected":false},"excerpt":{"rendered":"<p>TRUCKTEC AUTOMOTIVE Py\u00f6r\u00e4nmutterit 90.08.226 Py\u00f6r\u00e4n Mutteri MERCEDES-BENZ,ACTROS,ACTROS MP2 \/ MP3,ACTROS MP4 \/ MP5,ANTOS,AROCS,ATEGO,ATEGO 2,AXOR<\/p>\n","protected":false},"featured_media":0,"template":"","meta":{"site-sidebar-layout":"default","site-content-layout":"default","ast-global-header-display":"","ast-main-header-display":"","ast-hfb-above-header-display":"","ast-hfb-below-header-display":"","ast-hfb-mobile-header-display":"","site-post-title":"","ast-breadcrumbs-content":"","ast-featured-img":"","footer-sml-layout":"","theme-transparent-header-meta":"","adv-header-id-meta":"","stick-header-meta":"","header-above-stick-meta":"","header-main-stick-meta":"","header-below-stick-meta":""},"pwb-brand":[147],"product_cat":[51],"product_tag":[],"class_list":{"0":"post-77103","1":"product","2":"type-product","3":"status-publish","5":"pwb-brand-trucktec-automotive","6":"product_cat-pyoranpultit","7":"desktop-align-left","8":"tablet-align-left","9":"mobile-align-left","11":"first","12":"instock","13":"product-type-external"},"brands":[{"id":147,"name":"TRUCKTEC AUTOMOTIVE","slug":"trucktec-automotive"}],"_links":{"self":[{"href":"https:\/\/www.autonvaraosahaku.fi\/index.php?rest_route=\/wp\/v2\/product\/77103","targetHints":{"allow":["GET"]}}],"collection":[{"href":"https:\/\/www.autonvaraosahaku.fi\/index.php?rest_route=\/wp\/v2\/product"}],"about":[{"href":"https:\/\/www.autonvaraosahaku.fi\/index.php?rest_route=\/wp\/v2\/types\/product"}],"wp:attachment":[{"href":"https:\/\/www.autonvaraosahaku.fi\/index.php?rest_route=%2Fwp%2Fv2%2Fmedia&parent=77103"}],"wp:term":[{"taxonomy":"pwb-brand","embeddable":true,"href":"https:\/\/www.autonvaraosahaku.fi\/index.php?rest_route=%2Fwp%2Fv2%2Fpwb-brand&post=77103"},{"taxonomy":"product_cat","embeddable":true,"href":"https:\/\/www.autonvaraosahaku.fi\/index.php?rest_route=%2Fwp%2Fv2%2Fproduct_cat&post=77103"},{"taxonomy":"product_tag","embeddable":true,"href":"https:\/\/www.autonvaraosahaku.fi\/index.php?rest_route=%2Fwp%2Fv2%2Fproduct_tag&post=77103"}],"curies":[{"name":"wp","href":"https:\/\/api.w.org\/{rel}","templated":true}]}}