{"id":77104,"date":"2021-02-21T19:50:07","date_gmt":"2021-02-21T19:50:07","guid":{"rendered":"https:\/\/www.autonvaraosahaku.fi\/?product=autofren-seinsa-d7142c-jarrusatula-korjaussarja"},"modified":"2021-02-21T19:50:12","modified_gmt":"2021-02-21T19:50:12","slug":"autofren-seinsa-d7142c-jarrusatula-korjaussarja","status":"publish","type":"product","link":"https:\/\/www.autonvaraosahaku.fi\/?product=autofren-seinsa-d7142c-jarrusatula-korjaussarja","title":{"rendered":"AUTOFREN SEINSA D7142C Jarrusatula korjaussarja"},"content":{"rendered":"<p>T\u00e4yssarja: ; Jarruj\u00e4rjestelm\u00e4: AKEBONO; Erittely: WITH GUIDE PINS; L\u00e4pimitta 1\/l\u00e4pimitta 2 [mm]: 10\/10; Asennuspuoli: Vorderachse; TOYOTA: AVENSIS VERSO _CLM2_, _ACM2_; HYUNDAI: i30 Coupe; NISSAN: X-TRAIL T30,PATHFINDER R50; HONDA: CR-V II RD_,ACCORD VIII CU,ACCORD VIII Kombi; MITSUBISHI: OUTLANDER III GG_W, GF_W, ZJ,LANCER Kombi CS_W,LANCER SPORTBACK CX_A,LANCER Stufenheck CY\/Z_A,LANCER Stufenheck CS_A, CT0; SUBARU: FORESTER SF,IMPREZA Stufenheck GD,OUTBACK BL, BP,IMPREZA Station Wagon GG,LEGACY III Station Wagon BE, BH,IMPREZA Stufenheck GC,LEGACY II Station Wagon BD, BG,IMPREZA Station Wagon GF,OUTBACK BE, BH,LEGACY III BE, BH,LEGACY I Station Wagon BC, BJF,LEGACY II BD, BG,IMPREZA Coupe GFC,LEGACY I BC; INFINITI: QX4; Ohjainhylsysarja, Jarrusatula<\/p>\n","protected":false},"excerpt":{"rendered":"<p>AUTOFREN SEINSA Ohjaustappi D7142C Ohjainhylsysarja, Jarrusatula TOYOTA,HYUNDAI,NISSAN,AVENSIS VERSO _CLM2_, _ACM2_,i30 Coupe,X-TRAIL T30<\/p>\n","protected":false},"featured_media":0,"template":"","meta":{"site-sidebar-layout":"default","site-content-layout":"default","ast-global-header-display":"","ast-main-header-display":"","ast-hfb-above-header-display":"","ast-hfb-below-header-display":"","ast-hfb-mobile-header-display":"","site-post-title":"","ast-breadcrumbs-content":"","ast-featured-img":"","footer-sml-layout":"","theme-transparent-header-meta":"","adv-header-id-meta":"","stick-header-meta":"","header-above-stick-meta":"","header-main-stick-meta":"","header-below-stick-meta":""},"pwb-brand":[243],"product_cat":[57],"product_tag":[],"class_list":{"0":"post-77104","1":"product","2":"type-product","3":"status-publish","5":"pwb-brand-autofren-seinsa","6":"product_cat-jarrusatula-korjaussarja","7":"desktop-align-left","8":"tablet-align-left","9":"mobile-align-left","11":"first","12":"instock","13":"product-type-external"},"brands":[{"id":243,"name":"AUTOFREN SEINSA","slug":"autofren-seinsa"}],"_links":{"self":[{"href":"https:\/\/www.autonvaraosahaku.fi\/index.php?rest_route=\/wp\/v2\/product\/77104","targetHints":{"allow":["GET"]}}],"collection":[{"href":"https:\/\/www.autonvaraosahaku.fi\/index.php?rest_route=\/wp\/v2\/product"}],"about":[{"href":"https:\/\/www.autonvaraosahaku.fi\/index.php?rest_route=\/wp\/v2\/types\/product"}],"wp:attachment":[{"href":"https:\/\/www.autonvaraosahaku.fi\/index.php?rest_route=%2Fwp%2Fv2%2Fmedia&parent=77104"}],"wp:term":[{"taxonomy":"pwb-brand","embeddable":true,"href":"https:\/\/www.autonvaraosahaku.fi\/index.php?rest_route=%2Fwp%2Fv2%2Fpwb-brand&post=77104"},{"taxonomy":"product_cat","embeddable":true,"href":"https:\/\/www.autonvaraosahaku.fi\/index.php?rest_route=%2Fwp%2Fv2%2Fproduct_cat&post=77104"},{"taxonomy":"product_tag","embeddable":true,"href":"https:\/\/www.autonvaraosahaku.fi\/index.php?rest_route=%2Fwp%2Fv2%2Fproduct_tag&post=77104"}],"curies":[{"name":"wp","href":"https:\/\/api.w.org\/{rel}","templated":true}]}}