{"id":77119,"date":"2021-02-21T19:50:14","date_gmt":"2021-02-21T19:50:14","guid":{"rendered":"https:\/\/www.autonvaraosahaku.fi\/?product=reinz-81-10414-00-kampiakselin-tiiviste"},"modified":"2021-02-21T19:50:17","modified_gmt":"2021-02-21T19:50:17","slug":"reinz-81-10414-00-kampiakselin-tiiviste","status":"publish","type":"product","link":"https:\/\/www.autonvaraosahaku.fi\/?product=reinz-81-10414-00-kampiakselin-tiiviste","title":{"rendered":"REINZ 81-10414-00 Kampiakselin tiiviste"},"content":{"rendered":"<p>Materiaali: PTFE (polytetrafluorietyleeni); Sis\u00e4l\u00e4pimitta [mm]: 120; Ulkol\u00e4pimitta [mm]: 140; Asennuspuoli: getriebeseitig; JEEP: CHEROKEE KJ; CHRYSLER: VOYAGER IV RG, RS; 5066756AA; Akselitiiviste, Kampiakseli<\/p>\n","protected":false},"excerpt":{"rendered":"<p>REINZ Kampiakselin Tiiviste 81-10414-00 Akselitiiviste, Kampiakseli JEEP,CHRYSLER,CHEROKEE KJ,VOYAGER IV RG, RS<\/p>\n","protected":false},"featured_media":0,"template":"","meta":{"site-sidebar-layout":"default","site-content-layout":"default","ast-global-header-display":"","ast-main-header-display":"","ast-hfb-above-header-display":"","ast-hfb-below-header-display":"","ast-hfb-mobile-header-display":"","site-post-title":"","ast-breadcrumbs-content":"","ast-featured-img":"","footer-sml-layout":"","theme-transparent-header-meta":"","adv-header-id-meta":"","stick-header-meta":"","header-above-stick-meta":"","header-main-stick-meta":"","header-below-stick-meta":""},"pwb-brand":[138],"product_cat":[88],"product_tag":[],"class_list":{"0":"post-77119","1":"product","2":"type-product","3":"status-publish","5":"pwb-brand-reinz","6":"product_cat-kampiakselin-tiiviste","7":"desktop-align-left","8":"tablet-align-left","9":"mobile-align-left","11":"first","12":"instock","13":"product-type-external"},"brands":[{"id":138,"name":"REINZ","slug":"reinz"}],"_links":{"self":[{"href":"https:\/\/www.autonvaraosahaku.fi\/index.php?rest_route=\/wp\/v2\/product\/77119","targetHints":{"allow":["GET"]}}],"collection":[{"href":"https:\/\/www.autonvaraosahaku.fi\/index.php?rest_route=\/wp\/v2\/product"}],"about":[{"href":"https:\/\/www.autonvaraosahaku.fi\/index.php?rest_route=\/wp\/v2\/types\/product"}],"wp:attachment":[{"href":"https:\/\/www.autonvaraosahaku.fi\/index.php?rest_route=%2Fwp%2Fv2%2Fmedia&parent=77119"}],"wp:term":[{"taxonomy":"pwb-brand","embeddable":true,"href":"https:\/\/www.autonvaraosahaku.fi\/index.php?rest_route=%2Fwp%2Fv2%2Fpwb-brand&post=77119"},{"taxonomy":"product_cat","embeddable":true,"href":"https:\/\/www.autonvaraosahaku.fi\/index.php?rest_route=%2Fwp%2Fv2%2Fproduct_cat&post=77119"},{"taxonomy":"product_tag","embeddable":true,"href":"https:\/\/www.autonvaraosahaku.fi\/index.php?rest_route=%2Fwp%2Fv2%2Fproduct_tag&post=77119"}],"curies":[{"name":"wp","href":"https:\/\/api.w.org\/{rel}","templated":true}]}}