{"id":77134,"date":"2021-02-21T19:50:22","date_gmt":"2021-02-21T19:50:22","guid":{"rendered":"https:\/\/www.autonvaraosahaku.fi\/?product=purflux-l352-oljynsuodatin"},"modified":"2021-02-21T19:50:24","modified_gmt":"2021-02-21T19:50:24","slug":"purflux-l352-oljynsuodatin","status":"publish","type":"product","link":"https:\/\/www.autonvaraosahaku.fi\/?product=purflux-l352-oljynsuodatin","title":{"rendered":"PURFLUX L352 \u00d6ljynsuodatin"},"content":{"rendered":"<p>Ulkol\u00e4pimitta [mm]: 62; Sis\u00e4l\u00e4pimitta [mm]: 27; Korkeus (mm): 118; Vasen \/ oikea liikenne: f\u00fcr Linkslenker; JEEP: CHEROKEE KJ; KIA: SPORTAGE JE_, KM_,CARENS II FJ,CERATO LD,CERATO Stufenheck LD; HYUNDAI: TUCSON JM,SANTA F\u00c9 I SM,TRAJET FO,ELANTRA XD,ELANTRA Stufenheck XD; CHRYSLER: VOYAGER IV RG, RS; AC6198E, 05069083AA, 05069083AD, 05072720AA, 5069083AA, 5072720AA, 2630027000, 2631027002, 2631627000, 2632027000, 2632027001, 3631627000, J1310502<\/p>\n","protected":false},"excerpt":{"rendered":"<p>PURFLUX \u00d6ljynsuodatin L352  JEEP,KIA,HYUNDAI,CHEROKEE KJ,SPORTAGE JE_, KM_,CARENS II FJ,CERATO LD,CERATO Stufenheck LD,TUCSON JM,SANTA F\u00c9 I SM<\/p>\n","protected":false},"featured_media":0,"template":"","meta":{"site-sidebar-layout":"default","site-content-layout":"default","ast-global-header-display":"","ast-main-header-display":"","ast-hfb-above-header-display":"","ast-hfb-below-header-display":"","ast-hfb-mobile-header-display":"","site-post-title":"","ast-breadcrumbs-content":"","ast-featured-img":"","footer-sml-layout":"","theme-transparent-header-meta":"","adv-header-id-meta":"","stick-header-meta":"","header-above-stick-meta":"","header-main-stick-meta":"","header-below-stick-meta":""},"pwb-brand":[303],"product_cat":[30],"product_tag":[],"class_list":{"0":"post-77134","1":"product","2":"type-product","3":"status-publish","5":"pwb-brand-purflux","6":"product_cat-oljynsuodatin","7":"desktop-align-left","8":"tablet-align-left","9":"mobile-align-left","11":"first","12":"instock","13":"product-type-external"},"brands":[{"id":303,"name":"PURFLUX","slug":"purflux"}],"_links":{"self":[{"href":"https:\/\/www.autonvaraosahaku.fi\/index.php?rest_route=\/wp\/v2\/product\/77134","targetHints":{"allow":["GET"]}}],"collection":[{"href":"https:\/\/www.autonvaraosahaku.fi\/index.php?rest_route=\/wp\/v2\/product"}],"about":[{"href":"https:\/\/www.autonvaraosahaku.fi\/index.php?rest_route=\/wp\/v2\/types\/product"}],"wp:attachment":[{"href":"https:\/\/www.autonvaraosahaku.fi\/index.php?rest_route=%2Fwp%2Fv2%2Fmedia&parent=77134"}],"wp:term":[{"taxonomy":"pwb-brand","embeddable":true,"href":"https:\/\/www.autonvaraosahaku.fi\/index.php?rest_route=%2Fwp%2Fv2%2Fpwb-brand&post=77134"},{"taxonomy":"product_cat","embeddable":true,"href":"https:\/\/www.autonvaraosahaku.fi\/index.php?rest_route=%2Fwp%2Fv2%2Fproduct_cat&post=77134"},{"taxonomy":"product_tag","embeddable":true,"href":"https:\/\/www.autonvaraosahaku.fi\/index.php?rest_route=%2Fwp%2Fv2%2Fproduct_tag&post=77134"}],"curies":[{"name":"wp","href":"https:\/\/api.w.org\/{rel}","templated":true}]}}