{"id":77138,"date":"2021-02-21T19:50:22","date_gmt":"2021-02-21T19:50:22","guid":{"rendered":"https:\/\/www.autonvaraosahaku.fi\/?product=purflux-cs736-polttoainesuodatin"},"modified":"2021-02-21T19:50:25","modified_gmt":"2021-02-21T19:50:25","slug":"purflux-cs736-polttoainesuodatin","status":"publish","type":"product","link":"https:\/\/www.autonvaraosahaku.fi\/?product=purflux-cs736-polttoainesuodatin","title":{"rendered":"PURFLUX CS736 Polttoainesuodatin"},"content":{"rendered":"<p>Ulkol\u00e4pimitta [mm]: 87; Sis\u00e4l\u00e4pimitta [mm]: 8; Korkeus (mm): 127; Suodatintyyppi: mit Wassersensor; JEEP: GRAND CHEROKEE III WH, WK,COMMANDER XK; MERCEDES-BENZ: C-CLASS W203,E-CLASS W211,C-CLASS W204,A-CLASS W169,B-CLASS W245,C-CLASS T-Model S204,C-CLASS T-Model S203,E-CLASS T-Model S211,VIANO W639,M-CLASS W164,C-CLASS Coupe CL203,GLK-CLASS X204,VITO Bus W639,CLK C209,VITO \/ MIXTO Kasten W639,SPRINTER 3,5-t Kasten 906,S-CLASS W221,CLS C219,R-CLASS W251, V251,G-CLASS W463,CLK Cabriolet A209,SPRINTER 3-t Kasten 903,SPRINTER 3,5-t Bus 906,SPRINTER 2-t Bus 901, 902,SPRINTER 3-t Kasten 906,CLC-CLASS CL203,GL-CLASS X164,G-CLASS W461,SPRINTER 2-t Kasten 901, 902,SPRINTER 3-t Bus 903,SPRINTER 3,5-t Pritsche\/Fahrgestell 906,SPRINTER 3-t Pritsche\/Fahrgestell 903,SPRINTER 3-t Bus 906,SPRINTER 4-t Pritsche\/Fahrgestell 904,SPRINTER 2-t Pritsche\/Fahrgestell 901, 902,SPRINTER 5-t Kasten 906,SPRINTER 5-t Pritsche\/Fahrgestell 906,SPRINTER 4-t Kasten 904,G-CLASS Cabrio W463,SPRINTER 3-t Pritsche\/Fahrgestell 906,SPRINTER 4-t Bus 904,SPRINTER 5-t Pritsche\/Fahrgestell 905,SPRINTER 4,6-t Pritsche\/Fahrgestell 906,SPRINTER 4,6-t Kasten 906,SPRINTE; SMART: FORFOUR 454; MITSUBISHI: COLT VI Z3_A, Z2_A; 05117492AA, 05175429AB, 6420920101, 6420920501, 6420920701, 6460900252, 6460900852, 6460920201, 6460920601, 6460920701, A6420920101, A6420920501, A6420920701, A6460900252, A6460900852, A6460920201, A6460920601, A6460920701, 6060920701<\/p>\n","protected":false},"excerpt":{"rendered":"<p>PURFLUX Polttoainesuodatin CS736  JEEP,MERCEDES-BENZ,SMART,GRAND CHEROKEE III WH, WK,COMMANDER XK,C-CLASS W203,E-CLASS W211,C-CLASS W204,A-CLASS W169<\/p>\n","protected":false},"featured_media":0,"template":"","meta":{"site-sidebar-layout":"default","site-content-layout":"default","ast-global-header-display":"","ast-main-header-display":"","ast-hfb-above-header-display":"","ast-hfb-below-header-display":"","ast-hfb-mobile-header-display":"","site-post-title":"","ast-breadcrumbs-content":"","ast-featured-img":"","footer-sml-layout":"","theme-transparent-header-meta":"","adv-header-id-meta":"","stick-header-meta":"","header-above-stick-meta":"","header-main-stick-meta":"","header-below-stick-meta":""},"pwb-brand":[303],"product_cat":[29],"product_tag":[],"class_list":{"0":"post-77138","1":"product","2":"type-product","3":"status-publish","5":"pwb-brand-purflux","6":"product_cat-polttoainesuodatin","7":"desktop-align-left","8":"tablet-align-left","9":"mobile-align-left","11":"first","12":"instock","13":"product-type-external"},"brands":[{"id":303,"name":"PURFLUX","slug":"purflux"}],"_links":{"self":[{"href":"https:\/\/www.autonvaraosahaku.fi\/index.php?rest_route=\/wp\/v2\/product\/77138","targetHints":{"allow":["GET"]}}],"collection":[{"href":"https:\/\/www.autonvaraosahaku.fi\/index.php?rest_route=\/wp\/v2\/product"}],"about":[{"href":"https:\/\/www.autonvaraosahaku.fi\/index.php?rest_route=\/wp\/v2\/types\/product"}],"wp:attachment":[{"href":"https:\/\/www.autonvaraosahaku.fi\/index.php?rest_route=%2Fwp%2Fv2%2Fmedia&parent=77138"}],"wp:term":[{"taxonomy":"pwb-brand","embeddable":true,"href":"https:\/\/www.autonvaraosahaku.fi\/index.php?rest_route=%2Fwp%2Fv2%2Fpwb-brand&post=77138"},{"taxonomy":"product_cat","embeddable":true,"href":"https:\/\/www.autonvaraosahaku.fi\/index.php?rest_route=%2Fwp%2Fv2%2Fproduct_cat&post=77138"},{"taxonomy":"product_tag","embeddable":true,"href":"https:\/\/www.autonvaraosahaku.fi\/index.php?rest_route=%2Fwp%2Fv2%2Fproduct_tag&post=77138"}],"curies":[{"name":"wp","href":"https:\/\/api.w.org\/{rel}","templated":true}]}}