{"id":77149,"date":"2021-02-21T19:50:22","date_gmt":"2021-02-21T19:50:22","guid":{"rendered":"https:\/\/www.autonvaraosahaku.fi\/?product=purflux-a1286-ilmansuodatin"},"modified":"2021-02-21T19:50:28","modified_gmt":"2021-02-21T19:50:28","slug":"purflux-a1286-ilmansuodatin","status":"publish","type":"product","link":"https:\/\/www.autonvaraosahaku.fi\/?product=purflux-a1286-ilmansuodatin","title":{"rendered":"PURFLUX A1286 Ilmansuodatin"},"content":{"rendered":"<p>Ulkol\u00e4pimitta [mm]: 222; Sis\u00e4l\u00e4pimitta [mm]: 121; Korkeus (mm): 174; Valmistusvuosi alkaen: 07\/2005; TOYOTA: HILUX III Pick-up TGN1_, GGN2_, GGN1_, KUN2_, KUN1_,HILUX VI Pick-up _N1_,HILUX III Pritsche\/Fahrgestell KUN1_, TGN3_, TGN2_, TGN1_,,FORTUNER Gel\u00e4ndewagen geschlossen TGN6_, KUN6_, GGN6_, TGN5; FORD: RANGER ES, ET; PC3318E, 1449296, 5149318, 6M349601AA, 6M349601AB, J1322107, WE0113Z40, WE0113Z409A, 178010C010, 178010C020, 178010C030<\/p>\n","protected":false},"excerpt":{"rendered":"<p>PURFLUX Ilmansuodatin A1286  TOYOTA,FORD,HILUX III Pick-up TGN1_, GGN2_, GGN1_, KUN2_, KUN1_,HILUX VI Pick-up _N1_<\/p>\n","protected":false},"featured_media":0,"template":"","meta":{"site-sidebar-layout":"default","site-content-layout":"default","ast-global-header-display":"","ast-main-header-display":"","ast-hfb-above-header-display":"","ast-hfb-below-header-display":"","ast-hfb-mobile-header-display":"","site-post-title":"","ast-breadcrumbs-content":"","ast-featured-img":"","footer-sml-layout":"","theme-transparent-header-meta":"","adv-header-id-meta":"","stick-header-meta":"","header-above-stick-meta":"","header-main-stick-meta":"","header-below-stick-meta":""},"pwb-brand":[303],"product_cat":[31],"product_tag":[],"class_list":{"0":"post-77149","1":"product","2":"type-product","3":"status-publish","5":"pwb-brand-purflux","6":"product_cat-ilmansuodatin","7":"desktop-align-left","8":"tablet-align-left","9":"mobile-align-left","11":"first","12":"instock","13":"product-type-external"},"brands":[{"id":303,"name":"PURFLUX","slug":"purflux"}],"_links":{"self":[{"href":"https:\/\/www.autonvaraosahaku.fi\/index.php?rest_route=\/wp\/v2\/product\/77149","targetHints":{"allow":["GET"]}}],"collection":[{"href":"https:\/\/www.autonvaraosahaku.fi\/index.php?rest_route=\/wp\/v2\/product"}],"about":[{"href":"https:\/\/www.autonvaraosahaku.fi\/index.php?rest_route=\/wp\/v2\/types\/product"}],"wp:attachment":[{"href":"https:\/\/www.autonvaraosahaku.fi\/index.php?rest_route=%2Fwp%2Fv2%2Fmedia&parent=77149"}],"wp:term":[{"taxonomy":"pwb-brand","embeddable":true,"href":"https:\/\/www.autonvaraosahaku.fi\/index.php?rest_route=%2Fwp%2Fv2%2Fpwb-brand&post=77149"},{"taxonomy":"product_cat","embeddable":true,"href":"https:\/\/www.autonvaraosahaku.fi\/index.php?rest_route=%2Fwp%2Fv2%2Fproduct_cat&post=77149"},{"taxonomy":"product_tag","embeddable":true,"href":"https:\/\/www.autonvaraosahaku.fi\/index.php?rest_route=%2Fwp%2Fv2%2Fproduct_tag&post=77149"}],"curies":[{"name":"wp","href":"https:\/\/api.w.org\/{rel}","templated":true}]}}