{"id":77152,"date":"2021-02-21T19:50:29","date_gmt":"2021-02-21T19:50:29","guid":{"rendered":"https:\/\/www.autonvaraosahaku.fi\/?product=monroe-l25544-alapallonivel"},"modified":"2021-02-21T19:50:30","modified_gmt":"2021-02-21T19:50:30","slug":"monroe-l25544-alapallonivel","status":"publish","type":"product","link":"https:\/\/www.autonvaraosahaku.fi\/?product=monroe-l25544-alapallonivel","title":{"rendered":"MONROE L25544 Alapallonivel"},"content":{"rendered":"<p>Paino [kg]: 0,300; Tarvittava kappalem\u00e4\u00e4r\u00e4: 2; Kartiomitta (mm): 18; Pakkauspituus [cm]: 14,5; Pakkausleveys [cm]: 9,5; Pakkauskorkeus [mm]: 5; Valmistusvuoteen: 12\/2012; DACIA: SANDERO,LOGAN MCV KS_,LOGAN LS_,LOGAN EXPRESS FS_,LOGAN Pick-up US_; RENAULT: CLIO III BR0\/1, CR0\/1,SC\u00c9NIC II JM0\/1_,MODUS \/ GRAND MODUS F\/JP0_,MEGANE II Kombi KM0\/1_,MEGANE II Coup\u00e9-Cabriolet EM0\/1_,MEGANE II BM0\/1_, CM0\/1_,CLIO Grandtour KR0\/1_,GRAND SC\u00c9NIC II JM0\/1_,CAPTUR,MEGANE II Stufenheck LM0\/1_,TWIZY MAM_,CLIO III Kasten SB_, SR_,SANDERO\/STEPWAY I,LOGAN I Kombi KS_,LOGAN I LS_,LOGAN EXPRESS,MEGANE II Kasten\/Kombi KM_,MEGANE II Hatchback Van KM0\/2_; 401604793R, 8200298454, 8200298455, 8200298760, 8200298761, 401604793R, 404604793R, 545003037R, 545017775R, 8200298454, 8200298455, 8200298760, 8200298761, 8200457208, 8200457209, 8200679063, 8200679067; Pallonivel<\/p>\n","protected":false},"excerpt":{"rendered":"<p>MONROE Alapallonivel L25544 Pallonivel DACIA,RENAULT,SANDERO,LOGAN MCV KS_,LOGAN LS_,LOGAN EXPRESS FS_,LOGAN Pick-up US_,CLIO III BR0\/1, CR0\/1<\/p>\n","protected":false},"featured_media":0,"template":"","meta":{"site-sidebar-layout":"default","site-content-layout":"default","ast-global-header-display":"","ast-main-header-display":"","ast-hfb-above-header-display":"","ast-hfb-below-header-display":"","ast-hfb-mobile-header-display":"","site-post-title":"","ast-breadcrumbs-content":"","ast-featured-img":"","footer-sml-layout":"","theme-transparent-header-meta":"","adv-header-id-meta":"","stick-header-meta":"","header-above-stick-meta":"","header-main-stick-meta":"","header-below-stick-meta":""},"pwb-brand":[79],"product_cat":[93],"product_tag":[],"class_list":{"0":"post-77152","1":"product","2":"type-product","3":"status-publish","5":"pwb-brand-monroe","6":"product_cat-alapallonivel","7":"desktop-align-left","8":"tablet-align-left","9":"mobile-align-left","11":"first","12":"instock","13":"product-type-external"},"brands":[{"id":79,"name":"MONROE","slug":"monroe"}],"_links":{"self":[{"href":"https:\/\/www.autonvaraosahaku.fi\/index.php?rest_route=\/wp\/v2\/product\/77152","targetHints":{"allow":["GET"]}}],"collection":[{"href":"https:\/\/www.autonvaraosahaku.fi\/index.php?rest_route=\/wp\/v2\/product"}],"about":[{"href":"https:\/\/www.autonvaraosahaku.fi\/index.php?rest_route=\/wp\/v2\/types\/product"}],"wp:attachment":[{"href":"https:\/\/www.autonvaraosahaku.fi\/index.php?rest_route=%2Fwp%2Fv2%2Fmedia&parent=77152"}],"wp:term":[{"taxonomy":"pwb-brand","embeddable":true,"href":"https:\/\/www.autonvaraosahaku.fi\/index.php?rest_route=%2Fwp%2Fv2%2Fpwb-brand&post=77152"},{"taxonomy":"product_cat","embeddable":true,"href":"https:\/\/www.autonvaraosahaku.fi\/index.php?rest_route=%2Fwp%2Fv2%2Fproduct_cat&post=77152"},{"taxonomy":"product_tag","embeddable":true,"href":"https:\/\/www.autonvaraosahaku.fi\/index.php?rest_route=%2Fwp%2Fv2%2Fproduct_tag&post=77152"}],"curies":[{"name":"wp","href":"https:\/\/api.w.org\/{rel}","templated":true}]}}