{"id":77170,"date":"2021-02-21T19:50:36","date_gmt":"2021-02-21T19:50:36","guid":{"rendered":"https:\/\/www.autonvaraosahaku.fi\/?product=hella-2va-011-527-041-takavalot"},"modified":"2021-02-21T19:50:37","modified_gmt":"2021-02-21T19:50:37","slug":"hella-2va-011-527-041-takavalot","status":"publish","type":"product","link":"https:\/\/www.autonvaraosahaku.fi\/?product=hella-2va-011-527-041-takavalot","title":{"rendered":"HELLA 2VA 011 527-041 Takavalot"},"content":{"rendered":"<p>Asennuspuoli: Oikea; Lis\u00e4tarvike\/lis\u00e4tieto: Polttimolla, Lampun kannalla; Lyhdyn muoto: LED; Tarkistuskilpi: E1 3582, E1 3583, ECE, SAE; Nimellisj\u00e4nnite (V): 12; Lyhtytoimintojen m\u00e4\u00e4r\u00e4: 5; Lamppumalli: PY21W; Valotoiminto: vilkkuvalolla, Jarruvalolla (LED), heijastimella, Takavalolla (LED), \u00c4\u00e4rivalolla; parilliset tuotenumerot: 2VA 011 527-031; Osa: Uloin osa; Lis\u00e4ksi tarvittavat tuotteet (tuotenumero): 2TZ 011 528-041; Alustanumerosta: 283022; VOLVO: V70 III BW,XC70 II; 31395960; Takavalo<\/p>\n","protected":false},"excerpt":{"rendered":"<p>HELLA Takavalot 2VA 011 527-041 Takavalo VOLVO,V70 III BW,XC70 II<\/p>\n","protected":false},"featured_media":0,"template":"","meta":{"site-sidebar-layout":"default","site-content-layout":"default","ast-global-header-display":"","ast-main-header-display":"","ast-hfb-above-header-display":"","ast-hfb-below-header-display":"","ast-hfb-mobile-header-display":"","site-post-title":"","ast-breadcrumbs-content":"","ast-featured-img":"","footer-sml-layout":"","theme-transparent-header-meta":"","adv-header-id-meta":"","stick-header-meta":"","header-above-stick-meta":"","header-main-stick-meta":"","header-below-stick-meta":""},"pwb-brand":[24],"product_cat":[159],"product_tag":[],"class_list":{"0":"post-77170","1":"product","2":"type-product","3":"status-publish","5":"pwb-brand-hella","6":"product_cat-takavalot","7":"desktop-align-left","8":"tablet-align-left","9":"mobile-align-left","11":"first","12":"instock","13":"product-type-external"},"brands":[{"id":24,"name":"HELLA","slug":"hella"}],"_links":{"self":[{"href":"https:\/\/www.autonvaraosahaku.fi\/index.php?rest_route=\/wp\/v2\/product\/77170","targetHints":{"allow":["GET"]}}],"collection":[{"href":"https:\/\/www.autonvaraosahaku.fi\/index.php?rest_route=\/wp\/v2\/product"}],"about":[{"href":"https:\/\/www.autonvaraosahaku.fi\/index.php?rest_route=\/wp\/v2\/types\/product"}],"wp:attachment":[{"href":"https:\/\/www.autonvaraosahaku.fi\/index.php?rest_route=%2Fwp%2Fv2%2Fmedia&parent=77170"}],"wp:term":[{"taxonomy":"pwb-brand","embeddable":true,"href":"https:\/\/www.autonvaraosahaku.fi\/index.php?rest_route=%2Fwp%2Fv2%2Fpwb-brand&post=77170"},{"taxonomy":"product_cat","embeddable":true,"href":"https:\/\/www.autonvaraosahaku.fi\/index.php?rest_route=%2Fwp%2Fv2%2Fproduct_cat&post=77170"},{"taxonomy":"product_tag","embeddable":true,"href":"https:\/\/www.autonvaraosahaku.fi\/index.php?rest_route=%2Fwp%2Fv2%2Fproduct_tag&post=77170"}],"curies":[{"name":"wp","href":"https:\/\/api.w.org\/{rel}","templated":true}]}}