{"id":77191,"date":"2021-02-21T19:50:43","date_gmt":"2021-02-21T19:50:43","guid":{"rendered":"https:\/\/www.autonvaraosahaku.fi\/?product=lemforder-37474-01-kallistuksenvakaajan-puslat"},"modified":"2021-02-21T19:50:44","modified_gmt":"2021-02-21T19:50:44","slug":"lemforder-37474-01-kallistuksenvakaajan-puslat","status":"publish","type":"product","link":"https:\/\/www.autonvaraosahaku.fi\/?product=lemforder-37474-01-kallistuksenvakaajan-puslat","title":{"rendered":"LEMF\u00d6RDER 37474 01 Kallistuksenvakaajan puslat"},"content":{"rendered":"<p>Asennuspuoli: Etuakseli; Lukum\u00e4\u00e4r\u00e4 akselille: 2; Jarru-\/ajodynamiikka: f\u00fcr Fahrzeuge ohne ABC; VW: TOUAREG 7LA, 7L6, 7L7; AUDI: Q7 4L; PORSCHE: CAYENNE 955,CAYENNE; 7L8411313B, 95534379261, 7L8411313B; Kallistuksenvakaajan Kumit,Vakaajan Hela<\/p>\n","protected":false},"excerpt":{"rendered":"<p>LEMF\u00d6RDER Kallistuksenvakaajan Puslat 37474 01 Kallistuksenvakaajan Kumit,Vakaajan Hela VW,AUDI,PORSCHE,TOUAREG 7LA, 7L6, 7L7,Q7 4L,CAYENNE 955<\/p>\n","protected":false},"featured_media":0,"template":"","meta":{"site-sidebar-layout":"default","site-content-layout":"default","ast-global-header-display":"","ast-main-header-display":"","ast-hfb-above-header-display":"","ast-hfb-below-header-display":"","ast-hfb-mobile-header-display":"","site-post-title":"","ast-breadcrumbs-content":"","ast-featured-img":"","footer-sml-layout":"","theme-transparent-header-meta":"","adv-header-id-meta":"","stick-header-meta":"","header-above-stick-meta":"","header-main-stick-meta":"","header-below-stick-meta":""},"pwb-brand":[77],"product_cat":[82],"product_tag":[],"class_list":{"0":"post-77191","1":"product","2":"type-product","3":"status-publish","5":"pwb-brand-lemforder","6":"product_cat-kallistuksenvakaajan-puslat","7":"desktop-align-left","8":"tablet-align-left","9":"mobile-align-left","11":"first","12":"instock","13":"product-type-external"},"brands":[{"id":77,"name":"LEMF\u00d6RDER","slug":"lemforder"}],"_links":{"self":[{"href":"https:\/\/www.autonvaraosahaku.fi\/index.php?rest_route=\/wp\/v2\/product\/77191","targetHints":{"allow":["GET"]}}],"collection":[{"href":"https:\/\/www.autonvaraosahaku.fi\/index.php?rest_route=\/wp\/v2\/product"}],"about":[{"href":"https:\/\/www.autonvaraosahaku.fi\/index.php?rest_route=\/wp\/v2\/types\/product"}],"wp:attachment":[{"href":"https:\/\/www.autonvaraosahaku.fi\/index.php?rest_route=%2Fwp%2Fv2%2Fmedia&parent=77191"}],"wp:term":[{"taxonomy":"pwb-brand","embeddable":true,"href":"https:\/\/www.autonvaraosahaku.fi\/index.php?rest_route=%2Fwp%2Fv2%2Fpwb-brand&post=77191"},{"taxonomy":"product_cat","embeddable":true,"href":"https:\/\/www.autonvaraosahaku.fi\/index.php?rest_route=%2Fwp%2Fv2%2Fproduct_cat&post=77191"},{"taxonomy":"product_tag","embeddable":true,"href":"https:\/\/www.autonvaraosahaku.fi\/index.php?rest_route=%2Fwp%2Fv2%2Fproduct_tag&post=77191"}],"curies":[{"name":"wp","href":"https:\/\/api.w.org\/{rel}","templated":true}]}}