{"id":77194,"date":"2021-02-21T19:50:43","date_gmt":"2021-02-21T19:50:43","guid":{"rendered":"https:\/\/www.autonvaraosahaku.fi\/?product=ridex-12h0005-ohjaustehostimen-pumppu"},"modified":"2021-02-21T19:50:45","modified_gmt":"2021-02-21T19:50:45","slug":"ridex-12h0005-ohjaustehostimen-pumppu","status":"publish","type":"product","link":"https:\/\/www.autonvaraosahaku.fi\/?product=ridex-12h0005-ohjaustehostimen-pumppu","title":{"rendered":"RIDEX 12H0005 Ohjaustehostimen pumppu"},"content":{"rendered":"<p>K\u00e4ytt\u00f6: Hydraulinen; Pumpputyyppi: Siipikennopumppu; K\u00e4ytt\u00f6paine (bar): 100; Py\u00f6rimissuunta: Py\u00f6rimissuunta my\u00f6t\u00e4p\u00e4iv\u00e4\u00e4n; Alustanumeroon: A 429265; MERCEDES-BENZ: M-CLASS W163; 002466380180, 0024664601, 0024668101, 002466810180, 0024668201, 002466820180, 24663801, 2466380180, 24664601, 24668101, 2466810180, 24668201, 2466820180, A002466380180, A0024664601, A0024668101, A002466810180, A0024668201, A002466820180, A2466380180, A2466810180, A2466820180; Hydrauliikkapumppu, Ohjaus<\/p>\n","protected":false},"excerpt":{"rendered":"<p>RIDEX Ohjaustehostimen Pumppu 12H0005 Hydrauliikkapumppu, Ohjaus MERCEDES-BENZ,M-CLASS W163<\/p>\n","protected":false},"featured_media":0,"template":"","meta":{"site-sidebar-layout":"default","site-content-layout":"default","ast-global-header-display":"","ast-main-header-display":"","ast-hfb-above-header-display":"","ast-hfb-below-header-display":"","ast-hfb-mobile-header-display":"","site-post-title":"","ast-breadcrumbs-content":"","ast-featured-img":"","footer-sml-layout":"","theme-transparent-header-meta":"","adv-header-id-meta":"","stick-header-meta":"","header-above-stick-meta":"","header-main-stick-meta":"","header-below-stick-meta":""},"pwb-brand":[157],"product_cat":[287],"product_tag":[],"class_list":{"0":"post-77194","1":"product","2":"type-product","3":"status-publish","5":"pwb-brand-ridex","6":"product_cat-ohjaustehostimen-pumppu","7":"desktop-align-left","8":"tablet-align-left","9":"mobile-align-left","11":"first","12":"instock","13":"product-type-external"},"brands":[{"id":157,"name":"RIDEX","slug":"ridex"}],"_links":{"self":[{"href":"https:\/\/www.autonvaraosahaku.fi\/index.php?rest_route=\/wp\/v2\/product\/77194","targetHints":{"allow":["GET"]}}],"collection":[{"href":"https:\/\/www.autonvaraosahaku.fi\/index.php?rest_route=\/wp\/v2\/product"}],"about":[{"href":"https:\/\/www.autonvaraosahaku.fi\/index.php?rest_route=\/wp\/v2\/types\/product"}],"wp:attachment":[{"href":"https:\/\/www.autonvaraosahaku.fi\/index.php?rest_route=%2Fwp%2Fv2%2Fmedia&parent=77194"}],"wp:term":[{"taxonomy":"pwb-brand","embeddable":true,"href":"https:\/\/www.autonvaraosahaku.fi\/index.php?rest_route=%2Fwp%2Fv2%2Fpwb-brand&post=77194"},{"taxonomy":"product_cat","embeddable":true,"href":"https:\/\/www.autonvaraosahaku.fi\/index.php?rest_route=%2Fwp%2Fv2%2Fproduct_cat&post=77194"},{"taxonomy":"product_tag","embeddable":true,"href":"https:\/\/www.autonvaraosahaku.fi\/index.php?rest_route=%2Fwp%2Fv2%2Fproduct_tag&post=77194"}],"curies":[{"name":"wp","href":"https:\/\/api.w.org\/{rel}","templated":true}]}}