{"id":77195,"date":"2021-02-21T19:50:43","date_gmt":"2021-02-21T19:50:43","guid":{"rendered":"https:\/\/www.autonvaraosahaku.fi\/?product=ridex-78b0090-jarrusatula"},"modified":"2021-02-21T19:50:45","modified_gmt":"2021-02-21T19:50:45","slug":"ridex-78b0090-jarrusatula","status":"publish","type":"product","link":"https:\/\/www.autonvaraosahaku.fi\/?product=ridex-78b0090-jarrusatula","title":{"rendered":"RIDEX 78B0090 Jarrusatula"},"content":{"rendered":"<p>Asennuspuoli: Taka-akseli, oikea, Akselin takana; Jarrusatulatyyppi: Jarrusatula (1-m\u00e4nt\u00e4); Sylinterim\u00e4nn\u00e4n halkaisija [mm]: 42; Jarrulevyl\u00e4pimitalle [mm]: 290; parilliset tuotenumerot: 78B0267; Jarrulevytyyppi: Vakiomalli; Nettopaino [kg]: 2,14; Valmistusvuoteen: 09\/2000; CHRYSLER: VOYAGER IV RG, RS,VOYAGER III GS; DODGE: CARAVAN RG_; 05003981AB, 5019808AA<\/p>\n","protected":false},"excerpt":{"rendered":"<p>RIDEX Jarrusatula 78B0090  CHRYSLER,DODGE,VOYAGER IV RG, RS,VOYAGER III GS,CARAVAN RG_<\/p>\n","protected":false},"featured_media":0,"template":"","meta":{"site-sidebar-layout":"default","site-content-layout":"default","ast-global-header-display":"","ast-main-header-display":"","ast-hfb-above-header-display":"","ast-hfb-below-header-display":"","ast-hfb-mobile-header-display":"","site-post-title":"","ast-breadcrumbs-content":"","ast-featured-img":"","footer-sml-layout":"","theme-transparent-header-meta":"","adv-header-id-meta":"","stick-header-meta":"","header-above-stick-meta":"","header-main-stick-meta":"","header-below-stick-meta":""},"pwb-brand":[157],"product_cat":[177],"product_tag":[],"class_list":{"0":"post-77195","1":"product","2":"type-product","3":"status-publish","5":"pwb-brand-ridex","6":"product_cat-jarrusatula","7":"desktop-align-left","8":"tablet-align-left","9":"mobile-align-left","11":"first","12":"instock","13":"product-type-external"},"brands":[{"id":157,"name":"RIDEX","slug":"ridex"}],"_links":{"self":[{"href":"https:\/\/www.autonvaraosahaku.fi\/index.php?rest_route=\/wp\/v2\/product\/77195","targetHints":{"allow":["GET"]}}],"collection":[{"href":"https:\/\/www.autonvaraosahaku.fi\/index.php?rest_route=\/wp\/v2\/product"}],"about":[{"href":"https:\/\/www.autonvaraosahaku.fi\/index.php?rest_route=\/wp\/v2\/types\/product"}],"wp:attachment":[{"href":"https:\/\/www.autonvaraosahaku.fi\/index.php?rest_route=%2Fwp%2Fv2%2Fmedia&parent=77195"}],"wp:term":[{"taxonomy":"pwb-brand","embeddable":true,"href":"https:\/\/www.autonvaraosahaku.fi\/index.php?rest_route=%2Fwp%2Fv2%2Fpwb-brand&post=77195"},{"taxonomy":"product_cat","embeddable":true,"href":"https:\/\/www.autonvaraosahaku.fi\/index.php?rest_route=%2Fwp%2Fv2%2Fproduct_cat&post=77195"},{"taxonomy":"product_tag","embeddable":true,"href":"https:\/\/www.autonvaraosahaku.fi\/index.php?rest_route=%2Fwp%2Fv2%2Fproduct_tag&post=77195"}],"curies":[{"name":"wp","href":"https:\/\/api.w.org\/{rel}","templated":true}]}}