{"id":77198,"date":"2021-02-21T19:50:43","date_gmt":"2021-02-21T19:50:43","guid":{"rendered":"https:\/\/www.autonvaraosahaku.fi\/?product=ridex-78b0141-jarrusatula"},"modified":"2021-02-21T19:50:46","modified_gmt":"2021-02-21T19:50:46","slug":"ridex-78b0141-jarrusatula","status":"publish","type":"product","link":"https:\/\/www.autonvaraosahaku.fi\/?product=ridex-78b0141-jarrusatula","title":{"rendered":"RIDEX 78B0141 Jarrusatula"},"content":{"rendered":"<p>Asennuspuoli: Etuakseli, vasen; Jarrusatulatyyppi: Jarrusatula (1-m\u00e4nt\u00e4); Sylinterim\u00e4nn\u00e4n halkaisija [mm]: 57; parilliset tuotenumerot: 78B0162; Jarrulevyl\u00e4pimitalle [mm]: 258; MAZDA: 323 F VI BJ,PREMACY CP,626 V Hatchback GF,626 V GF,626 V Station Wagon GW,626 IV Hatchback GE,FAMILIA VI BJ,XEDOS 6 CA,626 IV GE,MX-6 GE,MX-6 GD; FORD USA: PROBE II ECP; 3724210, CB0133990, CB0133990D, CB0133990E, CB0133990F, CB8033990, CB8033990A, GA5R3371X, GA5R3371XA, GA5R33990A, GAZR3399ZA<\/p>\n","protected":false},"excerpt":{"rendered":"<p>RIDEX Jarrusatula 78B0141  MAZDA,FORD USA,323 F VI BJ,PREMACY CP,626 V Hatchback GF,626 V GF,626 V Station Wagon GW,626 IV Hatchback GE,FAMILIA VI BJ<\/p>\n","protected":false},"featured_media":0,"template":"","meta":{"site-sidebar-layout":"default","site-content-layout":"default","ast-global-header-display":"","ast-main-header-display":"","ast-hfb-above-header-display":"","ast-hfb-below-header-display":"","ast-hfb-mobile-header-display":"","site-post-title":"","ast-breadcrumbs-content":"","ast-featured-img":"","footer-sml-layout":"","theme-transparent-header-meta":"","adv-header-id-meta":"","stick-header-meta":"","header-above-stick-meta":"","header-main-stick-meta":"","header-below-stick-meta":""},"pwb-brand":[157],"product_cat":[177],"product_tag":[],"class_list":{"0":"post-77198","1":"product","2":"type-product","3":"status-publish","5":"pwb-brand-ridex","6":"product_cat-jarrusatula","7":"desktop-align-left","8":"tablet-align-left","9":"mobile-align-left","11":"first","12":"instock","13":"product-type-external"},"brands":[{"id":157,"name":"RIDEX","slug":"ridex"}],"_links":{"self":[{"href":"https:\/\/www.autonvaraosahaku.fi\/index.php?rest_route=\/wp\/v2\/product\/77198","targetHints":{"allow":["GET"]}}],"collection":[{"href":"https:\/\/www.autonvaraosahaku.fi\/index.php?rest_route=\/wp\/v2\/product"}],"about":[{"href":"https:\/\/www.autonvaraosahaku.fi\/index.php?rest_route=\/wp\/v2\/types\/product"}],"wp:attachment":[{"href":"https:\/\/www.autonvaraosahaku.fi\/index.php?rest_route=%2Fwp%2Fv2%2Fmedia&parent=77198"}],"wp:term":[{"taxonomy":"pwb-brand","embeddable":true,"href":"https:\/\/www.autonvaraosahaku.fi\/index.php?rest_route=%2Fwp%2Fv2%2Fpwb-brand&post=77198"},{"taxonomy":"product_cat","embeddable":true,"href":"https:\/\/www.autonvaraosahaku.fi\/index.php?rest_route=%2Fwp%2Fv2%2Fproduct_cat&post=77198"},{"taxonomy":"product_tag","embeddable":true,"href":"https:\/\/www.autonvaraosahaku.fi\/index.php?rest_route=%2Fwp%2Fv2%2Fproduct_tag&post=77198"}],"curies":[{"name":"wp","href":"https:\/\/api.w.org\/{rel}","templated":true}]}}