{"id":77231,"date":"2021-02-21T19:50:58","date_gmt":"2021-02-21T19:50:58","guid":{"rendered":"https:\/\/www.autonvaraosahaku.fi\/?product=ridex-78b0032-jarrusatula"},"modified":"2021-02-21T19:50:58","modified_gmt":"2021-02-21T19:50:58","slug":"ridex-78b0032-jarrusatula","status":"publish","type":"product","link":"https:\/\/www.autonvaraosahaku.fi\/?product=ridex-78b0032-jarrusatula","title":{"rendered":"RIDEX 78B0032 Jarrusatula"},"content":{"rendered":"<p>Asennuspuoli: Etuakseli, Etuakseli, vasen, Vorderachse links; Vaihto-osa: ; Kiinnityrreikien et\u00e4isyys [mm]: 128; M\u00e4nt\u00e4-\u00d8 [mm] varten: 45; Jarrulevyl\u00e4pimitalle [mm]: 338; Jarrulevypaksuudelle [mm]: 28; Materiaali: Valurauta; TOYOTA: LAND CRUISER KDJ12_, GRJ12_,4 RUNNER UZN21_, KZN21_, GRN21_; LEXUS: GX _J12_; 4775060130, 4775060261, 4775060130, 4775060261<\/p>\n","protected":false},"excerpt":{"rendered":"<p>RIDEX Jarrusatula 78B0032  TOYOTA,LEXUS,LAND CRUISER KDJ12_, GRJ12_,4 RUNNER UZN21_, KZN21_, GRN21_,GX _J12_<\/p>\n","protected":false},"featured_media":0,"template":"","meta":{"site-sidebar-layout":"default","site-content-layout":"default","ast-global-header-display":"","ast-main-header-display":"","ast-hfb-above-header-display":"","ast-hfb-below-header-display":"","ast-hfb-mobile-header-display":"","site-post-title":"","ast-breadcrumbs-content":"","ast-featured-img":"","footer-sml-layout":"","theme-transparent-header-meta":"","adv-header-id-meta":"","stick-header-meta":"","header-above-stick-meta":"","header-main-stick-meta":"","header-below-stick-meta":""},"pwb-brand":[157],"product_cat":[177],"product_tag":[],"class_list":{"0":"post-77231","1":"product","2":"type-product","3":"status-publish","5":"pwb-brand-ridex","6":"product_cat-jarrusatula","7":"desktop-align-left","8":"tablet-align-left","9":"mobile-align-left","11":"first","12":"instock","13":"product-type-external"},"brands":[{"id":157,"name":"RIDEX","slug":"ridex"}],"_links":{"self":[{"href":"https:\/\/www.autonvaraosahaku.fi\/index.php?rest_route=\/wp\/v2\/product\/77231","targetHints":{"allow":["GET"]}}],"collection":[{"href":"https:\/\/www.autonvaraosahaku.fi\/index.php?rest_route=\/wp\/v2\/product"}],"about":[{"href":"https:\/\/www.autonvaraosahaku.fi\/index.php?rest_route=\/wp\/v2\/types\/product"}],"wp:attachment":[{"href":"https:\/\/www.autonvaraosahaku.fi\/index.php?rest_route=%2Fwp%2Fv2%2Fmedia&parent=77231"}],"wp:term":[{"taxonomy":"pwb-brand","embeddable":true,"href":"https:\/\/www.autonvaraosahaku.fi\/index.php?rest_route=%2Fwp%2Fv2%2Fpwb-brand&post=77231"},{"taxonomy":"product_cat","embeddable":true,"href":"https:\/\/www.autonvaraosahaku.fi\/index.php?rest_route=%2Fwp%2Fv2%2Fproduct_cat&post=77231"},{"taxonomy":"product_tag","embeddable":true,"href":"https:\/\/www.autonvaraosahaku.fi\/index.php?rest_route=%2Fwp%2Fv2%2Fproduct_tag&post=77231"}],"curies":[{"name":"wp","href":"https:\/\/api.w.org\/{rel}","templated":true}]}}