{"id":77238,"date":"2021-02-21T19:50:58","date_gmt":"2021-02-21T19:50:58","guid":{"rendered":"https:\/\/www.autonvaraosahaku.fi\/?product=ridex-193b0079-vetonivelen-suojakumi"},"modified":"2021-02-21T19:51:00","modified_gmt":"2021-02-21T19:51:00","slug":"ridex-193b0079-vetonivelen-suojakumi","status":"publish","type":"product","link":"https:\/\/www.autonvaraosahaku.fi\/?product=ridex-193b0079-vetonivelen-suojakumi","title":{"rendered":"RIDEX 193B0079 Vetonivelen suojakumi"},"content":{"rendered":"<p>Sis\u00e4l\u00e4pimitta 1 [mm]: 23; Sis\u00e4l\u00e4pimitta 2 [mm]: 78; Korkeus (mm): 91,5; HONDA: ACCORD VI CG, CK,CIVIC VI Aerodeck MB, MC,CR-V I RD,CRX II ED, EE,PRELUDE V BB,ACCORD VI Hatchback CH,ACCORD VI Coupe CG,ACCORD V CE, CF,INTEGRA Coupe DC2, DC4,PRELUDE III BA,ACCORD V CC, CD,CONCERTO HW,ACCORD III CA,CONCERTO Stufenheck HWW,ACCORD III Aerodeck CA,CIVIC II Shuttle EE,CIVIC I Shuttle AN, AR,INTEGRA DA; ROVER: 200 RF,400 XW; SUBARU: LEONE II Station Wagon,LEONE II; 44017S0AJ02, 44017S30000, 44017S84A00, 44017S84C00, 44017S87A51, 44017S87A52, 44017SN7010, 44017ST7R50, 4417SCAE01, 44315SB2981, 23222GA153, GSV1148, 23222GA152, 23222GA153, 28023AA090; Vetoakselin Suojakumi,Paljekumi, Vetoakseli<\/p>\n","protected":false},"excerpt":{"rendered":"<p>RIDEX Vetonivelen Suojakumi 193B0079 Vetoakselin Suojakumi,Paljekumi, Vetoakseli HONDA,ROVER,SUBARU,ACCORD VI CG, CK,CIVIC VI Aerodeck MB, MC<\/p>\n","protected":false},"featured_media":0,"template":"","meta":{"site-sidebar-layout":"default","site-content-layout":"default","ast-global-header-display":"","ast-main-header-display":"","ast-hfb-above-header-display":"","ast-hfb-below-header-display":"","ast-hfb-mobile-header-display":"","site-post-title":"","ast-breadcrumbs-content":"","ast-featured-img":"","footer-sml-layout":"","theme-transparent-header-meta":"","adv-header-id-meta":"","stick-header-meta":"","header-above-stick-meta":"","header-main-stick-meta":"","header-below-stick-meta":""},"pwb-brand":[157],"product_cat":[42],"product_tag":[],"class_list":{"0":"post-77238","1":"product","2":"type-product","3":"status-publish","5":"pwb-brand-ridex","6":"product_cat-vetonivelen-suojakumi","7":"desktop-align-left","8":"tablet-align-left","9":"mobile-align-left","11":"first","12":"instock","13":"product-type-external"},"brands":[{"id":157,"name":"RIDEX","slug":"ridex"}],"_links":{"self":[{"href":"https:\/\/www.autonvaraosahaku.fi\/index.php?rest_route=\/wp\/v2\/product\/77238","targetHints":{"allow":["GET"]}}],"collection":[{"href":"https:\/\/www.autonvaraosahaku.fi\/index.php?rest_route=\/wp\/v2\/product"}],"about":[{"href":"https:\/\/www.autonvaraosahaku.fi\/index.php?rest_route=\/wp\/v2\/types\/product"}],"wp:attachment":[{"href":"https:\/\/www.autonvaraosahaku.fi\/index.php?rest_route=%2Fwp%2Fv2%2Fmedia&parent=77238"}],"wp:term":[{"taxonomy":"pwb-brand","embeddable":true,"href":"https:\/\/www.autonvaraosahaku.fi\/index.php?rest_route=%2Fwp%2Fv2%2Fpwb-brand&post=77238"},{"taxonomy":"product_cat","embeddable":true,"href":"https:\/\/www.autonvaraosahaku.fi\/index.php?rest_route=%2Fwp%2Fv2%2Fproduct_cat&post=77238"},{"taxonomy":"product_tag","embeddable":true,"href":"https:\/\/www.autonvaraosahaku.fi\/index.php?rest_route=%2Fwp%2Fv2%2Fproduct_tag&post=77238"}],"curies":[{"name":"wp","href":"https:\/\/api.w.org\/{rel}","templated":true}]}}