{"id":77258,"date":"2021-02-21T19:51:05","date_gmt":"2021-02-21T19:51:05","guid":{"rendered":"https:\/\/www.autonvaraosahaku.fi\/?product=ridex-468i0018-valijaahdytin"},"modified":"2021-02-21T19:51:07","modified_gmt":"2021-02-21T19:51:07","slug":"ridex-468i0018-valijaahdytin","status":"publish","type":"product","link":"https:\/\/www.autonvaraosahaku.fi\/?product=ridex-468i0018-valijaahdytin","title":{"rendered":"RIDEX 468I0018 V\u00e4lij\u00e4\u00e4hdytin"},"content":{"rendered":"<p>Kennon mitat: 183x187x64; Materiaali: Alumiini, Muovi; Vaihteistomalli: K\u00e4sivaihteisto; Varusteet: ajoneuvoille ilmastointilaitteella tai ilman; VW: POLO 9N_,FOX 5Z1, 5Z3,POLO Stufenheck 9A4; SKODA: FABIA Combi 6Y5,FABIA,FABIA 6Y2,FABIA Combi,ROOMSTER 5J,FABIA Stufenheck 6Y3,ROOMSTER Praktik 5J; SEAT: IBIZA IV 6L1,CORDOBA 6L2; 6Q0145804A, 6Q0145804A, 6Q0145804A<\/p>\n","protected":false},"excerpt":{"rendered":"<p>RIDEX V\u00e4lij\u00e4\u00e4hdytin 468I0018  VW,SKODA,SEAT,POLO 9N_,FOX 5Z1, 5Z3,POLO Stufenheck 9A4,FABIA Combi 6Y5,FABIA,FABIA 6Y2,FABIA Combi,ROOMSTER 5J<\/p>\n","protected":false},"featured_media":0,"template":"","meta":{"site-sidebar-layout":"default","site-content-layout":"default","ast-global-header-display":"","ast-main-header-display":"","ast-hfb-above-header-display":"","ast-hfb-below-header-display":"","ast-hfb-mobile-header-display":"","site-post-title":"","ast-breadcrumbs-content":"","ast-featured-img":"","footer-sml-layout":"","theme-transparent-header-meta":"","adv-header-id-meta":"","stick-header-meta":"","header-above-stick-meta":"","header-main-stick-meta":"","header-below-stick-meta":""},"pwb-brand":[157],"product_cat":[234],"product_tag":[],"class_list":{"0":"post-77258","1":"product","2":"type-product","3":"status-publish","5":"pwb-brand-ridex","6":"product_cat-valijaahdytin","7":"desktop-align-left","8":"tablet-align-left","9":"mobile-align-left","11":"first","12":"instock","13":"product-type-external"},"brands":[{"id":157,"name":"RIDEX","slug":"ridex"}],"_links":{"self":[{"href":"https:\/\/www.autonvaraosahaku.fi\/index.php?rest_route=\/wp\/v2\/product\/77258","targetHints":{"allow":["GET"]}}],"collection":[{"href":"https:\/\/www.autonvaraosahaku.fi\/index.php?rest_route=\/wp\/v2\/product"}],"about":[{"href":"https:\/\/www.autonvaraosahaku.fi\/index.php?rest_route=\/wp\/v2\/types\/product"}],"wp:attachment":[{"href":"https:\/\/www.autonvaraosahaku.fi\/index.php?rest_route=%2Fwp%2Fv2%2Fmedia&parent=77258"}],"wp:term":[{"taxonomy":"pwb-brand","embeddable":true,"href":"https:\/\/www.autonvaraosahaku.fi\/index.php?rest_route=%2Fwp%2Fv2%2Fpwb-brand&post=77258"},{"taxonomy":"product_cat","embeddable":true,"href":"https:\/\/www.autonvaraosahaku.fi\/index.php?rest_route=%2Fwp%2Fv2%2Fproduct_cat&post=77258"},{"taxonomy":"product_tag","embeddable":true,"href":"https:\/\/www.autonvaraosahaku.fi\/index.php?rest_route=%2Fwp%2Fv2%2Fproduct_tag&post=77258"}],"curies":[{"name":"wp","href":"https:\/\/api.w.org\/{rel}","templated":true}]}}