{"id":7728,"date":"2021-02-21T14:01:00","date_gmt":"2021-02-21T14:01:00","guid":{"rendered":"https:\/\/www.autonvaraosahaku.fi\/?product=monroe-376083sp-iskunvaimennin"},"modified":"2021-02-21T14:01:00","modified_gmt":"2021-02-21T14:01:00","slug":"monroe-376083sp-iskunvaimennin","status":"publish","type":"product","link":"https:\/\/www.autonvaraosahaku.fi\/?product=monroe-376083sp-iskunvaimennin","title":{"rendered":"MONROE 376083SP Iskunvaimennin"},"content":{"rendered":"<p>Iskunvaimennin tyyppi: Kaasupaine; Iskunvaimennusj\u00e4rjestelm\u00e4: Kaksiputki; Iskunvaimennin asennustapa: Silmukka alhaalla, Tappi ylh\u00e4\u00e4ll\u00e4; Paino [kg]: 2,000; Reik\u00e4-\u00d8 [mm]: 35; suurin pituus [mm]: 461; v\u00e4h. pituus [mm]: 290; Pakkauspituus [cm]: 50,5; Pakkausleveys [cm]: 6,5; Pakkauskorkeus [mm]: 6,5; Tullitariffinumero: 87088035; Tappil\u00e4pimitta [mm]: 15,8; Asennuspuoli: Hinterachse; FORD: MONDEO IV Turnier BA7,S-MAX WA6,GALAXY WA6,MONDEO IV BA7,MONDEO IV Stufenheck BA7; VOLVO: V70 III BW,V60,XC70 II,S80 II AS,S60 II; 1376860, 1381829, 1405320, 1423386, 1432357, 1465863, 1465868, 1470943, 1470944, 1473830, 1473831, 1474236, 1474243, 1476613, 1476616, 1487145, 1539852, 1539854, 1672990, 1672992, 1682461, 1720986, 1721245, 1741803, 1741804, 1746172, 6G9118080FAB, 6G9118080FAE, 6G9118080FAF, 6G9118080FDC, 6G9118080FDE, 6G9118080FEB, 6G9118080FEC, 6G9118080FFA, 6G9118080FFB, 6G9118080FFC, 6G9118080FFD, 6G9118080FFE, 6G9118080FFF, 6G9118080FGC, 6G9118080FGD, 6G9118080FGE, 6G9118080FME, 6G9118080FMF, 30714221, 31200755, 31262177, 31262910, 31262911, 31317495, 31317496, 31329491, 31329492, 31329493, 31329494, 31340694, 31340695, 31340696, 31340697, 31340698, 31340699, 31340700, 31340701; Iskarit,Iskunvaimennin<\/p>\n","protected":false},"excerpt":{"rendered":"<p>MONROE Iskunvaimentimet OESpectrum Premium 376083SP Iskarit,Iskunvaimennin FORD,VOLVO,MONDEO IV Turnier BA7,S-MAX WA6,GALAXY WA6,MONDEO IV BA7<\/p>\n","protected":false},"featured_media":0,"template":"","meta":{"site-sidebar-layout":"default","site-content-layout":"default","ast-global-header-display":"","ast-main-header-display":"","ast-hfb-above-header-display":"","ast-hfb-below-header-display":"","ast-hfb-mobile-header-display":"","site-post-title":"","ast-breadcrumbs-content":"","ast-featured-img":"","footer-sml-layout":"","theme-transparent-header-meta":"","adv-header-id-meta":"","stick-header-meta":"","header-above-stick-meta":"","header-main-stick-meta":"","header-below-stick-meta":""},"pwb-brand":[79],"product_cat":[80],"product_tag":[],"class_list":{"0":"post-7728","1":"product","2":"type-product","3":"status-publish","5":"pwb-brand-monroe","6":"product_cat-iskunvaimennin","7":"desktop-align-left","8":"tablet-align-left","9":"mobile-align-left","11":"first","12":"instock","13":"product-type-external"},"brands":[{"id":79,"name":"MONROE","slug":"monroe"}],"_links":{"self":[{"href":"https:\/\/www.autonvaraosahaku.fi\/index.php?rest_route=\/wp\/v2\/product\/7728","targetHints":{"allow":["GET"]}}],"collection":[{"href":"https:\/\/www.autonvaraosahaku.fi\/index.php?rest_route=\/wp\/v2\/product"}],"about":[{"href":"https:\/\/www.autonvaraosahaku.fi\/index.php?rest_route=\/wp\/v2\/types\/product"}],"wp:attachment":[{"href":"https:\/\/www.autonvaraosahaku.fi\/index.php?rest_route=%2Fwp%2Fv2%2Fmedia&parent=7728"}],"wp:term":[{"taxonomy":"pwb-brand","embeddable":true,"href":"https:\/\/www.autonvaraosahaku.fi\/index.php?rest_route=%2Fwp%2Fv2%2Fpwb-brand&post=7728"},{"taxonomy":"product_cat","embeddable":true,"href":"https:\/\/www.autonvaraosahaku.fi\/index.php?rest_route=%2Fwp%2Fv2%2Fproduct_cat&post=7728"},{"taxonomy":"product_tag","embeddable":true,"href":"https:\/\/www.autonvaraosahaku.fi\/index.php?rest_route=%2Fwp%2Fv2%2Fproduct_tag&post=7728"}],"curies":[{"name":"wp","href":"https:\/\/api.w.org\/{rel}","templated":true}]}}