{"id":77298,"date":"2021-02-21T19:51:19","date_gmt":"2021-02-21T19:51:19","guid":{"rendered":"https:\/\/www.autonvaraosahaku.fi\/?product=peters-ennepetal-037-071-00a-muut-luokat"},"modified":"2021-02-21T19:51:22","modified_gmt":"2021-02-21T19:51:22","slug":"peters-ennepetal-037-071-00a-muut-luokat","status":"publish","type":"product","link":"https:\/\/www.autonvaraosahaku.fi\/?product=peters-ennepetal-037-071-00a-muut-luokat","title":{"rendered":"PETERS ENNEPETAL 037.071-00A Muut luokat"},"content":{"rendered":"<p>Sis\u00e4l\u00e4pimitta [mm]: 22,5; Ulkol\u00e4pimitta [mm]: 34; Korkeus (mm): 8; DIN \/ ISO: DIN 74361 C; Paino [kg]: 0,0208; MAN: E2000,F2000,F90,F90 Unterflur,M 2000 L,M90,TGA; 81455020001, 83455020001, N1011057259<\/p>\n","protected":false},"excerpt":{"rendered":"<p>PETERS ENNEPETAL Keskitysrengas, Vanne 037.071-00A  MAN,E2000,F2000,F90,F90 Unterflur,M 2000 L,M90,TGA<\/p>\n","protected":false},"featured_media":0,"template":"","meta":{"site-sidebar-layout":"default","site-content-layout":"default","ast-global-header-display":"","ast-main-header-display":"","ast-hfb-above-header-display":"","ast-hfb-below-header-display":"","ast-hfb-mobile-header-display":"","site-post-title":"","ast-breadcrumbs-content":"","ast-featured-img":"","footer-sml-layout":"","theme-transparent-header-meta":"","adv-header-id-meta":"","stick-header-meta":"","header-above-stick-meta":"","header-main-stick-meta":"","header-below-stick-meta":""},"pwb-brand":[516],"product_cat":[37],"product_tag":[],"class_list":{"0":"post-77298","1":"product","2":"type-product","3":"status-publish","5":"pwb-brand-peters-ennepetal","6":"product_cat-muut-luokat","7":"desktop-align-left","8":"tablet-align-left","9":"mobile-align-left","11":"first","12":"instock","13":"product-type-external"},"brands":[{"id":516,"name":"PETERS ENNEPETAL","slug":"peters-ennepetal"}],"_links":{"self":[{"href":"https:\/\/www.autonvaraosahaku.fi\/index.php?rest_route=\/wp\/v2\/product\/77298","targetHints":{"allow":["GET"]}}],"collection":[{"href":"https:\/\/www.autonvaraosahaku.fi\/index.php?rest_route=\/wp\/v2\/product"}],"about":[{"href":"https:\/\/www.autonvaraosahaku.fi\/index.php?rest_route=\/wp\/v2\/types\/product"}],"wp:attachment":[{"href":"https:\/\/www.autonvaraosahaku.fi\/index.php?rest_route=%2Fwp%2Fv2%2Fmedia&parent=77298"}],"wp:term":[{"taxonomy":"pwb-brand","embeddable":true,"href":"https:\/\/www.autonvaraosahaku.fi\/index.php?rest_route=%2Fwp%2Fv2%2Fpwb-brand&post=77298"},{"taxonomy":"product_cat","embeddable":true,"href":"https:\/\/www.autonvaraosahaku.fi\/index.php?rest_route=%2Fwp%2Fv2%2Fproduct_cat&post=77298"},{"taxonomy":"product_tag","embeddable":true,"href":"https:\/\/www.autonvaraosahaku.fi\/index.php?rest_route=%2Fwp%2Fv2%2Fproduct_tag&post=77298"}],"curies":[{"name":"wp","href":"https:\/\/api.w.org\/{rel}","templated":true}]}}