{"id":77307,"date":"2021-02-21T19:51:19","date_gmt":"2021-02-21T19:51:19","guid":{"rendered":"https:\/\/www.autonvaraosahaku.fi\/?product=ferodo-ddf069-jarrulevyt"},"modified":"2021-02-21T19:51:25","modified_gmt":"2021-02-21T19:51:25","slug":"ferodo-ddf069-jarrulevyt","status":"publish","type":"product","link":"https:\/\/www.autonvaraosahaku.fi\/?product=ferodo-ddf069-jarrulevyt","title":{"rendered":"FERODO DDF069 Jarrulevyt"},"content":{"rendered":"<p>Korkeus (mm): 61; Paino [kg]: 14,9; Jarrulevytyyppi: Vakiomalli; Jarrulevyn paksuus (mm): 16; V\u00e4himm\u00e4ispaksuus (mm): 14,8; Ulkol\u00e4pimitta [mm]: 290; Reikien m\u00e4\u00e4r\u00e4: 5; keskitt\u00e4misl\u00e4pimitta [mm]: 73; Kiristysmomentti: 95; Reik\u00e4ympyr\u00e4-\u00d8 [mm]: 118; M\u00e4\u00e4r\u00e4yksikk\u00f6: Sarja; Korvaava tuote\/korvaava tiedote 2: Ruuveilla; Pakkauspituus [cm]: 30; Pakkausleveys [cm]: 30; Pakkauskorkeus [mm]: 11; Tuotelinja: PREMIER; Asennuspuoli: Vorderachse; FIAT: DUCATO Kasten 290,DUCATO Pritsche\/Fahrgestell 290,DUCATO Kasten 280,DUCATO Pritsche\/Fahrgestell 280,DUCATO Panorama 280,DUCATO Panorama 290; CITRO\u00cbN: C25 Bus 280_, 290_,C25 Pritsche\/Fahrgestell 280_, 290_,C25 Kasten 280_, 290_; PEUGEOT: J5 Pritsche\/Fahrgestell 280L,J5 Pritsche\/Fahrgestell 290L,J5 Kasten 280L,J5 Bus 290P,J5 Kasten 290L,J5 Bus 280P; 4721677AA, 4721996AB, 4246A0, 4246H3, 4246N7, 4249J0, 7538682, 7583682, 93500521, ZF93500521, 4721996AA, 71739638, 7538682, 93500521, ZF93500521, 7538682, 93500521, 4246A0, 4246H3, 4246N7, 4249J0, 7538682, 93500521, ZF93500521, 07538682, 4246A0, 4246H3, 7538682, 93500521, ZF93500521; Jarrulevy<\/p>\n","protected":false},"excerpt":{"rendered":"<p>FERODO Jarrulevyt DDF069 Jarrulevy FIAT,CITRO\u00cbN,PEUGEOT,DUCATO Kasten 290,DUCATO Pritsche\/Fahrgestell 290,DUCATO Kasten 280<\/p>\n","protected":false},"featured_media":0,"template":"","meta":{"site-sidebar-layout":"default","site-content-layout":"default","ast-global-header-display":"","ast-main-header-display":"","ast-hfb-above-header-display":"","ast-hfb-below-header-display":"","ast-hfb-mobile-header-display":"","site-post-title":"","ast-breadcrumbs-content":"","ast-featured-img":"","footer-sml-layout":"","theme-transparent-header-meta":"","adv-header-id-meta":"","stick-header-meta":"","header-above-stick-meta":"","header-main-stick-meta":"","header-below-stick-meta":""},"pwb-brand":[298],"product_cat":[66],"product_tag":[],"class_list":{"0":"post-77307","1":"product","2":"type-product","3":"status-publish","5":"pwb-brand-ferodo","6":"product_cat-jarrulevyt","7":"desktop-align-left","8":"tablet-align-left","9":"mobile-align-left","11":"first","12":"instock","13":"product-type-external"},"brands":[{"id":298,"name":"FERODO","slug":"ferodo"}],"_links":{"self":[{"href":"https:\/\/www.autonvaraosahaku.fi\/index.php?rest_route=\/wp\/v2\/product\/77307","targetHints":{"allow":["GET"]}}],"collection":[{"href":"https:\/\/www.autonvaraosahaku.fi\/index.php?rest_route=\/wp\/v2\/product"}],"about":[{"href":"https:\/\/www.autonvaraosahaku.fi\/index.php?rest_route=\/wp\/v2\/types\/product"}],"wp:attachment":[{"href":"https:\/\/www.autonvaraosahaku.fi\/index.php?rest_route=%2Fwp%2Fv2%2Fmedia&parent=77307"}],"wp:term":[{"taxonomy":"pwb-brand","embeddable":true,"href":"https:\/\/www.autonvaraosahaku.fi\/index.php?rest_route=%2Fwp%2Fv2%2Fpwb-brand&post=77307"},{"taxonomy":"product_cat","embeddable":true,"href":"https:\/\/www.autonvaraosahaku.fi\/index.php?rest_route=%2Fwp%2Fv2%2Fproduct_cat&post=77307"},{"taxonomy":"product_tag","embeddable":true,"href":"https:\/\/www.autonvaraosahaku.fi\/index.php?rest_route=%2Fwp%2Fv2%2Fproduct_tag&post=77307"}],"curies":[{"name":"wp","href":"https:\/\/api.w.org\/{rel}","templated":true}]}}