{"id":77311,"date":"2021-02-21T19:51:27","date_gmt":"2021-02-21T19:51:27","guid":{"rendered":"https:\/\/www.autonvaraosahaku.fi\/?product=skf-vkba-5412-pyoranlaakerit"},"modified":"2021-02-21T19:51:27","modified_gmt":"2021-02-21T19:51:27","slug":"skf-vkba-5412-pyoranlaakerit","status":"publish","type":"product","link":"https:\/\/www.autonvaraosahaku.fi\/?product=skf-vkba-5412-pyoranlaakerit","title":{"rendered":"SKF VKBA 5412 Py\u00f6r\u00e4nlaakerit"},"content":{"rendered":"<p>Leveys (mm): 115; Sis\u00e4l\u00e4pimitta [mm]: 82; Ulkol\u00e4pimitta [mm]: 140; MERCEDES-BENZ: ATEGO,ATEGO 2,INTEGRO (O 550),INTOURO; 0003300725, 0149815105, 0149819305, 0149819905, 0169812805, 0179815005, A0003300725, A0149815105, A0149819305, A0149819905, A0169812805, A0179815005<\/p>\n","protected":false},"excerpt":{"rendered":"<p>SKF Py\u00f6r\u00e4nlaakeri VKBA 5412  MERCEDES-BENZ,ATEGO,ATEGO 2,INTEGRO (O 550),INTOURO<\/p>\n","protected":false},"featured_media":0,"template":"","meta":{"site-sidebar-layout":"default","site-content-layout":"default","ast-global-header-display":"","ast-main-header-display":"","ast-hfb-above-header-display":"","ast-hfb-below-header-display":"","ast-hfb-mobile-header-display":"","site-post-title":"","ast-breadcrumbs-content":"","ast-featured-img":"","footer-sml-layout":"","theme-transparent-header-meta":"","adv-header-id-meta":"","stick-header-meta":"","header-above-stick-meta":"","header-main-stick-meta":"","header-below-stick-meta":""},"pwb-brand":[237],"product_cat":[83],"product_tag":[],"class_list":{"0":"post-77311","1":"product","2":"type-product","3":"status-publish","5":"pwb-brand-skf","6":"product_cat-pyoranlaakerit","7":"desktop-align-left","8":"tablet-align-left","9":"mobile-align-left","11":"first","12":"instock","13":"product-type-external"},"brands":[{"id":237,"name":"SKF","slug":"skf"}],"_links":{"self":[{"href":"https:\/\/www.autonvaraosahaku.fi\/index.php?rest_route=\/wp\/v2\/product\/77311","targetHints":{"allow":["GET"]}}],"collection":[{"href":"https:\/\/www.autonvaraosahaku.fi\/index.php?rest_route=\/wp\/v2\/product"}],"about":[{"href":"https:\/\/www.autonvaraosahaku.fi\/index.php?rest_route=\/wp\/v2\/types\/product"}],"wp:attachment":[{"href":"https:\/\/www.autonvaraosahaku.fi\/index.php?rest_route=%2Fwp%2Fv2%2Fmedia&parent=77311"}],"wp:term":[{"taxonomy":"pwb-brand","embeddable":true,"href":"https:\/\/www.autonvaraosahaku.fi\/index.php?rest_route=%2Fwp%2Fv2%2Fpwb-brand&post=77311"},{"taxonomy":"product_cat","embeddable":true,"href":"https:\/\/www.autonvaraosahaku.fi\/index.php?rest_route=%2Fwp%2Fv2%2Fproduct_cat&post=77311"},{"taxonomy":"product_tag","embeddable":true,"href":"https:\/\/www.autonvaraosahaku.fi\/index.php?rest_route=%2Fwp%2Fv2%2Fproduct_tag&post=77311"}],"curies":[{"name":"wp","href":"https:\/\/api.w.org\/{rel}","templated":true}]}}